{"id":10914,"date":"2020-08-26T12:35:49","date_gmt":"2020-08-26T12:35:49","guid":{"rendered":"http:\/\/tajamarble.com\/?page_id=10914"},"modified":"2025-12-25T13:41:13","modified_gmt":"2025-12-25T13:41:13","slug":"beige-and-colored-collection","status":"publish","type":"page","link":"https:\/\/tajamarble.com\/tr\/bej-ve-renkli-mermer\/","title":{"rendered":"Beige and Colored Collection"},"content":{"rendered":"<div class=\"wpb-content-wrapper\"><p>[vc_row full_width=&#8221;stretch_row_content_no_spaces&#8221; general_row_align=&#8221;rigid-align-center&#8221; fixed_background=&#8221;yes&#8221; css=&#8221;.vc_custom_1730381105544{background-image: url(https:\/\/tajamarble.com\/wp-content\/uploads\/2024\/10\/Cream-Natural-Stone.jpg?id=21072) !important;}&#8221;][vc_column][vc_empty_space height=&#8221;100px&#8221;][vc_column_text]<\/p>\n<blockquote>\n<h1 style=\"text-align: center;\"><b>BEIGE MARBLE COLLECTION<\/b><\/h1>\n<p style=\"text-align: center;\">With all these features, we, as Taja Marble, are proud to serve as an authorized, expert and experienced supplier in the field of <strong>Turkish Marble<\/strong>.<\/p>\n<\/blockquote>\n<p>[\/vc_column_text][vc_empty_space height=&#8221;50px&#8221;][\/vc_column][\/vc_row][vc_row][vc_column width=&#8221;1\/3&#8243;][vc_empty_space][vc_text_separator title=&#8221;Crema Nouva&#8221; color=&#8221;chino&#8221;]\t\t<div class=\"wpb_rigid_banner wpb_content_element banner-bottom-center  \">\n\t\t\t<div class=\"wpb_wrapper\">\n\t\t\t\t<div class=\"rigid_whole_banner_wrapper\">\n\t\t\t\t\t<a href=\"https:\/\/tajamarble.com\/crema-nouva-beige-marble\/\" target=\"_self\" >\n\t\t\t\t\t\t\t\t\t\t\t\t\t<div class=\"rigid_banner_image\">\n\t\t\t\t\t\t\t\t<img decoding=\"async\" class=\"rigid_banner_bg\" src=\"https:\/\/tajamarble.com\/wp-content\/uploads\/2020\/08\/Crema-Nouva-Beige-Marble-4.jpg\" alt=\"banner\" \/>\n\t\t\t\t\t\t\t<\/div>\n\t\t\t\t\t\t\t\t\t\t\t\t<div class=\"rigid_banner_text\">\n\t\t\t\t\t\t\t<div class=\"rigid_banner_centering\">\n\t\t\t\t\t\t\t\t<div class=\"rigid_banner_centered\">\n\t\t\t\t\t\t\t\t\t\t\t\t\t\t\t\t\t\t\t\t\t\t\t\t\t\t\t\t\t\t\t\t\t\t\t\t\t\t\t\t\t\t\t\t\t\t<span class=\"rigid_banner_buton\">Discover Crema Nouva<\/span>\n\t\t\t\t\t\t\t\t\t\t\t\t\t\t\t\t\t<\/div>\n\t\t\t\t\t\t\t<\/div>\n\t\t\t\t\t\t<\/div>\n\t\t\t\t\t<\/a>\n\t\t\t\t<\/div>\n\t\t\t<\/div>\n\t\t<\/div>\n\t\t[vc_separator][vc_text_separator title=&#8221;Myra Beige&#8221; color=&#8221;chino&#8221;]\t\t<div class=\"wpb_rigid_banner wpb_content_element banner-bottom-center  \">\n\t\t\t<div class=\"wpb_wrapper\">\n\t\t\t\t<div class=\"rigid_whole_banner_wrapper\">\n\t\t\t\t\t<a href=\"https:\/\/tajamarble.com\/myra-beige-marble\/\" target=\"_self\" >\n\t\t\t\t\t\t\t\t\t\t\t\t\t<div class=\"rigid_banner_image\">\n\t\t\t\t\t\t\t\t<img decoding=\"async\" class=\"rigid_banner_bg\" src=\"https:\/\/tajamarble.com\/wp-content\/uploads\/2020\/08\/Myra-Beige-Marble-AA.jpg\" alt=\"banner\" \/>\n\t\t\t\t\t\t\t<\/div>\n\t\t\t\t\t\t\t\t\t\t\t\t<div class=\"rigid_banner_text\">\n\t\t\t\t\t\t\t<div class=\"rigid_banner_centering\">\n\t\t\t\t\t\t\t\t<div class=\"rigid_banner_centered\">\n\t\t\t\t\t\t\t\t\t\t\t\t\t\t\t\t\t\t\t\t\t\t\t\t\t\t\t\t\t\t\t\t\t\t\t\t\t\t\t\t\t\t\t\t\t\t<span class=\"rigid_banner_buton\">Discover Myra<\/span>\n\t\t\t\t\t\t\t\t\t\t\t\t\t\t\t\t\t<\/div>\n\t\t\t\t\t\t\t<\/div>\n\t\t\t\t\t\t<\/div>\n\t\t\t\t\t<\/a>\n\t\t\t\t<\/div>\n\t\t\t<\/div>\n\t\t<\/div>\n\t\t[vc_separator][vc_text_separator title=&#8221;Emperador Patara&#8221; color=&#8221;chino&#8221;]\t\t<div class=\"wpb_rigid_banner wpb_content_element banner-bottom-center  \">\n\t\t\t<div class=\"wpb_wrapper\">\n\t\t\t\t<div class=\"rigid_whole_banner_wrapper\">\n\t\t\t\t\t<a href=\"https:\/\/tajamarble.com\/emperador-patara-marble\/\" target=\"_self\" >\n\t\t\t\t\t\t\t\t\t\t\t\t\t<div class=\"rigid_banner_image\">\n\t\t\t\t\t\t\t\t<img decoding=\"async\" class=\"rigid_banner_bg\" src=\"https:\/\/tajamarble.com\/wp-content\/uploads\/2020\/12\/Patara-Emperador-Marble.jpg\" alt=\"banner\" \/>\n\t\t\t\t\t\t\t<\/div>\n\t\t\t\t\t\t\t\t\t\t\t\t<div class=\"rigid_banner_text\">\n\t\t\t\t\t\t\t<div class=\"rigid_banner_centering\">\n\t\t\t\t\t\t\t\t<div class=\"rigid_banner_centered\">\n\t\t\t\t\t\t\t\t\t\t\t\t\t\t\t\t\t\t\t\t\t\t\t\t\t\t\t\t\t\t\t\t\t\t\t\t\t\t\t\t\t\t\t\t\t\t<span class=\"rigid_banner_buton\">Discover Patara<\/span>\n\t\t\t\t\t\t\t\t\t\t\t\t\t\t\t\t\t<\/div>\n\t\t\t\t\t\t\t<\/div>\n\t\t\t\t\t\t<\/div>\n\t\t\t\t\t<\/a>\n\t\t\t\t<\/div>\n\t\t\t<\/div>\n\t\t<\/div>\n\t\t[vc_separator][vc_text_separator title=&#8221;Jurassic Onyx&#8221; color=&#8221;chino&#8221;]\t\t<div class=\"wpb_rigid_banner wpb_content_element banner-bottom-center  \">\n\t\t\t<div class=\"wpb_wrapper\">\n\t\t\t\t<div class=\"rigid_whole_banner_wrapper\">\n\t\t\t\t\t<a href=\"https:\/\/tajamarble.com\/jurassic-onyx\/\" target=\"_self\" >\n\t\t\t\t\t\t\t\t\t\t\t\t\t<div class=\"rigid_banner_image\">\n\t\t\t\t\t\t\t\t<img decoding=\"async\" class=\"rigid_banner_bg\" src=\"https:\/\/tajamarble.com\/wp-content\/uploads\/2024\/10\/jusa.jpg\" alt=\"banner\" \/>\n\t\t\t\t\t\t\t<\/div>\n\t\t\t\t\t\t\t\t\t\t\t\t<div class=\"rigid_banner_text\">\n\t\t\t\t\t\t\t<div class=\"rigid_banner_centering\">\n\t\t\t\t\t\t\t\t<div class=\"rigid_banner_centered\">\n\t\t\t\t\t\t\t\t\t\t\t\t\t\t\t\t\t\t\t\t\t\t\t\t\t\t\t\t\t\t\t\t\t\t\t\t\t\t\t\t\t\t\t\t\t\t<span class=\"rigid_banner_buton\">Discover Jurassic<\/span>\n\t\t\t\t\t\t\t\t\t\t\t\t\t\t\t\t\t<\/div>\n\t\t\t\t\t\t\t<\/div>\n\t\t\t\t\t\t<\/div>\n\t\t\t\t\t<\/a>\n\t\t\t\t<\/div>\n\t\t\t<\/div>\n\t\t<\/div>\n\t\t[vc_separator][vc_text_separator title=&#8221;Sofita Beige&#8221; color=&#8221;chino&#8221;]\t\t<div class=\"wpb_rigid_banner wpb_content_element banner-bottom-center  \">\n\t\t\t<div class=\"wpb_wrapper\">\n\t\t\t\t<div class=\"rigid_whole_banner_wrapper\">\n\t\t\t\t\t<a href=\"https:\/\/tajamarble.com\/sofita-beige-marble-4\/\" target=\"_self\" >\n\t\t\t\t\t\t\t\t\t\t\t\t\t<div class=\"rigid_banner_image\">\n\t\t\t\t\t\t\t\t<img decoding=\"async\" class=\"rigid_banner_bg\" src=\"https:\/\/tajamarble.com\/wp-content\/uploads\/2025\/05\/6x6Sofita-Beige-Marble.jpg\" alt=\"banner\" \/>\n\t\t\t\t\t\t\t<\/div>\n\t\t\t\t\t\t\t\t\t\t\t\t<div class=\"rigid_banner_text\">\n\t\t\t\t\t\t\t<div class=\"rigid_banner_centering\">\n\t\t\t\t\t\t\t\t<div class=\"rigid_banner_centered\">\n\t\t\t\t\t\t\t\t\t\t\t\t\t\t\t\t\t\t\t\t\t\t\t\t\t\t\t\t\t\t\t\t\t\t\t\t\t\t\t\t\t\t\t\t\t\t<span class=\"rigid_banner_buton\">Discover Sofita<\/span>\n\t\t\t\t\t\t\t\t\t\t\t\t\t\t\t\t\t<\/div>\n\t\t\t\t\t\t\t<\/div>\n\t\t\t\t\t\t<\/div>\n\t\t\t\t\t<\/a>\n\t\t\t\t<\/div>\n\t\t\t<\/div>\n\t\t<\/div>\n\t\t[vc_separator][\/vc_column][vc_column width=&#8221;1\/3&#8243;][vc_empty_space][vc_text_separator title=&#8221;Burdur Beige&#8221; color=&#8221;chino&#8221;]\t\t<div class=\"wpb_rigid_banner wpb_content_element banner-bottom-center  \">\n\t\t\t<div class=\"wpb_wrapper\">\n\t\t\t\t<div class=\"rigid_whole_banner_wrapper\">\n\t\t\t\t\t<a href=\"https:\/\/tajamarble.com\/burdur-beige-marble\/\" target=\"_self\" >\n\t\t\t\t\t\t\t\t\t\t\t\t\t<div class=\"rigid_banner_image\">\n\t\t\t\t\t\t\t\t<img decoding=\"async\" class=\"rigid_banner_bg\" src=\"https:\/\/tajamarble.com\/wp-content\/uploads\/2020\/08\/Burdur-Beige-Marble-AAA.jpg\" alt=\"banner\" \/>\n\t\t\t\t\t\t\t<\/div>\n\t\t\t\t\t\t\t\t\t\t\t\t<div class=\"rigid_banner_text\">\n\t\t\t\t\t\t\t<div class=\"rigid_banner_centering\">\n\t\t\t\t\t\t\t\t<div class=\"rigid_banner_centered\">\n\t\t\t\t\t\t\t\t\t\t\t\t\t\t\t\t\t\t\t\t\t\t\t\t\t\t\t\t\t\t\t\t\t\t\t\t\t\t\t\t\t\t\t\t\t\t<span class=\"rigid_banner_buton\">Discover Burdur<\/span>\n\t\t\t\t\t\t\t\t\t\t\t\t\t\t\t\t\t<\/div>\n\t\t\t\t\t\t\t<\/div>\n\t\t\t\t\t\t<\/div>\n\t\t\t\t\t<\/a>\n\t\t\t\t<\/div>\n\t\t\t<\/div>\n\t\t<\/div>\n\t\t[vc_separator][vc_text_separator title=&#8221;Vanilla Ice&#8221; color=&#8221;chino&#8221;]\t\t<div class=\"wpb_rigid_banner wpb_content_element banner-bottom-center  \">\n\t\t\t<div class=\"wpb_wrapper\">\n\t\t\t\t<div class=\"rigid_whole_banner_wrapper\">\n\t\t\t\t\t<a href=\"https:\/\/tajamarble.com\/vanilla-ice-beige-marble\/\" target=\"_self\" >\n\t\t\t\t\t\t\t\t\t\t\t\t\t<div class=\"rigid_banner_image\">\n\t\t\t\t\t\t\t\t<img decoding=\"async\" class=\"rigid_banner_bg\" src=\"https:\/\/tajamarble.com\/wp-content\/uploads\/2020\/08\/Vanilla-Ice-Marble.jpg\" alt=\"banner\" \/>\n\t\t\t\t\t\t\t<\/div>\n\t\t\t\t\t\t\t\t\t\t\t\t<div class=\"rigid_banner_text\">\n\t\t\t\t\t\t\t<div class=\"rigid_banner_centering\">\n\t\t\t\t\t\t\t\t<div class=\"rigid_banner_centered\">\n\t\t\t\t\t\t\t\t\t\t\t\t\t\t\t\t\t\t\t\t\t\t\t\t\t\t\t\t\t\t\t\t\t\t\t\t\t\t\t\t\t\t\t\t\t\t<span class=\"rigid_banner_buton\">Discover Vanilla Ice<\/span>\n\t\t\t\t\t\t\t\t\t\t\t\t\t\t\t\t\t<\/div>\n\t\t\t\t\t\t\t<\/div>\n\t\t\t\t\t\t<\/div>\n\t\t\t\t\t<\/a>\n\t\t\t\t<\/div>\n\t\t\t<\/div>\n\t\t<\/div>\n\t\t[vc_separator][vc_text_separator title=&#8221;Bursa Beige&#8221; color=&#8221;chino&#8221;]\t\t<div class=\"wpb_rigid_banner wpb_content_element banner-bottom-center  \">\n\t\t\t<div class=\"wpb_wrapper\">\n\t\t\t\t<div class=\"rigid_whole_banner_wrapper\">\n\t\t\t\t\t<a href=\"https:\/\/tajamarble.com\/bursa-beige-marble\/\" target=\"_self\" >\n\t\t\t\t\t\t\t\t\t\t\t\t\t<div class=\"rigid_banner_image\">\n\t\t\t\t\t\t\t\t<img decoding=\"async\" class=\"rigid_banner_bg\" src=\"https:\/\/tajamarble.com\/wp-content\/uploads\/2020\/12\/Bursa-Beige-Marble.jpg\" alt=\"banner\" \/>\n\t\t\t\t\t\t\t<\/div>\n\t\t\t\t\t\t\t\t\t\t\t\t<div class=\"rigid_banner_text\">\n\t\t\t\t\t\t\t<div class=\"rigid_banner_centering\">\n\t\t\t\t\t\t\t\t<div class=\"rigid_banner_centered\">\n\t\t\t\t\t\t\t\t\t\t\t\t\t\t\t\t\t\t\t\t\t\t\t\t\t\t\t\t\t\t\t\t\t\t\t\t\t\t\t\t\t\t\t\t\t\t<span class=\"rigid_banner_buton\">Discover Bursa<\/span>\n\t\t\t\t\t\t\t\t\t\t\t\t\t\t\t\t\t<\/div>\n\t\t\t\t\t\t\t<\/div>\n\t\t\t\t\t\t<\/div>\n\t\t\t\t\t<\/a>\n\t\t\t\t<\/div>\n\t\t\t<\/div>\n\t\t<\/div>\n\t\t[vc_separator][vc_text_separator title=&#8221;Light Emperador&#8221; color=&#8221;chino&#8221;]\t\t<div class=\"wpb_rigid_banner wpb_content_element banner-bottom-center  \">\n\t\t\t<div class=\"wpb_wrapper\">\n\t\t\t\t<div class=\"rigid_whole_banner_wrapper\">\n\t\t\t\t\t<a href=\"https:\/\/tajamarble.com\/light-emperador-marble\/\" target=\"_self\" >\n\t\t\t\t\t\t\t\t\t\t\t\t\t<div class=\"rigid_banner_image\">\n\t\t\t\t\t\t\t\t<img decoding=\"async\" class=\"rigid_banner_bg\" src=\"https:\/\/tajamarble.com\/wp-content\/uploads\/2020\/08\/Light-Emperador-Marble.jpg\" alt=\"banner\" \/>\n\t\t\t\t\t\t\t<\/div>\n\t\t\t\t\t\t\t\t\t\t\t\t<div class=\"rigid_banner_text\">\n\t\t\t\t\t\t\t<div class=\"rigid_banner_centering\">\n\t\t\t\t\t\t\t\t<div class=\"rigid_banner_centered\">\n\t\t\t\t\t\t\t\t\t\t\t\t\t\t\t\t\t\t\t\t\t\t\t\t\t\t\t\t\t\t\t\t\t\t\t\t\t\t\t\t\t\t\t\t\t\t<span class=\"rigid_banner_buton\">Discover Emperador<\/span>\n\t\t\t\t\t\t\t\t\t\t\t\t\t\t\t\t\t<\/div>\n\t\t\t\t\t\t\t<\/div>\n\t\t\t\t\t\t<\/div>\n\t\t\t\t\t<\/a>\n\t\t\t\t<\/div>\n\t\t\t<\/div>\n\t\t<\/div>\n\t\t[vc_separator][\/vc_column][vc_column width=&#8221;1\/3&#8243;][vc_empty_space][vc_text_separator title=&#8221;Vanilla Beige&#8221; color=&#8221;chino&#8221;]\t\t<div class=\"wpb_rigid_banner wpb_content_element banner-bottom-center  \">\n\t\t\t<div class=\"wpb_wrapper\">\n\t\t\t\t<div class=\"rigid_whole_banner_wrapper\">\n\t\t\t\t\t<a href=\"https:\/\/tajamarble.com\/vanilla-beige-marble\/\" target=\"_self\" >\n\t\t\t\t\t\t\t\t\t\t\t\t\t<div class=\"rigid_banner_image\">\n\t\t\t\t\t\t\t\t<img decoding=\"async\" class=\"rigid_banner_bg\" src=\"https:\/\/tajamarble.com\/wp-content\/uploads\/2020\/08\/Vanilla-Beige-Marble.jpg\" alt=\"banner\" \/>\n\t\t\t\t\t\t\t<\/div>\n\t\t\t\t\t\t\t\t\t\t\t\t<div class=\"rigid_banner_text\">\n\t\t\t\t\t\t\t<div class=\"rigid_banner_centering\">\n\t\t\t\t\t\t\t\t<div class=\"rigid_banner_centered\">\n\t\t\t\t\t\t\t\t\t\t\t\t\t\t\t\t\t\t\t\t\t\t\t\t\t\t\t\t\t\t\t\t\t\t\t\t\t\t\t\t\t\t\t\t\t\t<span class=\"rigid_banner_buton\">Discover Vanilla<\/span>\n\t\t\t\t\t\t\t\t\t\t\t\t\t\t\t\t\t<\/div>\n\t\t\t\t\t\t\t<\/div>\n\t\t\t\t\t\t<\/div>\n\t\t\t\t\t<\/a>\n\t\t\t\t<\/div>\n\t\t\t<\/div>\n\t\t<\/div>\n\t\t[vc_separator][vc_text_separator title=&#8221;Moon Cream&#8221; color=&#8221;chino&#8221;]\t\t<div class=\"wpb_rigid_banner wpb_content_element banner-bottom-center  \">\n\t\t\t<div class=\"wpb_wrapper\">\n\t\t\t\t<div class=\"rigid_whole_banner_wrapper\">\n\t\t\t\t\t<a href=\"https:\/\/tajamarble.com\/moon-cream-beige\/\" target=\"_self\" >\n\t\t\t\t\t\t\t\t\t\t\t\t\t<div class=\"rigid_banner_image\">\n\t\t\t\t\t\t\t\t<img decoding=\"async\" class=\"rigid_banner_bg\" src=\"https:\/\/tajamarble.com\/wp-content\/uploads\/2020\/12\/Moon-Cream-Beige-Marble.jpg\" alt=\"banner\" \/>\n\t\t\t\t\t\t\t<\/div>\n\t\t\t\t\t\t\t\t\t\t\t\t<div class=\"rigid_banner_text\">\n\t\t\t\t\t\t\t<div class=\"rigid_banner_centering\">\n\t\t\t\t\t\t\t\t<div class=\"rigid_banner_centered\">\n\t\t\t\t\t\t\t\t\t\t\t\t\t\t\t\t\t\t\t\t\t\t\t\t\t\t\t\t\t\t\t\t\t\t\t\t\t\t\t\t\t\t\t\t\t\t<span class=\"rigid_banner_buton\">Discover Moon<\/span>\n\t\t\t\t\t\t\t\t\t\t\t\t\t\t\t\t\t<\/div>\n\t\t\t\t\t\t\t<\/div>\n\t\t\t\t\t\t<\/div>\n\t\t\t\t\t<\/a>\n\t\t\t\t<\/div>\n\t\t\t<\/div>\n\t\t<\/div>\n\t\t[vc_separator][vc_text_separator title=&#8221;Light Travertine&#8221; color=&#8221;chino&#8221;]\t\t<div class=\"wpb_rigid_banner wpb_content_element banner-bottom-center  \">\n\t\t\t<div class=\"wpb_wrapper\">\n\t\t\t\t<div class=\"rigid_whole_banner_wrapper\">\n\t\t\t\t\t<a href=\"https:\/\/tajamarble.com\/light-travertine-cross-cut\/\" target=\"_self\" >\n\t\t\t\t\t\t\t\t\t\t\t\t\t<div class=\"rigid_banner_image\">\n\t\t\t\t\t\t\t\t<img decoding=\"async\" class=\"rigid_banner_bg\" src=\"https:\/\/tajamarble.com\/wp-content\/uploads\/2020\/08\/Light-Travertine-Cross-Cut-A.jpg\" alt=\"banner\" \/>\n\t\t\t\t\t\t\t<\/div>\n\t\t\t\t\t\t\t\t\t\t\t\t<div class=\"rigid_banner_text\">\n\t\t\t\t\t\t\t<div class=\"rigid_banner_centering\">\n\t\t\t\t\t\t\t\t<div class=\"rigid_banner_centered\">\n\t\t\t\t\t\t\t\t\t\t\t\t\t\t\t\t\t\t\t\t\t\t\t\t\t\t\t\t\t\t\t\t\t\t\t\t\t\t\t\t\t\t\t\t\t\t<span class=\"rigid_banner_buton\">Discover Cream<\/span>\n\t\t\t\t\t\t\t\t\t\t\t\t\t\t\t\t\t<\/div>\n\t\t\t\t\t\t\t<\/div>\n\t\t\t\t\t\t<\/div>\n\t\t\t\t\t<\/a>\n\t\t\t\t<\/div>\n\t\t\t<\/div>\n\t\t<\/div>\n\t\t[vc_separator][vc_text_separator title=&#8221;Spider Beige&#8221; color=&#8221;chino&#8221;]\t\t<div class=\"wpb_rigid_banner wpb_content_element banner-bottom-center  \">\n\t\t\t<div class=\"wpb_wrapper\">\n\t\t\t\t<div class=\"rigid_whole_banner_wrapper\">\n\t\t\t\t\t<a href=\"https:\/\/tajamarble.com\/spider-beige-marble\/\" target=\"_self\" >\n\t\t\t\t\t\t\t\t\t\t\t\t\t<div class=\"rigid_banner_image\">\n\t\t\t\t\t\t\t\t<img decoding=\"async\" class=\"rigid_banner_bg\" src=\"https:\/\/tajamarble.com\/wp-content\/uploads\/2025\/05\/6x6-Spider-Beige.jpg\" alt=\"banner\" \/>\n\t\t\t\t\t\t\t<\/div>\n\t\t\t\t\t\t\t\t\t\t\t\t<div class=\"rigid_banner_text\">\n\t\t\t\t\t\t\t<div class=\"rigid_banner_centering\">\n\t\t\t\t\t\t\t\t<div class=\"rigid_banner_centered\">\n\t\t\t\t\t\t\t\t\t\t\t\t\t\t\t\t\t\t\t\t\t\t\t\t\t\t\t\t\t\t\t\t\t\t\t\t\t\t\t\t\t\t\t\t\t\t<span class=\"rigid_banner_buton\">Discover Spider<\/span>\n\t\t\t\t\t\t\t\t\t\t\t\t\t\t\t\t\t<\/div>\n\t\t\t\t\t\t\t<\/div>\n\t\t\t\t\t\t<\/div>\n\t\t\t\t\t<\/a>\n\t\t\t\t<\/div>\n\t\t\t<\/div>\n\t\t<\/div>\n\t\t[vc_separator][\/vc_column][\/vc_row][vc_row][vc_column][vc_empty_space][\/vc_column][\/vc_row][vc_row full_width=&#8221;stretch_row_content_no_spaces&#8221; css=&#8221;.vc_custom_1663160738113{background-image: url(https:\/\/tajamarble.com\/wp-content\/uploads\/2022\/08\/1-2.png?id=15393) !important;}&#8221;][vc_column][vc_empty_space][\/vc_column][\/vc_row]<\/p>\n<\/div>","protected":false},"excerpt":{"rendered":"<p>[vc_row full_width=&#8221;stretch_row_content_no_spaces&#8221; general_row_align=&#8221;rigid-align-center&#8221; fixed_background=&#8221;yes&#8221; css=&#8221;.vc_custom_1730381105544{background-image: url(https:\/\/tajamarble.com\/wp-content\/uploads\/2024\/10\/Cream-Natural-Stone.jpg?id=21072) !important;}&#8221;][vc_column][vc_empty_space height=&#8221;100px&#8221;][vc_column_text] BEIGE MARBLE COLLECTION With all these features, we, as Taja Marble, are proud to serve as an authorized, expert and experienced supplier in the field of Turkish Marble. [\/vc_column_text][vc_empty_space height=&#8221;50px&#8221;][\/vc_column][\/vc_row][vc_row][vc_column width=&#8221;1\/3&#8243;][vc_empty_space][vc_text_separator title=&#8221;Crema Nouva&#8221; color=&#8221;chino&#8221;][vc_separator][vc_text_separator title=&#8221;Myra Beige&#8221; color=&#8221;chino&#8221;][vc_separator][vc_text_separator title=&#8221;Emperador Patara&#8221; color=&#8221;chino&#8221;][vc_separator][vc_text_separator title=&#8221;Jurassic Onyx&#8221; color=&#8221;chino&#8221;][vc_separator][vc_text_separator title=&#8221;Sofita Beige&#8221; color=&#8221;chino&#8221;][vc_separator][\/vc_column][vc_column width=&#8221;1\/3&#8243;][vc_empty_space][vc_text_separator title=&#8221;Burdur Beige&#8221; color=&#8221;chino&#8221;][vc_separator][vc_text_separator title=&#8221;Vanilla Ice&#8221; color=&#8221;chino&#8221;][vc_separator][vc_text_separator title=&#8221;Bursa Beige&#8221; color=&#8221;chino&#8221;][vc_separator][vc_text_separator title=&#8221;Light Emperador&#8221; color=&#8221;chino&#8221;][vc_separator][\/vc_column][vc_column width=&#8221;1\/3&#8243;][vc_empty_space][vc_text_separator title=&#8221;Vanilla Beige&#8221; color=&#8221;chino&#8221;][vc_separator][vc_text_separator title=&#8221;Moon Cream&#8221; color=&#8221;chino&#8221;][vc_separator][vc_text_separator title=&#8221;Light Travertine&#8221; color=&#8221;chino&#8221;][vc_separator][vc_text_separator title=&#8221;Spider Beige&#8221; color=&#8221;chino&#8221;][vc_separator][\/vc_column][\/vc_row][vc_row][vc_column][vc_empty_space][\/vc_column][\/vc_row][vc_row full_width=&#8221;stretch_row_content_no_spaces&#8221; css=&#8221;.vc_custom_1663160738113{background-image: url(https:\/\/tajamarble.com\/wp-content\/uploads\/2022\/08\/1-2.png?id=15393) !important;}&#8221;][vc_column][vc_empty_space][\/vc_column][\/vc_row]<\/p>\n","protected":false},"author":2,"featured_media":0,"parent":0,"menu_order":0,"comment_status":"closed","ping_status":"closed","template":"","meta":{"_sitemap_exclude":false,"_sitemap_priority":"","_sitemap_frequency":"","footnotes":""},"class_list":["post-10914","page","type-page","status-publish","hentry"],"translation":{"provider":"WPGlobus","version":"3.0.2","language":"tr","enabled_languages":["en","tr"],"languages":{"en":{"title":true,"content":true,"excerpt":false},"tr":{"title":false,"content":false,"excerpt":false}}},"yoast_head":"<!-- This site is optimized with the Yoast SEO plugin v27.3 - https:\/\/yoast.com\/product\/yoast-seo-wordpress\/ -->\n<title>Beige and Colored Collection | Taja Marble by Kemaloglu - Turkish Natural Stone Supplier<\/title>\n<meta name=\"description\" content=\"Taja Mermer&#039;in T\u00fcrk ve D\u00fcnya \u00c7ap\u0131nda Sizlere Sunmu\u015f Oldugu Bej ve Renkli Mermer Koleksiyonu. Mermer \u0130le \u0130lgili T\u00fcm \u00dcr\u00fcnler \u0130\u00e7in T\u0131klay\u0131n\u0131z.\" \/>\n<meta name=\"robots\" content=\"index, follow, max-snippet:-1, max-image-preview:large, max-video-preview:-1\" \/>\n<link rel=\"canonical\" href=\"https:\/\/tajamarble.com\/beige-and-colored-collection\/\" \/>\n<meta property=\"og:locale\" content=\"tr_TR\" \/>\n<meta property=\"og:type\" content=\"article\" \/>\n<meta property=\"og:title\" content=\"Beige and Colored Collection | Taja Marble by Kemaloglu - Turkish Natural Stone Supplier\" \/>\n<meta property=\"og:description\" content=\"Taja Mermer&#039;in T\u00fcrk ve D\u00fcnya \u00c7ap\u0131nda Sizlere Sunmu\u015f Oldugu Bej ve Renkli Mermer Koleksiyonu. Mermer \u0130le \u0130lgili T\u00fcm \u00dcr\u00fcnler \u0130\u00e7in T\u0131klay\u0131n\u0131z.\" \/>\n<meta property=\"og:url\" content=\"https:\/\/tajamarble.com\/beige-and-colored-collection\/\" \/>\n<meta property=\"og:site_name\" content=\"Taja Marble by Kemaloglu - Turkish Natural Stone Supplier\" \/>\n<meta property=\"article:modified_time\" content=\"2025-12-25T13:41:13+00:00\" \/>\n<meta name=\"twitter:card\" content=\"summary_large_image\" \/>\n<meta name=\"twitter:label1\" content=\"Tahmini okuma s\u00fcresi\" \/>\n\t<meta name=\"twitter:data1\" content=\"1 dakika\" \/>\n<script type=\"application\/ld+json\" class=\"yoast-schema-graph\">{\"@context\":\"https:\\\/\\\/schema.org\",\"@graph\":[{\"@type\":\"WebPage\",\"@id\":\"https:\\\/\\\/tajamarble.com\\\/beige-and-colored-collection\\\/\",\"url\":\"https:\\\/\\\/tajamarble.com\\\/beige-and-colored-collection\\\/\",\"name\":\"Beige and Colored Collection | Taja Marble by Kemaloglu - Turkish Natural Stone Supplier\",\"isPartOf\":{\"@id\":\"https:\\\/\\\/tajamarble.com\\\/#website\"},\"datePublished\":\"2020-08-26T12:35:49+00:00\",\"dateModified\":\"2025-12-25T13:41:13+00:00\",\"description\":\"If you are looking Beige and Colored Marble for your project , please check our Beige nad Colored Marble Collection. Turkish Marble Producer\",\"breadcrumb\":{\"@id\":\"https:\\\/\\\/tajamarble.com\\\/beige-and-colored-collection\\\/#breadcrumb\"},\"inLanguage\":\"tr\",\"potentialAction\":[{\"@type\":\"ReadAction\",\"target\":[\"https:\\\/\\\/tajamarble.com\\\/beige-and-colored-collection\\\/\"]}]},{\"@type\":\"BreadcrumbList\",\"@id\":\"https:\\\/\\\/tajamarble.com\\\/beige-and-colored-collection\\\/#breadcrumb\",\"itemListElement\":[{\"@type\":\"ListItem\",\"position\":1,\"name\":\"Ana sayfa\",\"item\":\"https:\\\/\\\/tajamarble.com\\\/\"},{\"@type\":\"ListItem\",\"position\":2,\"name\":\"Beige and Colored Collection\"}]},{\"@type\":\"WebSite\",\"@id\":\"https:\\\/\\\/tajamarble.com\\\/#website\",\"url\":\"https:\\\/\\\/tajamarble.com\\\/\",\"name\":\"Taja Marble by Kemaloglu\",\"description\":\"Turkish Natural Stone Supplier\",\"publisher\":{\"@id\":\"https:\\\/\\\/tajamarble.com\\\/#organization\"},\"potentialAction\":[{\"@type\":\"SearchAction\",\"target\":{\"@type\":\"EntryPoint\",\"urlTemplate\":\"https:\\\/\\\/tajamarble.com\\\/?s={search_term_string}\"},\"query-input\":{\"@type\":\"PropertyValueSpecification\",\"valueRequired\":true,\"valueName\":\"search_term_string\"}}],\"inLanguage\":\"tr\"},{\"@type\":\"Organization\",\"@id\":\"https:\\\/\\\/tajamarble.com\\\/#organization\",\"name\":\"TAJA MARBLE\",\"url\":\"https:\\\/\\\/tajamarble.com\\\/\",\"logo\":{\"@type\":\"ImageObject\",\"inLanguage\":\"tr\",\"@id\":\"https:\\\/\\\/tajamarble.com\\\/#\\\/schema\\\/logo\\\/image\\\/\",\"url\":\"https:\\\/\\\/i0.wp.com\\\/tajamarble.com\\\/wp-content\\\/uploads\\\/2018\\\/09\\\/yeni-logo.png?fit=546%2C365&ssl=1\",\"contentUrl\":\"https:\\\/\\\/i0.wp.com\\\/tajamarble.com\\\/wp-content\\\/uploads\\\/2018\\\/09\\\/yeni-logo.png?fit=546%2C365&ssl=1\",\"width\":546,\"height\":365,\"caption\":\"TAJA MARBLE\"},\"image\":{\"@id\":\"https:\\\/\\\/tajamarble.com\\\/#\\\/schema\\\/logo\\\/image\\\/\"}}]}<\/script>\n<!-- \/ Yoast SEO plugin. -->","yoast_head_json":{"title":"Beige and Colored Collection | Taja Marble by Kemaloglu - Turkish Natural Stone Supplier","description":"Taja Mermer'in T\u00fcrk ve D\u00fcnya \u00c7ap\u0131nda Sizlere Sunmu\u015f Oldugu Bej ve Renkli Mermer Koleksiyonu. Mermer \u0130le \u0130lgili T\u00fcm \u00dcr\u00fcnler \u0130\u00e7in T\u0131klay\u0131n\u0131z.","robots":{"index":"index","follow":"follow","max-snippet":"max-snippet:-1","max-image-preview":"max-image-preview:large","max-video-preview":"max-video-preview:-1"},"canonical":"https:\/\/tajamarble.com\/beige-and-colored-collection\/","og_locale":"tr_TR","og_type":"article","og_title":"Beige and Colored Collection | Taja Marble by Kemaloglu - Turkish Natural Stone Supplier","og_description":"Taja Mermer'in T\u00fcrk ve D\u00fcnya \u00c7ap\u0131nda Sizlere Sunmu\u015f Oldugu Bej ve Renkli Mermer Koleksiyonu. Mermer \u0130le \u0130lgili T\u00fcm \u00dcr\u00fcnler \u0130\u00e7in T\u0131klay\u0131n\u0131z.","og_url":"https:\/\/tajamarble.com\/beige-and-colored-collection\/","og_site_name":"Taja Marble by Kemaloglu - Turkish Natural Stone Supplier","article_modified_time":"2025-12-25T13:41:13+00:00","twitter_card":"summary_large_image","twitter_misc":{"Tahmini okuma s\u00fcresi":"1 dakika"},"schema":{"@context":"https:\/\/schema.org","@graph":[{"@type":"WebPage","@id":"https:\/\/tajamarble.com\/beige-and-colored-collection\/","url":"https:\/\/tajamarble.com\/beige-and-colored-collection\/","name":"Beige and Colored Collection | Taja Marble by Kemaloglu - Turkish Natural Stone Supplier","isPartOf":{"@id":"https:\/\/tajamarble.com\/#website"},"datePublished":"2020-08-26T12:35:49+00:00","dateModified":"2025-12-25T13:41:13+00:00","description":"If you are looking Beige and Colored Marble for your project , please check our Beige nad Colored Marble Collection. Turkish Marble Producer","breadcrumb":{"@id":"https:\/\/tajamarble.com\/beige-and-colored-collection\/#breadcrumb"},"inLanguage":"tr","potentialAction":[{"@type":"ReadAction","target":["https:\/\/tajamarble.com\/beige-and-colored-collection\/"]}]},{"@type":"BreadcrumbList","@id":"https:\/\/tajamarble.com\/beige-and-colored-collection\/#breadcrumb","itemListElement":[{"@type":"ListItem","position":1,"name":"Ana sayfa","item":"https:\/\/tajamarble.com\/"},{"@type":"ListItem","position":2,"name":"Beige and Colored Collection"}]},{"@type":"WebSite","@id":"https:\/\/tajamarble.com\/#website","url":"https:\/\/tajamarble.com\/","name":"Taja Marble by Kemaloglu","description":"Turkish Natural Stone Supplier","publisher":{"@id":"https:\/\/tajamarble.com\/#organization"},"potentialAction":[{"@type":"SearchAction","target":{"@type":"EntryPoint","urlTemplate":"https:\/\/tajamarble.com\/?s={search_term_string}"},"query-input":{"@type":"PropertyValueSpecification","valueRequired":true,"valueName":"search_term_string"}}],"inLanguage":"tr"},{"@type":"Organization","@id":"https:\/\/tajamarble.com\/#organization","name":"TAJA MARBLE","url":"https:\/\/tajamarble.com\/","logo":{"@type":"ImageObject","inLanguage":"tr","@id":"https:\/\/tajamarble.com\/#\/schema\/logo\/image\/","url":"https:\/\/i0.wp.com\/tajamarble.com\/wp-content\/uploads\/2018\/09\/yeni-logo.png?fit=546%2C365&ssl=1","contentUrl":"https:\/\/i0.wp.com\/tajamarble.com\/wp-content\/uploads\/2018\/09\/yeni-logo.png?fit=546%2C365&ssl=1","width":546,"height":365,"caption":"TAJA MARBLE"},"image":{"@id":"https:\/\/tajamarble.com\/#\/schema\/logo\/image\/"}}]}},"_links":{"self":[{"href":"https:\/\/tajamarble.com\/tr\/wp-json\/wp\/v2\/pages\/10914","targetHints":{"allow":["GET"]}}],"collection":[{"href":"https:\/\/tajamarble.com\/tr\/wp-json\/wp\/v2\/pages"}],"about":[{"href":"https:\/\/tajamarble.com\/tr\/wp-json\/wp\/v2\/types\/page"}],"author":[{"embeddable":true,"href":"https:\/\/tajamarble.com\/tr\/wp-json\/wp\/v2\/users\/2"}],"replies":[{"embeddable":true,"href":"https:\/\/tajamarble.com\/tr\/wp-json\/wp\/v2\/comments?post=10914"}],"version-history":[{"count":90,"href":"https:\/\/tajamarble.com\/tr\/wp-json\/wp\/v2\/pages\/10914\/revisions"}],"predecessor-version":[{"id":26170,"href":"https:\/\/tajamarble.com\/tr\/wp-json\/wp\/v2\/pages\/10914\/revisions\/26170"}],"wp:attachment":[{"href":"https:\/\/tajamarble.com\/tr\/wp-json\/wp\/v2\/media?parent=10914"}],"curies":[{"name":"wp","href":"https:\/\/api.w.org\/{rel}","templated":true}]}}