{"id":12045,"date":"2020-10-14T11:23:41","date_gmt":"2020-10-14T11:23:41","guid":{"rendered":"http:\/\/tajamarble.com\/?page_id=12045"},"modified":"2025-12-28T17:30:24","modified_gmt":"2025-12-28T17:30:24","slug":"afyon-sugar-marble","status":"publish","type":"page","link":"https:\/\/tajamarble.com\/tr\/afyon-seker-mermeri\/","title":{"rendered":"Afyon Seker Mermer"},"content":{"rendered":"<div class=\"wpb-content-wrapper\"><p>[vc_row full_width=&#8221;stretch_row_content_no_spaces&#8221; full_height=&#8221;yes&#8221; columns_placement=&#8221;bottom&#8221; content_placement=&#8221;top&#8221; general_row_align=&#8221;rigid-align-center&#8221; css=&#8221;.vc_custom_1766942735022{background-image: url(https:\/\/tajamarble.com\/wp-content\/uploads\/2025\/12\/Afyon-Sugar-Marble.png?id=26237) !important;}&#8221;][vc_column][vc_row_inner content_placement=&#8221;middle&#8221; css=&#8221;.vc_custom_1766938655310{margin-bottom: 70px !important;background-image: url(https:\/\/tajamarble.com\/wp-content\/uploads\/2025\/12\/Adsiz-tasarim-5.png?id=25719) !important;}&#8221;][vc_column_inner width=&#8221;1\/4&#8243;][\/vc_column_inner][vc_column_inner width=&#8221;1\/2&#8243; css=&#8221;.vc_custom_1766840203021{margin-bottom: 0px !important;}&#8221;][vc_custom_heading text=&#8221;Afyon \u015eeker Mermer&#8221; font_container=&#8221;tag:h1|text_align:center&#8221; google_fonts=&#8221;font_family:Adamina%3Aregular|font_style:400%20regular%3A400%3Anormal&#8221; css=&#8221;.vc_custom_1766942866952{margin-right: px !important;margin-left: px !important;}&#8221;][vc_empty_space height=&#8221;12px&#8221;][vc_btn title=&#8221;Stok Bilgisi Al&#8221; style=&#8221;outline&#8221; color=&#8221;black&#8221; align=&#8221;center&#8221;][\/vc_column_inner][vc_column_inner width=&#8221;1\/4&#8243;][\/vc_column_inner][\/vc_row_inner][vc_row_inner][vc_column_inner width=&#8221;1\/4&#8243;][\/vc_column_inner][vc_column_inner width=&#8221;1\/2&#8243;][\/vc_column_inner][vc_column_inner width=&#8221;1\/4&#8243;][\/vc_column_inner][\/vc_row_inner][\/vc_column][\/vc_row][vc_row full_width=&#8221;stretch_row_content_no_spaces&#8221; css=&#8221;.vc_custom_1766938828696{background-image: url(https:\/\/tajamarble.com\/wp-content\/uploads\/2025\/12\/taja-marble-10.png?id=25865) !important;}&#8221;][vc_column][vc_empty_space height=&#8221;80px&#8221;][\/vc_column][\/vc_row][vc_row full_width=&#8221;stretch_row_content&#8221;][vc_column width=&#8221;1\/6&#8243;][\/vc_column][vc_column width=&#8221;2\/3&#8243;][vc_column_text]<\/p>\n<blockquote>\n<p style=\"text-align: center;\" data-start=\"85\" data-end=\"249\"><span style=\"color: #000000;\"><strong data-start=\"85\" data-end=\"107\">Afyon Sugar Marble<\/strong>, \u015feker pembesi, krem ve farkl\u0131 tonlardaki damar yap\u0131s\u0131n\u0131n bir araya geldi\u011fi; geleneksel ve modern \u00e7izgileri harmanlayan se\u00e7kin bir mermerdir.<\/span><\/p>\n<p style=\"text-align: center;\" data-start=\"251\" data-end=\"467\"><span style=\"color: #000000;\">\u0130\u00e7 mek\u00e2nlar\u0131 ayd\u0131nlatan, d\u0131\u015f mek\u00e2nlara zarafet ve parlakl\u0131k kazand\u0131ran <strong data-start=\"322\" data-end=\"337\">Afyon Sugar<\/strong>; dekoratif objelere sanatsal bir derinlik katarken, T\u00fcrkiye\u2019de ve yurt d\u0131\u015f\u0131nda bir\u00e7ok mimar\u0131n tercihleri aras\u0131nda yer almaktad\u0131r.<\/span><\/p>\n<\/blockquote>\n<p>[\/vc_column_text][vc_row_inner][vc_column_inner width=&#8221;1\/3&#8243;][vc_text_separator title=&#8221;Selection I&#8221; color=&#8221;chino&#8221;][vc_single_image image=&#8221;21174&#8243; img_size=&#8221;full&#8221; alignment=&#8221;center&#8221;][\/vc_column_inner][vc_column_inner width=&#8221;1\/3&#8243;][vc_text_separator title=&#8221;Selection II&#8221; color=&#8221;chino&#8221;][vc_single_image image=&#8221;21172&#8243; img_size=&#8221;full&#8221; alignment=&#8221;center&#8221;][\/vc_column_inner][vc_column_inner width=&#8221;1\/3&#8243;][vc_text_separator title=&#8221;Selection III&#8221; color=&#8221;chino&#8221;][vc_single_image image=&#8221;21173&#8243; img_size=&#8221;full&#8221; alignment=&#8221;center&#8221;][\/vc_column_inner][\/vc_row_inner][\/vc_column][vc_column width=&#8221;1\/6&#8243;][\/vc_column][\/vc_row][vc_row full_width=&#8221;stretch_row_content&#8221; css=&#8221;.vc_custom_1766937900770{background-image: url(https:\/\/tajamarble.com\/wp-content\/uploads\/2024\/10\/14-1.png?id=20936) !important;}&#8221;][vc_column][vc_custom_heading text=&#8221;G\u00fcncel Stok Durumu&#8221; font_container=&#8221;tag:h3|text_align:center|color:%23ffffff&#8221; google_fonts=&#8221;font_family:Adamina%3Aregular|font_style:400%20regular%3A400%3Anormal&#8221; css=&#8221;.vc_custom_1766942926860{margin-right: px !important;margin-left: px !important;}&#8221;][vc_column_text]<\/p>\n<p style=\"text-align: center;\"><span style=\"color: #ffffff;\">Mevcut stoklar\u0131m\u0131zda yer alan, hemen se\u00e7ime ve \u00fcretime haz\u0131r \u00fcr\u00fcnlerimizi ke\u015ffedin.<\/span><\/p>\n<p>[\/vc_column_text][\/vc_column][\/vc_row][vc_row full_width=&#8221;stretch_row&#8221; content_placement=&#8221;top&#8221;][vc_column][vc_basic_grid post_type=&#8221;rigid-portfolio&#8221; max_items=&#8221;10&#8243; element_width=&#8221;3&#8243; item=&#8221;basicGrid_NoAnimation&#8221; grid_id=&#8221;vc_gid:1766942994418-c21d69a8-bfc6-9&#8243;][\/vc_column][\/vc_row][vc_row full_width=&#8221;stretch_row&#8221; content_placement=&#8221;top&#8221; css=&#8221;.vc_custom_1766938458212{background-image: url(https:\/\/tajamarble.com\/wp-content\/uploads\/2022\/09\/back3-scaled.jpg?id=15937) !important;}&#8221;][vc_column][vc_custom_heading text=&#8221;Images of Previously Manufactured Products&#8221; font_container=&#8221;tag:h3|text_align:center|color:%230a0a0a&#8221; google_fonts=&#8221;font_family:Adamina%3Aregular|font_style:400%20regular%3A400%3Anormal&#8221; css=&#8221;.vc_custom_1766938269045{margin-right: px !important;margin-left: px !important;}&#8221;][vc_column_text]<\/p>\n<p style=\"text-align: center;\"><span style=\"color: #000000;\">Bu mermer; ya\u015fam alanlar\u0131, yemek odalar\u0131 veya otel lobilerinde etkileyici vurgu duvarlar\u0131 olu\u015fturmak i\u00e7in idealdir. Do\u011fal karakteri ve rafine y\u00fczeyi sayesinde mek\u00e2nlara derinlik ve l\u00fcks bir atmosfer kazand\u0131ran zarif bir arka plan sunar. B\u00fcy\u00fck ebatl\u0131 plakalarla uyguland\u0131\u011f\u0131nda ise, ta\u015f\u0131n do\u011fal g\u00fczelli\u011fini ve s\u00fcreklili\u011fini \u00f6n plana \u00e7\u0131karan kesintisiz ve b\u00fct\u00fcnc\u00fcl bir g\u00f6r\u00fcn\u00fcm elde edilir.<\/span><\/p>\n<p>[\/vc_column_text][vc_row_inner][vc_column_inner width=&#8221;1\/4&#8243;][vc_single_image image=&#8221;25016&#8243; img_size=&#8221;full&#8221; alignment=&#8221;center&#8221; style=&#8221;vc_box_outline&#8221; border_color=&#8221;black&#8221; onclick=&#8221;link_image&#8221;][\/vc_column_inner][vc_column_inner width=&#8221;1\/4&#8243;][vc_single_image image=&#8221;25013&#8243; img_size=&#8221;full&#8221; alignment=&#8221;center&#8221; style=&#8221;vc_box_outline&#8221; border_color=&#8221;black&#8221; onclick=&#8221;link_image&#8221;][\/vc_column_inner][vc_column_inner width=&#8221;1\/4&#8243;][vc_single_image image=&#8221;25012&#8243; img_size=&#8221;full&#8221; alignment=&#8221;center&#8221; style=&#8221;vc_box_outline&#8221; border_color=&#8221;black&#8221; onclick=&#8221;link_image&#8221;][\/vc_column_inner][vc_column_inner width=&#8221;1\/4&#8243;][vc_single_image image=&#8221;25011&#8243; img_size=&#8221;full&#8221; alignment=&#8221;center&#8221; style=&#8221;vc_box_outline&#8221; border_color=&#8221;black&#8221; onclick=&#8221;link_image&#8221;][\/vc_column_inner][\/vc_row_inner][vc_column_text]<\/p>\n<p style=\"text-align: center;\"><span style=\"color: #000000;\"><strong data-start=\"0\" data-end=\"6\">*<\/strong> Do\u011fal ta\u015f g\u00f6rselleri temsilidir. Plakalar\u0131 yerinde g\u00f6rmek i\u00e7in l\u00fctfen en yak\u0131n \u015fubemizle ileti\u015fime ge\u00e7iniz.<\/span><\/p>\n<p>[\/vc_column_text][\/vc_column][\/vc_row][vc_row full_width=&#8221;stretch_row_content_no_spaces&#8221; css=&#8221;.vc_custom_1662728612264{background-image: url(https:\/\/tajamarble.com\/wp-content\/uploads\/2022\/08\/1-2.png?id=15393) !important;}&#8221;][vc_column][vc_empty_space][\/vc_column][\/vc_row]<\/p>\n<\/div>","protected":false},"excerpt":{"rendered":"<p>[vc_row full_width=&#8221;stretch_row_content_no_spaces&#8221; full_height=&#8221;yes&#8221; columns_placement=&#8221;bottom&#8221; content_placement=&#8221;top&#8221; general_row_align=&#8221;rigid-align-center&#8221; css=&#8221;.vc_custom_1766942735022{background-image: url(https:\/\/tajamarble.com\/wp-content\/uploads\/2025\/12\/Afyon-Sugar-Marble.png?id=26237) !important;}&#8221;][vc_column][vc_row_inner content_placement=&#8221;middle&#8221; css=&#8221;.vc_custom_1766938655310{margin-bottom: 70px !important;background-image: url(https:\/\/tajamarble.com\/wp-content\/uploads\/2025\/12\/Adsiz-tasarim-5.png?id=25719) !important;}&#8221;][vc_column_inner width=&#8221;1\/4&#8243;][\/vc_column_inner][vc_column_inner width=&#8221;1\/2&#8243; css=&#8221;.vc_custom_1766840203021{margin-bottom: 0px !important;}&#8221;][vc_custom_heading text=&#8221;Afyon \u015eeker Mermer&#8221; font_container=&#8221;tag:h1|text_align:center&#8221; google_fonts=&#8221;font_family:Adamina%3Aregular|font_style:400%20regular%3A400%3Anormal&#8221; css=&#8221;.vc_custom_1766942866952{margin-right: px !important;margin-left: px !important;}&#8221;][vc_empty_space height=&#8221;12px&#8221;][vc_btn title=&#8221;Stok Bilgisi Al&#8221; style=&#8221;outline&#8221; color=&#8221;black&#8221; align=&#8221;center&#8221;][\/vc_column_inner][vc_column_inner width=&#8221;1\/4&#8243;][\/vc_column_inner][\/vc_row_inner][vc_row_inner][vc_column_inner width=&#8221;1\/4&#8243;][\/vc_column_inner][vc_column_inner width=&#8221;1\/2&#8243;][\/vc_column_inner][vc_column_inner width=&#8221;1\/4&#8243;][\/vc_column_inner][\/vc_row_inner][\/vc_column][\/vc_row][vc_row full_width=&#8221;stretch_row_content_no_spaces&#8221; css=&#8221;.vc_custom_1766938828696{background-image: url(https:\/\/tajamarble.com\/wp-content\/uploads\/2025\/12\/taja-marble-10.png?id=25865) !important;}&#8221;][vc_column][vc_empty_space height=&#8221;80px&#8221;][\/vc_column][\/vc_row][vc_row full_width=&#8221;stretch_row_content&#8221;][vc_column width=&#8221;1\/6&#8243;][\/vc_column][vc_column width=&#8221;2\/3&#8243;][vc_column_text] Afyon Sugar Marble, \u015feker pembesi, krem ve farkl\u0131 tonlardaki damar yap\u0131s\u0131n\u0131n bir araya geldi\u011fi; geleneksel ve modern \u00e7izgileri harmanlayan se\u00e7kin bir mermerdir. \u0130\u00e7 mek\u00e2nlar\u0131 ayd\u0131nlatan, d\u0131\u015f mek\u00e2nlara zarafet ve parlakl\u0131k kazand\u0131ran Afyon Sugar; dekoratif objelere sanatsal bir derinlik katarken, T\u00fcrkiye\u2019de ve yurt d\u0131\u015f\u0131nda bir\u00e7ok mimar\u0131n tercihleri aras\u0131nda yer almaktad\u0131r. [\/vc_column_text][vc_row_inner][vc_column_inner width=&#8221;1\/3&#8243;][vc_text_separator title=&#8221;Selection I&#8221; color=&#8221;chino&#8221;][vc_single_image image=&#8221;21174&#8243; img_size=&#8221;full&#8221; alignment=&#8221;center&#8221;][\/vc_column_inner][vc_column_inner width=&#8221;1\/3&#8243;][vc_text_separator title=&#8221;Selection II&#8221; color=&#8221;chino&#8221;][vc_single_image &#8230;<a class=\"r_more_blog\" href=\"https:\/\/tajamarble.com\/tr\/afyon-seker-mermeri\/#more-12045\"><i class=\"fa fa-sign-in\"><\/i> read more<\/a><\/p>\n","protected":false},"author":2,"featured_media":0,"parent":0,"menu_order":0,"comment_status":"closed","ping_status":"closed","template":"","meta":{"_sitemap_exclude":false,"_sitemap_priority":"","_sitemap_frequency":"","footnotes":""},"class_list":["post-12045","page","type-page","status-publish","hentry"],"translation":{"provider":"WPGlobus","version":"3.0.2","language":"tr","enabled_languages":["en","tr"],"languages":{"en":{"title":true,"content":true,"excerpt":false},"tr":{"title":true,"content":true,"excerpt":false}}},"yoast_head":"<!-- This site is optimized with the Yoast SEO plugin v27.3 - https:\/\/yoast.com\/product\/yoast-seo-wordpress\/ -->\n<title>Afyon Seker Mermer | Taja Marble by Kemaloglu - Turkish Natural Stone Supplier<\/title>\n<meta name=\"description\" content=\"Afyon \u015eeker Mermer, geleneksel ve modern \u00e7izgilerin birle\u015fti\u011fi \u015feker pembesi, krem ve \u00e7e\u015fitli renk damarl\u0131 mermerdir. Afyon \u015eeker Mermer\" \/>\n<meta name=\"robots\" content=\"index, follow, max-snippet:-1, max-image-preview:large, max-video-preview:-1\" \/>\n<link rel=\"canonical\" href=\"https:\/\/tajamarble.com\/afyon-sugar-marble\/\" \/>\n<meta property=\"og:locale\" content=\"tr_TR\" \/>\n<meta property=\"og:type\" content=\"article\" \/>\n<meta property=\"og:title\" content=\"Afyon Seker Mermer | Taja Marble by Kemaloglu - Turkish Natural Stone Supplier\" \/>\n<meta property=\"og:description\" content=\"Afyon \u015eeker Mermer, geleneksel ve modern \u00e7izgilerin birle\u015fti\u011fi \u015feker pembesi, krem ve \u00e7e\u015fitli renk damarl\u0131 mermerdir. Afyon \u015eeker Mermer\" \/>\n<meta property=\"og:url\" content=\"https:\/\/tajamarble.com\/afyon-sugar-marble\/\" \/>\n<meta property=\"og:site_name\" content=\"Taja Marble by Kemaloglu - Turkish Natural Stone Supplier\" \/>\n<meta property=\"article:modified_time\" content=\"2025-12-28T17:30:24+00:00\" \/>\n<meta name=\"twitter:card\" content=\"summary_large_image\" \/>\n<meta name=\"twitter:label1\" content=\"Tahmini okuma s\u00fcresi\" \/>\n\t<meta name=\"twitter:data1\" content=\"2 dakika\" \/>\n<script type=\"application\/ld+json\" class=\"yoast-schema-graph\">{\"@context\":\"https:\\\/\\\/schema.org\",\"@graph\":[{\"@type\":\"WebPage\",\"@id\":\"https:\\\/\\\/tajamarble.com\\\/afyon-sugar-marble\\\/\",\"url\":\"https:\\\/\\\/tajamarble.com\\\/afyon-sugar-marble\\\/\",\"name\":\"Afyon Seker Mermer | Taja Marble by Kemaloglu - Turkish Natural Stone Supplier\",\"isPartOf\":{\"@id\":\"https:\\\/\\\/tajamarble.com\\\/#website\"},\"datePublished\":\"2020-10-14T11:23:41+00:00\",\"dateModified\":\"2025-12-28T17:30:24+00:00\",\"description\":\"Afyon Sugar Marble is a sugar pink, cream and various color veined marble where traditional and modern lines are combined. Afyon Sugar\",\"breadcrumb\":{\"@id\":\"https:\\\/\\\/tajamarble.com\\\/afyon-sugar-marble\\\/#breadcrumb\"},\"inLanguage\":\"tr\",\"potentialAction\":[{\"@type\":\"ReadAction\",\"target\":[\"https:\\\/\\\/tajamarble.com\\\/afyon-sugar-marble\\\/\"]}]},{\"@type\":\"BreadcrumbList\",\"@id\":\"https:\\\/\\\/tajamarble.com\\\/afyon-sugar-marble\\\/#breadcrumb\",\"itemListElement\":[{\"@type\":\"ListItem\",\"position\":1,\"name\":\"Ana sayfa\",\"item\":\"https:\\\/\\\/tajamarble.com\\\/\"},{\"@type\":\"ListItem\",\"position\":2,\"name\":\"Afyon Seker Mermer\"}]},{\"@type\":\"WebSite\",\"@id\":\"https:\\\/\\\/tajamarble.com\\\/#website\",\"url\":\"https:\\\/\\\/tajamarble.com\\\/\",\"name\":\"Taja Marble by Kemaloglu\",\"description\":\"Turkish Natural Stone Supplier\",\"publisher\":{\"@id\":\"https:\\\/\\\/tajamarble.com\\\/#organization\"},\"potentialAction\":[{\"@type\":\"SearchAction\",\"target\":{\"@type\":\"EntryPoint\",\"urlTemplate\":\"https:\\\/\\\/tajamarble.com\\\/?s={search_term_string}\"},\"query-input\":{\"@type\":\"PropertyValueSpecification\",\"valueRequired\":true,\"valueName\":\"search_term_string\"}}],\"inLanguage\":\"tr\"},{\"@type\":\"Organization\",\"@id\":\"https:\\\/\\\/tajamarble.com\\\/#organization\",\"name\":\"TAJA MARBLE\",\"url\":\"https:\\\/\\\/tajamarble.com\\\/\",\"logo\":{\"@type\":\"ImageObject\",\"inLanguage\":\"tr\",\"@id\":\"https:\\\/\\\/tajamarble.com\\\/#\\\/schema\\\/logo\\\/image\\\/\",\"url\":\"https:\\\/\\\/i0.wp.com\\\/tajamarble.com\\\/wp-content\\\/uploads\\\/2018\\\/09\\\/yeni-logo.png?fit=546%2C365&ssl=1\",\"contentUrl\":\"https:\\\/\\\/i0.wp.com\\\/tajamarble.com\\\/wp-content\\\/uploads\\\/2018\\\/09\\\/yeni-logo.png?fit=546%2C365&ssl=1\",\"width\":546,\"height\":365,\"caption\":\"TAJA MARBLE\"},\"image\":{\"@id\":\"https:\\\/\\\/tajamarble.com\\\/#\\\/schema\\\/logo\\\/image\\\/\"}}]}<\/script>\n<!-- \/ Yoast SEO plugin. -->","yoast_head_json":{"title":"Afyon Seker Mermer | Taja Marble by Kemaloglu - Turkish Natural Stone Supplier","description":"Afyon \u015eeker Mermer, geleneksel ve modern \u00e7izgilerin birle\u015fti\u011fi \u015feker pembesi, krem ve \u00e7e\u015fitli renk damarl\u0131 mermerdir. Afyon \u015eeker Mermer","robots":{"index":"index","follow":"follow","max-snippet":"max-snippet:-1","max-image-preview":"max-image-preview:large","max-video-preview":"max-video-preview:-1"},"canonical":"https:\/\/tajamarble.com\/afyon-sugar-marble\/","og_locale":"tr_TR","og_type":"article","og_title":"Afyon Seker Mermer | Taja Marble by Kemaloglu - Turkish Natural Stone Supplier","og_description":"Afyon \u015eeker Mermer, geleneksel ve modern \u00e7izgilerin birle\u015fti\u011fi \u015feker pembesi, krem ve \u00e7e\u015fitli renk damarl\u0131 mermerdir. Afyon \u015eeker Mermer","og_url":"https:\/\/tajamarble.com\/afyon-sugar-marble\/","og_site_name":"Taja Marble by Kemaloglu - Turkish Natural Stone Supplier","article_modified_time":"2025-12-28T17:30:24+00:00","twitter_card":"summary_large_image","twitter_misc":{"Tahmini okuma s\u00fcresi":"2 dakika"},"schema":{"@context":"https:\/\/schema.org","@graph":[{"@type":"WebPage","@id":"https:\/\/tajamarble.com\/afyon-sugar-marble\/","url":"https:\/\/tajamarble.com\/afyon-sugar-marble\/","name":"Afyon Seker Mermer | Taja Marble by Kemaloglu - Turkish Natural Stone Supplier","isPartOf":{"@id":"https:\/\/tajamarble.com\/#website"},"datePublished":"2020-10-14T11:23:41+00:00","dateModified":"2025-12-28T17:30:24+00:00","description":"Afyon Sugar Marble is a sugar pink, cream and various color veined marble where traditional and modern lines are combined. Afyon Sugar","breadcrumb":{"@id":"https:\/\/tajamarble.com\/afyon-sugar-marble\/#breadcrumb"},"inLanguage":"tr","potentialAction":[{"@type":"ReadAction","target":["https:\/\/tajamarble.com\/afyon-sugar-marble\/"]}]},{"@type":"BreadcrumbList","@id":"https:\/\/tajamarble.com\/afyon-sugar-marble\/#breadcrumb","itemListElement":[{"@type":"ListItem","position":1,"name":"Ana sayfa","item":"https:\/\/tajamarble.com\/"},{"@type":"ListItem","position":2,"name":"Afyon Seker Mermer"}]},{"@type":"WebSite","@id":"https:\/\/tajamarble.com\/#website","url":"https:\/\/tajamarble.com\/","name":"Taja Marble by Kemaloglu","description":"Turkish Natural Stone Supplier","publisher":{"@id":"https:\/\/tajamarble.com\/#organization"},"potentialAction":[{"@type":"SearchAction","target":{"@type":"EntryPoint","urlTemplate":"https:\/\/tajamarble.com\/?s={search_term_string}"},"query-input":{"@type":"PropertyValueSpecification","valueRequired":true,"valueName":"search_term_string"}}],"inLanguage":"tr"},{"@type":"Organization","@id":"https:\/\/tajamarble.com\/#organization","name":"TAJA MARBLE","url":"https:\/\/tajamarble.com\/","logo":{"@type":"ImageObject","inLanguage":"tr","@id":"https:\/\/tajamarble.com\/#\/schema\/logo\/image\/","url":"https:\/\/i0.wp.com\/tajamarble.com\/wp-content\/uploads\/2018\/09\/yeni-logo.png?fit=546%2C365&ssl=1","contentUrl":"https:\/\/i0.wp.com\/tajamarble.com\/wp-content\/uploads\/2018\/09\/yeni-logo.png?fit=546%2C365&ssl=1","width":546,"height":365,"caption":"TAJA MARBLE"},"image":{"@id":"https:\/\/tajamarble.com\/#\/schema\/logo\/image\/"}}]}},"_links":{"self":[{"href":"https:\/\/tajamarble.com\/tr\/wp-json\/wp\/v2\/pages\/12045","targetHints":{"allow":["GET"]}}],"collection":[{"href":"https:\/\/tajamarble.com\/tr\/wp-json\/wp\/v2\/pages"}],"about":[{"href":"https:\/\/tajamarble.com\/tr\/wp-json\/wp\/v2\/types\/page"}],"author":[{"embeddable":true,"href":"https:\/\/tajamarble.com\/tr\/wp-json\/wp\/v2\/users\/2"}],"replies":[{"embeddable":true,"href":"https:\/\/tajamarble.com\/tr\/wp-json\/wp\/v2\/comments?post=12045"}],"version-history":[{"count":48,"href":"https:\/\/tajamarble.com\/tr\/wp-json\/wp\/v2\/pages\/12045\/revisions"}],"predecessor-version":[{"id":25491,"href":"https:\/\/tajamarble.com\/tr\/wp-json\/wp\/v2\/pages\/12045\/revisions\/25491"}],"wp:attachment":[{"href":"https:\/\/tajamarble.com\/tr\/wp-json\/wp\/v2\/media?parent=12045"}],"curies":[{"name":"wp","href":"https:\/\/api.w.org\/{rel}","templated":true}]}}