{"id":12373,"date":"2020-12-24T19:34:57","date_gmt":"2020-12-24T19:34:57","guid":{"rendered":"http:\/\/tajamarble.com\/?page_id=12373"},"modified":"2024-11-06T20:06:28","modified_gmt":"2024-11-06T20:06:28","slug":"calacatta-uno-marble","status":"publish","type":"page","link":"https:\/\/tajamarble.com\/tr\/calacatta-uno-mermer\/","title":{"rendered":"Calacatta Uno Marble"},"content":{"rendered":"<div class=\"wpb-content-wrapper\"><p>[vc_row full_width=&#8221;stretch_row&#8221; css=&#8221;.vc_custom_1730728476220{background-image: url(https:\/\/tajamarble.com\/wp-content\/uploads\/2024\/10\/8-1.png?id=20829) !important;}&#8221;][vc_column width=&#8221;1\/4&#8243; css=&#8221;.vc_custom_1663333576314{background-position: center !important;background-repeat: no-repeat !important;background-size: cover !important;}&#8221;][vc_single_image image=&#8221;21476&#8243; img_size=&#8221;601&#215;1150&#8243; alignment=&#8221;center&#8221; style=&#8221;vc_box_shadow_3d&#8221; onclick=&#8221;zoom&#8221;][\/vc_column][vc_column width=&#8221;3\/4&#8243;][vc_empty_space height=&#8221;30px&#8221;][vc_row_inner][vc_column_inner width=&#8221;1\/4&#8243;][vc_empty_space][vc_separator color=&#8221;chino&#8221; border_width=&#8221;2&#8243;][\/vc_column_inner][vc_column_inner width=&#8221;3\/4&#8243;][vc_custom_heading text=&#8221;Calacatta Uno Marble&#8221; font_container=&#8221;tag:h1|text_align:left|color:%23545454&#8243; google_fonts=&#8221;font_family:Antic%20Didone%3Aregular|font_style:400%20regular%3A400%3Anormal&#8221;]\t\t<div class=\"wpb_content_element rigid-vertical-section-title\">\n\t\t\t<h6 >\t\t\t<span  class=\"rigid-icon-title fas fa-certificate rigid_icon_element-color-chino\" ><\/span> Discover Taja Quality\t\t\t<\/h6><\/div>[vc_custom_heading text=&#8221;Marble Calacatta Uno Marble is a premium natural stone that embodies elegance, sophistication, and a sense of timeless beauty. &#8221; font_container=&#8221;tag:p|text_align:left|color:%230a0a0a&#8221; google_fonts=&#8221;font_family:Antic%20Didone%3Aregular|font_style:400%20regular%3A400%3Anormal&#8221;][vc_custom_heading text=&#8221;Known for its bright white background and intricate gray veining, this marble, sourced from the finest quarries, adds a luxurious touch to any interior.&#8221; font_container=&#8221;tag:p|text_align:left|color:%230a0a0a&#8221; google_fonts=&#8221;font_family:Antic%20Didone%3Aregular|font_style:400%20regular%3A400%3Anormal&#8221;][\/vc_column_inner][\/vc_row_inner][vc_row_inner][vc_column_inner width=&#8221;1\/4&#8243;][\/vc_column_inner][vc_column_inner width=&#8221;3\/4&#8243;]\t\t<div class=\"wpb_content_element rigid-vertical-section-title\">\n\t\t\t<p style=\"color:#8c7541\">\t\t\t<span  class=\"rigid-icon-title fas fa-barcode rigid_icon_element-color-chino\" ><\/span> SKU25032\t\t\t<\/p><\/div>[\/vc_column_inner][\/vc_row_inner][vc_row_inner][vc_column_inner width=&#8221;1\/4&#8243;][\/vc_column_inner][vc_column_inner width=&#8221;3\/4&#8243;][vc_custom_heading text=&#8221;Whether in classic or contemporary designs, Calacatta Uno\u2019s refined aesthetic has made it a staple in high-end residential and commercial projects around the world.&#8221; font_container=&#8221;tag:p|text_align:left|color:%230a0a0a&#8221; google_fonts=&#8221;font_family:Antic%20Didone%3Aregular|font_style:400%20regular%3A400%3Anormal&#8221;][vc_btn title=&#8221;Enquire Now&#8221; style=&#8221;outline&#8221; shape=&#8221;square&#8221; color=&#8221;chino&#8221; align=&#8221;center&#8221; css_animation=&#8221;slideInUp&#8221; button_block=&#8221;true&#8221; link=&#8221;url:mailto%3Ainfo%40tajamarble.com|||&#8221;][\/vc_column_inner][\/vc_row_inner][vc_empty_space height=&#8221;20px&#8221;][\/vc_column][\/vc_row][vc_row full_width=&#8221;stretch_row&#8221; css=&#8221;.vc_custom_1730198901086{background: #3d3d3d url(https:\/\/tajamarble.com\/wp-content\/uploads\/2024\/10\/14-1.png?id=20936) !important;}&#8221;][vc_column][vc_custom_heading text=&#8221;Distinctive Qualities of Calacatta Uno Marble &#8221; font_container=&#8221;tag:h3|text_align:left|color:%23ffffff&#8221;][vc_empty_space height=&#8221;22px&#8221;][vc_custom_heading text=&#8221;The defining feature of Calacatta Uno Marble is its crisp white base, which acts as a perfect canvas for its gray, flowing veins. The veining in Calacatta Uno ranges from soft, wispy lines to bolder, more pronounced streaks, giving each slab a unique character. The interplay of light and dark in this marble offers a sense of depth and movement, making it an ideal choice for those who want to create visually striking spaces&#8221; font_container=&#8221;tag:h6|text_align:left|color:%23ffffff&#8221; google_fonts=&#8221;font_family:Antic%20Didone%3Aregular|font_style:400%20regular%3A400%3Anormal&#8221;][vc_empty_space height=&#8221;20px&#8221;][\/vc_column][\/vc_row][vc_row full_width=&#8221;stretch_row&#8221; full_height=&#8221;yes&#8221; css=&#8221;.vc_custom_1730196037840{background-image: url(https:\/\/tajamarble.com\/wp-content\/uploads\/2023\/07\/vv-rotated.jpg?id=18545) !important;}&#8221;][vc_column width=&#8221;1\/4&#8243;][vc_row_inner][vc_column_inner][vc_empty_space height=&#8221;25px&#8221;][vc_column_text]<\/p>\n<blockquote>\n<p class=\"font-montserrat mt-4 faces-paraf\">Images showing the<br \/>\ngeneral selection of the product<\/p>\n<\/blockquote>\n<p>[\/vc_column_text][vc_btn title=&#8221;Download Full Data `{` PDF `}`&#8221; style=&#8221;outline&#8221; shape=&#8221;square&#8221; color=&#8221;chino&#8221; align=&#8221;left&#8221; i_icon_fontawesome=&#8221;fas fa-angle-double-down&#8221; button_block=&#8221;true&#8221; add_icon=&#8221;true&#8221;][vc_btn title=&#8221;Download Render Image&#8221; style=&#8221;outline&#8221; shape=&#8221;square&#8221; color=&#8221;chino&#8221; align=&#8221;left&#8221; i_icon_fontawesome=&#8221;fas fa-angle-double-down&#8221; button_block=&#8221;true&#8221; add_icon=&#8221;true&#8221;][vc_btn title=&#8221;Simulate Product&#8221; style=&#8221;outline&#8221; shape=&#8221;square&#8221; color=&#8221;chino&#8221; align=&#8221;left&#8221; i_icon_fontawesome=&#8221;fas fa-draw-polygon&#8221; button_block=&#8221;true&#8221; add_icon=&#8221;true&#8221;][\/vc_column_inner][\/vc_row_inner][\/vc_column][vc_column width=&#8221;3\/4&#8243;][vc_row_inner][vc_column_inner width=&#8221;1\/3&#8243;][vc_text_separator title=&#8221;I Selection&#8221; title_align=&#8221;separator_align_left&#8221; color=&#8221;chino&#8221;][vc_single_image image=&#8221;21479&#8243; img_size=&#8221;401&#215;600&#8243;][\/vc_column_inner][vc_column_inner width=&#8221;1\/3&#8243;][vc_text_separator title=&#8221;II Selection&#8221; title_align=&#8221;separator_align_left&#8221; color=&#8221;chino&#8221;][vc_single_image image=&#8221;21478&#8243; img_size=&#8221;401&#215;600&#8243;][\/vc_column_inner][vc_column_inner width=&#8221;1\/3&#8243;][vc_text_separator title=&#8221;III Selection&#8221; title_align=&#8221;separator_align_left&#8221; color=&#8221;chino&#8221;][vc_single_image image=&#8221;21477&#8243; img_size=&#8221;400&#215;600&#8243;][\/vc_column_inner][\/vc_row_inner][vc_row_inner][vc_column_inner][vc_column_text]By scanning the <strong>QR code<\/strong>, you can download the<strong> technical analysis<\/strong> and <strong>data of the product<\/strong> to your phone.[\/vc_column_text][\/vc_column_inner][\/vc_row_inner][\/vc_column][\/vc_row][vc_row full_width=&#8221;stretch_row&#8221; gap=&#8221;5&#8243; css=&#8221;.vc_custom_1730200256149{background-image: url(https:\/\/tajamarble.com\/wp-content\/uploads\/2024\/10\/14-1.png?id=20936) !important;}&#8221;][vc_column][vc_empty_space height=&#8221;22px&#8221;]\t\t<div class=\"wpb_content_element rigid-vertical-section-title\">\n\t\t\t<h2 style=\"color:#fcfcfc\">\t\t\t<span  class=\"rigid-icon-title vc-oi vc-oi-heart-empty rigid_icon_element-color-chino\" ><\/span> ARTICLE WRITTEN ABOUT PRODUCT\t\t\t<\/h2><\/div>[vc_custom_heading text=&#8221;Calacatta Uno Marble\u2019s versatility and visual impact make it suitable for a range of applications, enhancing spaces with its luxurious presence&#8221; font_container=&#8221;tag:h6|text_align:left|color:%23ffffff&#8221; google_fonts=&#8221;font_family:Antic%20Didone%3Aregular|font_style:400%20regular%3A400%3Anormal&#8221;][vc_empty_space height=&#8221;22px&#8221;][vc_row_inner][vc_column_inner width=&#8221;1\/4&#8243;][vc_single_image image=&#8221;20683&#8243; img_size=&#8221;large&#8221; alignment=&#8221;center&#8221; style=&#8221;vc_box_border&#8221; border_color=&#8221;chino&#8221;][\/vc_column_inner][vc_column_inner width=&#8221;1\/4&#8243;][vc_btn title=&#8221;&#8221; style=&#8221;outline&#8221; shape=&#8221;square&#8221; align=&#8221;center&#8221; i_icon_fontawesome=&#8221;fas fa-book-open&#8221; button_block=&#8221;true&#8221; add_icon=&#8221;true&#8221; link=&#8221;|||&#8221;][vc_btn title=&#8221;&#8221; style=&#8221;outline&#8221; shape=&#8221;square&#8221; align=&#8221;center&#8221; i_icon_fontawesome=&#8221;fas fa-book-open&#8221; button_block=&#8221;true&#8221; add_icon=&#8221;true&#8221; link=&#8221;|||&#8221;][\/vc_column_inner][vc_column_inner width=&#8221;1\/4&#8243;][vc_btn title=&#8221;&#8221; style=&#8221;outline&#8221; shape=&#8221;square&#8221; align=&#8221;center&#8221; i_icon_fontawesome=&#8221;fas fa-book-open&#8221; button_block=&#8221;true&#8221; add_icon=&#8221;true&#8221; link=&#8221;|||&#8221;][vc_btn title=&#8221;&#8221; style=&#8221;outline&#8221; shape=&#8221;square&#8221; align=&#8221;center&#8221; i_icon_fontawesome=&#8221;fas fa-book-open&#8221; button_block=&#8221;true&#8221; add_icon=&#8221;true&#8221; link=&#8221;|||&#8221;][\/vc_column_inner][vc_column_inner width=&#8221;1\/4&#8243;][vc_btn title=&#8221;&#8221; style=&#8221;outline&#8221; shape=&#8221;square&#8221; align=&#8221;center&#8221; i_icon_fontawesome=&#8221;fas fa-book-open&#8221; button_block=&#8221;true&#8221; add_icon=&#8221;true&#8221; link=&#8221;|||&#8221;][vc_btn title=&#8221;&#8221; style=&#8221;outline&#8221; shape=&#8221;square&#8221; align=&#8221;center&#8221; i_icon_fontawesome=&#8221;fas fa-book-open&#8221; button_block=&#8221;true&#8221; add_icon=&#8221;true&#8221; link=&#8221;|||&#8221;][\/vc_column_inner][\/vc_row_inner][\/vc_column][\/vc_row][vc_row full_width=&#8221;stretch_row&#8221; full_height=&#8221;yes&#8221; content_placement=&#8221;middle&#8221;][vc_column][vc_empty_space height=&#8221;22px&#8221;][vc_custom_heading text=&#8221;Images of Previously Manufactured Products&#8221; font_container=&#8221;tag:h1|text_align:left|color:%23545454&#8243; google_fonts=&#8221;font_family:Antic%20Didone%3Aregular|font_style:400%20regular%3A400%3Anormal&#8221;][vc_empty_space height=&#8221;22px&#8221;][vc_custom_heading text=&#8221;Caring for Calacatta Uno Marble To maintain Calacatta Uno Marble\u2019s pristine look, routine care is recommended. Applying a protective sealant helps to guard against stains, particularly in high-use areas like kitchens and bathrooms. Cleaning with gentle, pH-neutral products will help preserve its finish, while avoiding acidic or abrasive cleaners will prevent damage to the marble\u2019s surface.&#8221; font_container=&#8221;tag:h6|text_align:left|color:%230a0a0a&#8221; google_fonts=&#8221;font_family:Antic%20Didone%3Aregular|font_style:400%20regular%3A400%3Anormal&#8221;][vc_empty_space height=&#8221;22px&#8221;][vc_row_inner][vc_column_inner width=&#8221;1\/4&#8243;][vc_single_image image=&#8221;13185&#8243; img_size=&#8221;600&#215;600&#8243; alignment=&#8221;center&#8221; style=&#8221;vc_box_shadow_border&#8221; onclick=&#8221;link_image&#8221;][\/vc_column_inner][vc_column_inner width=&#8221;1\/4&#8243;][vc_single_image image=&#8221;13184&#8243; img_size=&#8221;600&#215;600&#8243; alignment=&#8221;center&#8221; style=&#8221;vc_box_shadow_border&#8221; onclick=&#8221;link_image&#8221;][\/vc_column_inner][vc_column_inner width=&#8221;1\/4&#8243;][vc_single_image image=&#8221;13183&#8243; img_size=&#8221;600&#215;600&#8243; alignment=&#8221;center&#8221; style=&#8221;vc_box_shadow_border&#8221; onclick=&#8221;link_image&#8221;][\/vc_column_inner][vc_column_inner width=&#8221;1\/4&#8243;][vc_single_image image=&#8221;13181&#8243; img_size=&#8221;600&#215;600&#8243; alignment=&#8221;center&#8221; style=&#8221;vc_box_shadow_border&#8221; onclick=&#8221;link_image&#8221;][\/vc_column_inner][\/vc_row_inner][vc_custom_heading text=&#8221;Why Choose Calacatta Uno Marble? Calacatta Uno Marble is a timeless choice for those who seek elegance, quality, and luxury in their spaces. Its classic beauty and versatile color palette make it adaptable to various design styles, from traditional to modern. Choosing Calacatta Uno means investing in a material that elevates interiors with a sense of refinement and sophistication, ensuring that spaces remain timeless and captivating&#8221; font_container=&#8221;tag:h6|text_align:left|color:%230a0a0a&#8221; google_fonts=&#8221;font_family:Antic%20Didone%3Aregular|font_style:400%20regular%3A400%3Anormal&#8221;][vc_empty_space height=&#8221;30px&#8221;][vc_custom_heading text=&#8221;* Images of Natural Stone are indicative only. Please contact your local branch to view slabs in person.&#8221; font_container=&#8221;tag:h6|text_align:left|color:%230a0a0a&#8221; google_fonts=&#8221;font_family:Antic%20Didone%3Aregular|font_style:400%20regular%3A400%3Anormal&#8221;][vc_empty_space height=&#8221;90px&#8221;][\/vc_column][\/vc_row][vc_row full_width=&#8221;stretch_row&#8221; css=&#8221;.vc_custom_1730201193351{background-image: url(https:\/\/tajamarble.com\/wp-content\/uploads\/2024\/10\/14-1.png?id=20936) !important;}&#8221;][vc_column][vc_empty_space height=&#8221;10px&#8221;]\t\t<div class=\"wpb_content_element rigid-vertical-section-title\">\n\t\t\t<h3 style=\"color:#fcfcfc\">\t\t\t<span  class=\"rigid-icon-title fas fa-warehouse rigid_icon_element-color-chino\" ><\/span> CURRENT STOCK ABOUT PRODUCT\t\t\t<\/h3><\/div>[vc_empty_space height=&#8221;15px&#8221;][vc_custom_heading text=&#8221;Calacatta Uno Marble is a true testament to the enduring appeal of natural stone. Its bright, elegant appearance and unique veining make it a standout choice for creating luxurious and inviting spaces. Whether used in kitchens, bathrooms, or as decorative accents, Calacatta Uno Marble transforms interiors into expressions of beauty and class, making it an ideal option for those with a refined aesthetic&#8221; font_container=&#8221;tag:h6|text_align:left|color:%23ffffff&#8221; google_fonts=&#8221;font_family:Antic%20Didone%3Aregular|font_style:400%20regular%3A400%3Anormal&#8221;][vc_empty_space][\/vc_column][\/vc_row][vc_row full_width=&#8221;stretch_row&#8221; gap=&#8221;5&#8243; css=&#8221;.vc_custom_1730201306196{background-image: url(https:\/\/tajamarble.com\/wp-content\/uploads\/2024\/10\/Adsiz-tasarim-7.png?id=20819) !important;}&#8221;][vc_column][vc_empty_space height=&#8221;10px&#8221;][vc_row_inner][vc_column_inner width=&#8221;1\/4&#8243;][vc_single_image image=&#8221;21008&#8243; img_size=&#8221;full&#8221; alignment=&#8221;center&#8221; style=&#8221;vc_box_border&#8221; border_color=&#8221;chino&#8221;][\/vc_column_inner][vc_column_inner width=&#8221;3\/4&#8243;][vc_masonry_grid post_type=&#8221;rigid-portfolio&#8221; max_items=&#8221;3&#8243; gap=&#8221;20&#8243; item=&#8221;basicGrid_NoAnimation&#8221; initial_loading_animation=&#8221;none&#8221; grid_id=&#8221;vc_gid:1730923358227-02d92093-2069-10&#8243; taxonomies=&#8221;5645&#8243;][\/vc_column_inner][\/vc_row_inner][\/vc_column][\/vc_row][vc_row full_width=&#8221;stretch_row_content_no_spaces&#8221; css=&#8221;.vc_custom_1662728612264{background-image: url(https:\/\/tajamarble.com\/wp-content\/uploads\/2022\/08\/1-2.png?id=15393) !important;}&#8221;][vc_column][vc_empty_space][\/vc_column][\/vc_row]<\/p>\n<\/div>","protected":false},"excerpt":{"rendered":"<p>[vc_row full_width=&#8221;stretch_row&#8221; css=&#8221;.vc_custom_1730728476220{background-image: url(https:\/\/tajamarble.com\/wp-content\/uploads\/2024\/10\/8-1.png?id=20829) !important;}&#8221;][vc_column width=&#8221;1\/4&#8243; css=&#8221;.vc_custom_1663333576314{background-position: center !important;background-repeat: no-repeat !important;background-size: cover !important;}&#8221;][vc_single_image image=&#8221;21476&#8243; img_size=&#8221;601&#215;1150&#8243; alignment=&#8221;center&#8221; style=&#8221;vc_box_shadow_3d&#8221; onclick=&#8221;zoom&#8221;][\/vc_column][vc_column width=&#8221;3\/4&#8243;][vc_empty_space height=&#8221;30px&#8221;][vc_row_inner][vc_column_inner width=&#8221;1\/4&#8243;][vc_empty_space][vc_separator color=&#8221;chino&#8221; border_width=&#8221;2&#8243;][\/vc_column_inner][vc_column_inner width=&#8221;3\/4&#8243;][vc_custom_heading text=&#8221;Calacatta Uno Marble&#8221; font_container=&#8221;tag:h1|text_align:left|color:%23545454&#8243; google_fonts=&#8221;font_family:Antic%20Didone%3Aregular|font_style:400%20regular%3A400%3Anormal&#8221;][vc_custom_heading text=&#8221;Marble Calacatta Uno Marble is a premium natural stone that embodies elegance, sophistication, and a sense of timeless beauty. &#8221; font_container=&#8221;tag:p|text_align:left|color:%230a0a0a&#8221; google_fonts=&#8221;font_family:Antic%20Didone%3Aregular|font_style:400%20regular%3A400%3Anormal&#8221;][vc_custom_heading text=&#8221;Known for its bright white background and intricate gray veining, this marble, sourced from the finest quarries, adds a luxurious touch to any interior.&#8221; font_container=&#8221;tag:p|text_align:left|color:%230a0a0a&#8221; google_fonts=&#8221;font_family:Antic%20Didone%3Aregular|font_style:400%20regular%3A400%3Anormal&#8221;][\/vc_column_inner][\/vc_row_inner][vc_row_inner][vc_column_inner width=&#8221;1\/4&#8243;][\/vc_column_inner][vc_column_inner width=&#8221;3\/4&#8243;][\/vc_column_inner][\/vc_row_inner][vc_row_inner][vc_column_inner width=&#8221;1\/4&#8243;][\/vc_column_inner][vc_column_inner width=&#8221;3\/4&#8243;][vc_custom_heading text=&#8221;Whether in classic or contemporary designs, Calacatta Uno\u2019s refined aesthetic has made it a staple in high-end residential and commercial projects around the world.&#8221; font_container=&#8221;tag:p|text_align:left|color:%230a0a0a&#8221; google_fonts=&#8221;font_family:Antic%20Didone%3Aregular|font_style:400%20regular%3A400%3Anormal&#8221;][vc_btn title=&#8221;Enquire Now&#8221; style=&#8221;outline&#8221; &#8230;<a class=\"r_more_blog\" href=\"https:\/\/tajamarble.com\/tr\/calacatta-uno-mermer\/#more-12373\"><i class=\"fa fa-sign-in\"><\/i> read more<\/a><\/p>\n","protected":false},"author":2,"featured_media":0,"parent":0,"menu_order":0,"comment_status":"closed","ping_status":"closed","template":"","meta":{"_sitemap_exclude":false,"_sitemap_priority":"","_sitemap_frequency":"","footnotes":""},"class_list":["post-12373","page","type-page","status-publish","hentry"],"translation":{"provider":"WPGlobus","version":"3.0.2","language":"tr","enabled_languages":["en","tr"],"languages":{"en":{"title":true,"content":true,"excerpt":false},"tr":{"title":false,"content":false,"excerpt":false}}},"yoast_head":"<!-- This site is optimized with the Yoast SEO plugin v27.3 - https:\/\/yoast.com\/product\/yoast-seo-wordpress\/ -->\n<title>Calacatta Uno Marble | Taja Marble by Kemaloglu - Turkish Natural Stone Supplier<\/title>\n<meta name=\"description\" content=\"Afyon \u015eeker Mermer, geleneksel ve modern \u00e7izgilerin birle\u015fti\u011fi \u015feker pembesi, krem ve \u00e7e\u015fitli renk damarl\u0131 mermerdir. Afyon \u015eeker Mermer\" \/>\n<meta name=\"robots\" content=\"index, follow, max-snippet:-1, max-image-preview:large, max-video-preview:-1\" \/>\n<link rel=\"canonical\" href=\"https:\/\/tajamarble.com\/calacatta-uno-marble\/\" \/>\n<meta property=\"og:locale\" content=\"tr_TR\" \/>\n<meta property=\"og:type\" content=\"article\" \/>\n<meta property=\"og:title\" content=\"Calacatta Uno Marble | Taja Marble by Kemaloglu - Turkish Natural Stone Supplier\" \/>\n<meta property=\"og:description\" content=\"Afyon \u015eeker Mermer, geleneksel ve modern \u00e7izgilerin birle\u015fti\u011fi \u015feker pembesi, krem ve \u00e7e\u015fitli renk damarl\u0131 mermerdir. Afyon \u015eeker Mermer\" \/>\n<meta property=\"og:url\" content=\"https:\/\/tajamarble.com\/calacatta-uno-marble\/\" \/>\n<meta property=\"og:site_name\" content=\"Taja Marble by Kemaloglu - Turkish Natural Stone Supplier\" \/>\n<meta property=\"article:modified_time\" content=\"2024-11-06T20:06:28+00:00\" \/>\n<meta name=\"twitter:card\" content=\"summary_large_image\" \/>\n<meta name=\"twitter:label1\" content=\"Tahmini okuma s\u00fcresi\" \/>\n\t<meta name=\"twitter:data1\" content=\"3 dakika\" \/>\n<script type=\"application\/ld+json\" class=\"yoast-schema-graph\">{\"@context\":\"https:\\\/\\\/schema.org\",\"@graph\":[{\"@type\":\"WebPage\",\"@id\":\"https:\\\/\\\/tajamarble.com\\\/calacatta-uno-marble\\\/\",\"url\":\"https:\\\/\\\/tajamarble.com\\\/calacatta-uno-marble\\\/\",\"name\":\"Calacatta Uno Marble | Taja Marble by Kemaloglu - Turkish Natural Stone Supplier\",\"isPartOf\":{\"@id\":\"https:\\\/\\\/tajamarble.com\\\/#website\"},\"datePublished\":\"2020-12-24T19:34:57+00:00\",\"dateModified\":\"2024-11-06T20:06:28+00:00\",\"description\":\"Afyon Honey Marble, with oriental lines, that can be applied to various projects such as wide, narrow, indoor and outdoor applications.\",\"breadcrumb\":{\"@id\":\"https:\\\/\\\/tajamarble.com\\\/calacatta-uno-marble\\\/#breadcrumb\"},\"inLanguage\":\"tr\",\"potentialAction\":[{\"@type\":\"ReadAction\",\"target\":[\"https:\\\/\\\/tajamarble.com\\\/calacatta-uno-marble\\\/\"]}]},{\"@type\":\"BreadcrumbList\",\"@id\":\"https:\\\/\\\/tajamarble.com\\\/calacatta-uno-marble\\\/#breadcrumb\",\"itemListElement\":[{\"@type\":\"ListItem\",\"position\":1,\"name\":\"Ana sayfa\",\"item\":\"https:\\\/\\\/tajamarble.com\\\/\"},{\"@type\":\"ListItem\",\"position\":2,\"name\":\"Calacatta Uno Marble\"}]},{\"@type\":\"WebSite\",\"@id\":\"https:\\\/\\\/tajamarble.com\\\/#website\",\"url\":\"https:\\\/\\\/tajamarble.com\\\/\",\"name\":\"Taja Marble by Kemaloglu\",\"description\":\"Turkish Natural Stone Supplier\",\"publisher\":{\"@id\":\"https:\\\/\\\/tajamarble.com\\\/#organization\"},\"potentialAction\":[{\"@type\":\"SearchAction\",\"target\":{\"@type\":\"EntryPoint\",\"urlTemplate\":\"https:\\\/\\\/tajamarble.com\\\/?s={search_term_string}\"},\"query-input\":{\"@type\":\"PropertyValueSpecification\",\"valueRequired\":true,\"valueName\":\"search_term_string\"}}],\"inLanguage\":\"tr\"},{\"@type\":\"Organization\",\"@id\":\"https:\\\/\\\/tajamarble.com\\\/#organization\",\"name\":\"TAJA MARBLE\",\"url\":\"https:\\\/\\\/tajamarble.com\\\/\",\"logo\":{\"@type\":\"ImageObject\",\"inLanguage\":\"tr\",\"@id\":\"https:\\\/\\\/tajamarble.com\\\/#\\\/schema\\\/logo\\\/image\\\/\",\"url\":\"https:\\\/\\\/i0.wp.com\\\/tajamarble.com\\\/wp-content\\\/uploads\\\/2018\\\/09\\\/yeni-logo.png?fit=546%2C365&ssl=1\",\"contentUrl\":\"https:\\\/\\\/i0.wp.com\\\/tajamarble.com\\\/wp-content\\\/uploads\\\/2018\\\/09\\\/yeni-logo.png?fit=546%2C365&ssl=1\",\"width\":546,\"height\":365,\"caption\":\"TAJA MARBLE\"},\"image\":{\"@id\":\"https:\\\/\\\/tajamarble.com\\\/#\\\/schema\\\/logo\\\/image\\\/\"}}]}<\/script>\n<!-- \/ Yoast SEO plugin. -->","yoast_head_json":{"title":"Calacatta Uno Marble | Taja Marble by Kemaloglu - Turkish Natural Stone Supplier","description":"Afyon \u015eeker Mermer, geleneksel ve modern \u00e7izgilerin birle\u015fti\u011fi \u015feker pembesi, krem ve \u00e7e\u015fitli renk damarl\u0131 mermerdir. Afyon \u015eeker Mermer","robots":{"index":"index","follow":"follow","max-snippet":"max-snippet:-1","max-image-preview":"max-image-preview:large","max-video-preview":"max-video-preview:-1"},"canonical":"https:\/\/tajamarble.com\/calacatta-uno-marble\/","og_locale":"tr_TR","og_type":"article","og_title":"Calacatta Uno Marble | Taja Marble by Kemaloglu - Turkish Natural Stone Supplier","og_description":"Afyon \u015eeker Mermer, geleneksel ve modern \u00e7izgilerin birle\u015fti\u011fi \u015feker pembesi, krem ve \u00e7e\u015fitli renk damarl\u0131 mermerdir. Afyon \u015eeker Mermer","og_url":"https:\/\/tajamarble.com\/calacatta-uno-marble\/","og_site_name":"Taja Marble by Kemaloglu - Turkish Natural Stone Supplier","article_modified_time":"2024-11-06T20:06:28+00:00","twitter_card":"summary_large_image","twitter_misc":{"Tahmini okuma s\u00fcresi":"3 dakika"},"schema":{"@context":"https:\/\/schema.org","@graph":[{"@type":"WebPage","@id":"https:\/\/tajamarble.com\/calacatta-uno-marble\/","url":"https:\/\/tajamarble.com\/calacatta-uno-marble\/","name":"Calacatta Uno Marble | Taja Marble by Kemaloglu - Turkish Natural Stone Supplier","isPartOf":{"@id":"https:\/\/tajamarble.com\/#website"},"datePublished":"2020-12-24T19:34:57+00:00","dateModified":"2024-11-06T20:06:28+00:00","description":"Afyon Honey Marble, with oriental lines, that can be applied to various projects such as wide, narrow, indoor and outdoor applications.","breadcrumb":{"@id":"https:\/\/tajamarble.com\/calacatta-uno-marble\/#breadcrumb"},"inLanguage":"tr","potentialAction":[{"@type":"ReadAction","target":["https:\/\/tajamarble.com\/calacatta-uno-marble\/"]}]},{"@type":"BreadcrumbList","@id":"https:\/\/tajamarble.com\/calacatta-uno-marble\/#breadcrumb","itemListElement":[{"@type":"ListItem","position":1,"name":"Ana sayfa","item":"https:\/\/tajamarble.com\/"},{"@type":"ListItem","position":2,"name":"Calacatta Uno Marble"}]},{"@type":"WebSite","@id":"https:\/\/tajamarble.com\/#website","url":"https:\/\/tajamarble.com\/","name":"Taja Marble by Kemaloglu","description":"Turkish Natural Stone Supplier","publisher":{"@id":"https:\/\/tajamarble.com\/#organization"},"potentialAction":[{"@type":"SearchAction","target":{"@type":"EntryPoint","urlTemplate":"https:\/\/tajamarble.com\/?s={search_term_string}"},"query-input":{"@type":"PropertyValueSpecification","valueRequired":true,"valueName":"search_term_string"}}],"inLanguage":"tr"},{"@type":"Organization","@id":"https:\/\/tajamarble.com\/#organization","name":"TAJA MARBLE","url":"https:\/\/tajamarble.com\/","logo":{"@type":"ImageObject","inLanguage":"tr","@id":"https:\/\/tajamarble.com\/#\/schema\/logo\/image\/","url":"https:\/\/i0.wp.com\/tajamarble.com\/wp-content\/uploads\/2018\/09\/yeni-logo.png?fit=546%2C365&ssl=1","contentUrl":"https:\/\/i0.wp.com\/tajamarble.com\/wp-content\/uploads\/2018\/09\/yeni-logo.png?fit=546%2C365&ssl=1","width":546,"height":365,"caption":"TAJA MARBLE"},"image":{"@id":"https:\/\/tajamarble.com\/#\/schema\/logo\/image\/"}}]}},"_links":{"self":[{"href":"https:\/\/tajamarble.com\/tr\/wp-json\/wp\/v2\/pages\/12373","targetHints":{"allow":["GET"]}}],"collection":[{"href":"https:\/\/tajamarble.com\/tr\/wp-json\/wp\/v2\/pages"}],"about":[{"href":"https:\/\/tajamarble.com\/tr\/wp-json\/wp\/v2\/types\/page"}],"author":[{"embeddable":true,"href":"https:\/\/tajamarble.com\/tr\/wp-json\/wp\/v2\/users\/2"}],"replies":[{"embeddable":true,"href":"https:\/\/tajamarble.com\/tr\/wp-json\/wp\/v2\/comments?post=12373"}],"version-history":[{"count":13,"href":"https:\/\/tajamarble.com\/tr\/wp-json\/wp\/v2\/pages\/12373\/revisions"}],"predecessor-version":[{"id":21481,"href":"https:\/\/tajamarble.com\/tr\/wp-json\/wp\/v2\/pages\/12373\/revisions\/21481"}],"wp:attachment":[{"href":"https:\/\/tajamarble.com\/tr\/wp-json\/wp\/v2\/media?parent=12373"}],"curies":[{"name":"wp","href":"https:\/\/api.w.org\/{rel}","templated":true}]}}