{"id":18268,"date":"2023-03-31T17:45:01","date_gmt":"2023-03-31T17:45:01","guid":{"rendered":"https:\/\/tajamarble.com\/?page_id=18268"},"modified":"2023-03-31T17:45:01","modified_gmt":"2023-03-31T17:45:01","slug":"travertin-tumbled-hardscape-materialien-zeitlos-und-rustikal","status":"publish","type":"page","link":"https:\/\/tajamarble.com\/tr\/travertin-tumbled-hardscape-materialien-zeitlos-und-rustikal\/","title":{"rendered":"Travertin Tumbled Hardscape Materialien: Zeitlos und Rustikal"},"content":{"rendered":"<div class=\"wpb-content-wrapper\"><p>[vc_row full_width=&#8221;stretch_row&#8221; css=&#8221;.vc_custom_1663671650227{background-image: url(https:\/\/tajamarble.com\/wp-content\/uploads\/2022\/09\/1-2.jpg?id=16519) !important;}&#8221;][vc_column width=&#8221;1\/3&#8243; css=&#8221;.vc_custom_1663333576314{background-position: center !important;background-repeat: no-repeat !important;background-size: cover !important;}&#8221;][vc_single_image image=&#8221;16864&#8243; img_size=&#8221;600&#215;800&#8243; alignment=&#8221;center&#8221; style=&#8221;vc_box_shadow_3d&#8221; onclick=&#8221;link_image&#8221;][vc_empty_space height=&#8221;22px&#8221;]\t\t<div class=\"wpb_content_element rigid-vertical-section-title\">\n\t\t\t<h6 >\t\t\t<span  class=\"rigid-icon-title fas fa-warehouse rigid_icon_element-color-chino\" ><\/span> Total Stock : Please ask your sales representative.\t\t\t<\/h6><\/div>[vc_empty_space height=&#8221;22px&#8221;][vc_btn title=&#8221;Go to Product Home Page&#8221; style=&#8221;outline&#8221; shape=&#8221;square&#8221; color=&#8221;mulled-wine&#8221; size=&#8221;xs&#8221; i_icon_fontawesome=&#8221;fas fa-angle-right&#8221; add_icon=&#8221;true&#8221; link=&#8221;url:https%3A%2F%2Ftajamarble.com%2Ffrench-pattern-set%2F|title:Tundra%20Grey%20Marble||&#8221;][vc_empty_space height=&#8221;10px&#8221;][vc_raw_html]JTVCU2Fzc3lfU29jaWFsX1NoYXJlJTVE[\/vc_raw_html][\/vc_column][vc_column width=&#8221;2\/3&#8243;][vc_empty_space height=&#8221;10px&#8221;][vc_row_inner][vc_column_inner]\t\t<div class=\"wpb_content_element rigid-vertical-section-title\">\n\t\t\t<h6 >\t\t\t<span  class=\"rigid-icon-title fas fa-certificate rigid_icon_element-color-chino\" ><\/span> Discover Taja Quality\t\t\t<\/h6><\/div>[vc_custom_heading text=&#8221;Travertin Tumbled Hardscape Materialien: Zeitlos und Rustikal&#8221; font_container=&#8221;tag:h1|text_align:left|color:%23545454&#8243; google_fonts=&#8221;font_family:Antic%20Didone%3Aregular|font_style:400%20regular%3A400%3Anormal&#8221;][vc_empty_space height=&#8221;10px&#8221;][vc_custom_heading text=&#8221;Travertin ist ein nat\u00fcrliches Gestein, das in vielen verschiedenen Anwendungen verwendet wird, von Fu\u00dfb\u00f6den bis hin zu Arbeitsplatten und vielem mehr. Eines der beliebtesten Anwendungen von Travertin ist jedoch im Bereich der Hardscaping-Materialien. Hier wird Travertin h\u00e4ufig als Pflasterstein, Kies oder Schotter verwendet. Wenn Travertin jedoch getrommelt wird, entsteht ein rustikaler und zeitloser Look, der sich perfekt f\u00fcr viele Outdoor-Anwendungen eignet.<\/p>\n<p>Was ist Travertin?<\/p>\n<p>Travertin ist ein kalkhaltiges Gestein, das in hei\u00dfen Quellen und Kalkablagerungen entsteht. Es ist ein por\u00f6ses Gestein mit einem charakteristischen Aussehen, das aus winzigen Poren besteht, die das Gestein durchziehen. Das Ergebnis ist eine einzigartige Textur und Farbe, die je nach den Bedingungen, unter denen das Gestein entstanden ist, variiert.<\/p>\n<p>Travertin Tumbled Hardscape Materialien<\/p>\n<p>Wenn Travertin getrommelt wird, wird das Gestein in eine Trommel gegeben, in der es mit anderen Steinen und Kiesst\u00fccken gerollt wird. Durch diesen Prozess werden die Kanten und Ecken des Steins abgerundet und das Gestein erh\u00e4lt ein rustikales Aussehen, das sich perfekt f\u00fcr Hardscaping-Anwendungen eignet.<\/p>\n<p>Travertin Tumbled Hardscape Materialien sind in verschiedenen Gr\u00f6\u00dfen und Farben erh\u00e4ltlich und k\u00f6nnen f\u00fcr viele verschiedene Anwendungen im Freien verwendet werden. Pflastersteine, Schotter und Kies aus getrommeltem Travertin sind beliebt f\u00fcr Terrassen, Gehwege, Einfahrten und andere Bereiche im Freien. Das rustikale Aussehen von Travertin Tumbled Hardscape Materialien f\u00fcgt sich perfekt in nat\u00fcrliche Umgebungen ein und schafft eine einladende und warme Atmosph\u00e4re im Freien.<\/p>\n<p>Vorteile von Travertin Tumbled Hardscape Materialien<\/p>\n<p>Travertin Tumbled Hardscape Materialien bieten viele Vorteile f\u00fcr die Verwendung im Freien. Hier sind einige der Vorteile:<\/p>\n<p>Nat\u00fcrliches Aussehen: Getrommeltes Travertin hat ein rustikales und nat\u00fcrliches Aussehen, das sich perfekt in nat\u00fcrliche Umgebungen einf\u00fcgt.<\/p>\n<p>Langlebig: Travertin ist ein langlebiges Material, das jahrelang h\u00e4lt und resistent gegen Verschlei\u00df und Abnutzung ist.<\/p>\n<p>Rutschfest: Travertin Tumbled Hardscape Materialien bieten eine rutschfeste Oberfl\u00e4che, die f\u00fcr den Einsatz im Freien sicher ist.<\/p>\n<p>Geringe Wartung: Travertin erfordert nur minimale Wartung und kann leicht mit Wasser und Seife gereinigt werden.<\/p>\n<p>Fazit<\/p>\n<p>Travertin Tumbled Hardscape Materialien sind eine beliebte Wahl f\u00fcr die Verwendung im Freien. Das getrommelte Aussehen von Travertin verleiht jedem Au\u00dfenbereich ein rustikales und zeitloses Aussehen, das perfekt zu nat\u00fcrlichen Umgebungen passt. Ob f\u00fcr Terrassen,<br \/>\n&#8221; font_container=&#8221;tag:h6|text_align:left|color:%230a0a0a&#8221; google_fonts=&#8221;font_family:Antic%20Didone%3Aregular|font_style:400%20regular%3A400%3Anormal&#8221;][\/vc_column_inner][\/vc_row_inner][vc_row_inner][vc_column_inner][\/vc_column_inner][\/vc_row_inner][\/vc_column][\/vc_row][vc_row][vc_column][vc_empty_space height=&#8221;50px&#8221;][\/vc_column][\/vc_row][vc_row full_width=&#8221;stretch_row_content_no_spaces&#8221; css=&#8221;.vc_custom_1662728612264{background-image: url(https:\/\/tajamarble.com\/wp-content\/uploads\/2022\/08\/1-2.png?id=15393) !important;}&#8221;][vc_column][vc_empty_space][\/vc_column][\/vc_row]<\/p>\n<\/div>","protected":false},"excerpt":{"rendered":"<p>[vc_row full_width=&#8221;stretch_row&#8221; css=&#8221;.vc_custom_1663671650227{background-image: url(https:\/\/tajamarble.com\/wp-content\/uploads\/2022\/09\/1-2.jpg?id=16519) !important;}&#8221;][vc_column width=&#8221;1\/3&#8243; css=&#8221;.vc_custom_1663333576314{background-position: center !important;background-repeat: no-repeat !important;background-size: cover !important;}&#8221;][vc_single_image image=&#8221;16864&#8243; img_size=&#8221;600&#215;800&#8243; alignment=&#8221;center&#8221; style=&#8221;vc_box_shadow_3d&#8221; onclick=&#8221;link_image&#8221;][vc_empty_space height=&#8221;22px&#8221;][vc_empty_space height=&#8221;22px&#8221;][vc_btn title=&#8221;Go to Product Home Page&#8221; style=&#8221;outline&#8221; shape=&#8221;square&#8221; color=&#8221;mulled-wine&#8221; size=&#8221;xs&#8221; i_icon_fontawesome=&#8221;fas fa-angle-right&#8221; add_icon=&#8221;true&#8221; link=&#8221;url:https%3A%2F%2Ftajamarble.com%2Ffrench-pattern-set%2F|title:Tundra%20Grey%20Marble||&#8221;][vc_empty_space height=&#8221;10px&#8221;][vc_raw_html]JTVCU2Fzc3lfU29jaWFsX1NoYXJlJTVE[\/vc_raw_html][\/vc_column][vc_column width=&#8221;2\/3&#8243;][vc_empty_space height=&#8221;10px&#8221;][vc_row_inner][vc_column_inner][vc_custom_heading text=&#8221;Travertin Tumbled Hardscape Materialien: Zeitlos und Rustikal&#8221; font_container=&#8221;tag:h1|text_align:left|color:%23545454&#8243; google_fonts=&#8221;font_family:Antic%20Didone%3Aregular|font_style:400%20regular%3A400%3Anormal&#8221;][vc_empty_space height=&#8221;10px&#8221;][vc_custom_heading text=&#8221;Travertin ist ein nat\u00fcrliches Gestein, das in vielen verschiedenen Anwendungen verwendet wird, von Fu\u00dfb\u00f6den bis hin zu Arbeitsplatten und vielem mehr. Eines der beliebtesten Anwendungen von Travertin ist jedoch im Bereich der Hardscaping-Materialien. Hier wird Travertin h\u00e4ufig als Pflasterstein, Kies oder Schotter verwendet. Wenn Travertin jedoch getrommelt wird, entsteht ein rustikaler und zeitloser Look, der sich perfekt f\u00fcr viele Outdoor-Anwendungen eignet. Was ist Travertin? &#8230;<a class=\"r_more_blog\" href=\"https:\/\/tajamarble.com\/tr\/travertin-tumbled-hardscape-materialien-zeitlos-und-rustikal\/#more-18268\"><i class=\"fa fa-sign-in\"><\/i> read more<\/a><\/p>\n","protected":false},"author":2,"featured_media":0,"parent":0,"menu_order":0,"comment_status":"closed","ping_status":"closed","template":"","meta":{"_sitemap_exclude":false,"_sitemap_priority":"","_sitemap_frequency":"","footnotes":""},"class_list":["post-18268","page","type-page","status-publish","hentry"],"translation":{"provider":"WPGlobus","version":"3.0.2","language":"tr","enabled_languages":["en","tr"],"languages":{"en":{"title":true,"content":true,"excerpt":false},"tr":{"title":false,"content":false,"excerpt":false}}},"yoast_head":"<!-- This site is optimized with the Yoast SEO plugin v27.3 - https:\/\/yoast.com\/product\/yoast-seo-wordpress\/ -->\n<title>Travertin Tumbled Hardscape Materialien: Zeitlos und Rustikal | Taja Marble by Kemaloglu - Turkish Natural Stone Supplier<\/title>\n<meta name=\"robots\" content=\"index, follow, max-snippet:-1, max-image-preview:large, max-video-preview:-1\" \/>\n<link rel=\"canonical\" href=\"https:\/\/tajamarble.com\/travertin-tumbled-hardscape-materialien-zeitlos-und-rustikal\/\" \/>\n<meta property=\"og:locale\" content=\"tr_TR\" \/>\n<meta property=\"og:type\" content=\"article\" \/>\n<meta property=\"og:title\" content=\"Travertin Tumbled Hardscape Materialien: Zeitlos und Rustikal | Taja Marble by Kemaloglu - Turkish Natural Stone Supplier\" \/>\n<meta property=\"og:url\" content=\"https:\/\/tajamarble.com\/travertin-tumbled-hardscape-materialien-zeitlos-und-rustikal\/\" \/>\n<meta property=\"og:site_name\" content=\"Taja Marble by Kemaloglu - Turkish Natural Stone Supplier\" \/>\n<meta name=\"twitter:card\" content=\"summary_large_image\" \/>\n<script type=\"application\/ld+json\" class=\"yoast-schema-graph\">{\"@context\":\"https:\\\/\\\/schema.org\",\"@graph\":[{\"@type\":\"WebPage\",\"@id\":\"https:\\\/\\\/tajamarble.com\\\/travertin-tumbled-hardscape-materialien-zeitlos-und-rustikal\\\/\",\"url\":\"https:\\\/\\\/tajamarble.com\\\/travertin-tumbled-hardscape-materialien-zeitlos-und-rustikal\\\/\",\"name\":\"Travertin Tumbled Hardscape Materialien: Zeitlos und Rustikal | Taja Marble by Kemaloglu - Turkish Natural Stone Supplier\",\"isPartOf\":{\"@id\":\"https:\\\/\\\/tajamarble.com\\\/#website\"},\"datePublished\":\"2023-03-31T17:45:01+00:00\",\"description\":\"Travertin ist ein nat\u00fcrliches Gestein, das in vielen verschiedenen Anwendungen verwendet wird, von Fu\u00dfb\u00f6den bis hin zu Arbeitsplatten und vielem mehr.\",\"breadcrumb\":{\"@id\":\"https:\\\/\\\/tajamarble.com\\\/travertin-tumbled-hardscape-materialien-zeitlos-und-rustikal\\\/#breadcrumb\"},\"inLanguage\":\"tr\",\"potentialAction\":[{\"@type\":\"ReadAction\",\"target\":[\"https:\\\/\\\/tajamarble.com\\\/travertin-tumbled-hardscape-materialien-zeitlos-und-rustikal\\\/\"]}]},{\"@type\":\"BreadcrumbList\",\"@id\":\"https:\\\/\\\/tajamarble.com\\\/travertin-tumbled-hardscape-materialien-zeitlos-und-rustikal\\\/#breadcrumb\",\"itemListElement\":[{\"@type\":\"ListItem\",\"position\":1,\"name\":\"Ana sayfa\",\"item\":\"https:\\\/\\\/tajamarble.com\\\/\"},{\"@type\":\"ListItem\",\"position\":2,\"name\":\"Travertin Tumbled Hardscape Materialien: Zeitlos und Rustikal\"}]},{\"@type\":\"WebSite\",\"@id\":\"https:\\\/\\\/tajamarble.com\\\/#website\",\"url\":\"https:\\\/\\\/tajamarble.com\\\/\",\"name\":\"Taja Marble by Kemaloglu\",\"description\":\"Turkish Natural Stone Supplier\",\"publisher\":{\"@id\":\"https:\\\/\\\/tajamarble.com\\\/#organization\"},\"potentialAction\":[{\"@type\":\"SearchAction\",\"target\":{\"@type\":\"EntryPoint\",\"urlTemplate\":\"https:\\\/\\\/tajamarble.com\\\/?s={search_term_string}\"},\"query-input\":{\"@type\":\"PropertyValueSpecification\",\"valueRequired\":true,\"valueName\":\"search_term_string\"}}],\"inLanguage\":\"tr\"},{\"@type\":\"Organization\",\"@id\":\"https:\\\/\\\/tajamarble.com\\\/#organization\",\"name\":\"TAJA MARBLE\",\"url\":\"https:\\\/\\\/tajamarble.com\\\/\",\"logo\":{\"@type\":\"ImageObject\",\"inLanguage\":\"tr\",\"@id\":\"https:\\\/\\\/tajamarble.com\\\/#\\\/schema\\\/logo\\\/image\\\/\",\"url\":\"https:\\\/\\\/i0.wp.com\\\/tajamarble.com\\\/wp-content\\\/uploads\\\/2018\\\/09\\\/yeni-logo.png?fit=546%2C365&ssl=1\",\"contentUrl\":\"https:\\\/\\\/i0.wp.com\\\/tajamarble.com\\\/wp-content\\\/uploads\\\/2018\\\/09\\\/yeni-logo.png?fit=546%2C365&ssl=1\",\"width\":546,\"height\":365,\"caption\":\"TAJA MARBLE\"},\"image\":{\"@id\":\"https:\\\/\\\/tajamarble.com\\\/#\\\/schema\\\/logo\\\/image\\\/\"}}]}<\/script>\n<!-- \/ Yoast SEO plugin. -->","yoast_head_json":{"title":"Travertin Tumbled Hardscape Materialien: Zeitlos und Rustikal | Taja Marble by Kemaloglu - Turkish Natural Stone Supplier","robots":{"index":"index","follow":"follow","max-snippet":"max-snippet:-1","max-image-preview":"max-image-preview:large","max-video-preview":"max-video-preview:-1"},"canonical":"https:\/\/tajamarble.com\/travertin-tumbled-hardscape-materialien-zeitlos-und-rustikal\/","og_locale":"tr_TR","og_type":"article","og_title":"Travertin Tumbled Hardscape Materialien: Zeitlos und Rustikal | Taja Marble by Kemaloglu - Turkish Natural Stone Supplier","og_url":"https:\/\/tajamarble.com\/travertin-tumbled-hardscape-materialien-zeitlos-und-rustikal\/","og_site_name":"Taja Marble by Kemaloglu - Turkish Natural Stone Supplier","twitter_card":"summary_large_image","schema":{"@context":"https:\/\/schema.org","@graph":[{"@type":"WebPage","@id":"https:\/\/tajamarble.com\/travertin-tumbled-hardscape-materialien-zeitlos-und-rustikal\/","url":"https:\/\/tajamarble.com\/travertin-tumbled-hardscape-materialien-zeitlos-und-rustikal\/","name":"Travertin Tumbled Hardscape Materialien: Zeitlos und Rustikal | Taja Marble by Kemaloglu - Turkish Natural Stone Supplier","isPartOf":{"@id":"https:\/\/tajamarble.com\/#website"},"datePublished":"2023-03-31T17:45:01+00:00","description":"Travertin ist ein nat\u00fcrliches Gestein, das in vielen verschiedenen Anwendungen verwendet wird, von Fu\u00dfb\u00f6den bis hin zu Arbeitsplatten und vielem mehr.","breadcrumb":{"@id":"https:\/\/tajamarble.com\/travertin-tumbled-hardscape-materialien-zeitlos-und-rustikal\/#breadcrumb"},"inLanguage":"tr","potentialAction":[{"@type":"ReadAction","target":["https:\/\/tajamarble.com\/travertin-tumbled-hardscape-materialien-zeitlos-und-rustikal\/"]}]},{"@type":"BreadcrumbList","@id":"https:\/\/tajamarble.com\/travertin-tumbled-hardscape-materialien-zeitlos-und-rustikal\/#breadcrumb","itemListElement":[{"@type":"ListItem","position":1,"name":"Ana sayfa","item":"https:\/\/tajamarble.com\/"},{"@type":"ListItem","position":2,"name":"Travertin Tumbled Hardscape Materialien: Zeitlos und Rustikal"}]},{"@type":"WebSite","@id":"https:\/\/tajamarble.com\/#website","url":"https:\/\/tajamarble.com\/","name":"Taja Marble by Kemaloglu","description":"Turkish Natural Stone Supplier","publisher":{"@id":"https:\/\/tajamarble.com\/#organization"},"potentialAction":[{"@type":"SearchAction","target":{"@type":"EntryPoint","urlTemplate":"https:\/\/tajamarble.com\/?s={search_term_string}"},"query-input":{"@type":"PropertyValueSpecification","valueRequired":true,"valueName":"search_term_string"}}],"inLanguage":"tr"},{"@type":"Organization","@id":"https:\/\/tajamarble.com\/#organization","name":"TAJA MARBLE","url":"https:\/\/tajamarble.com\/","logo":{"@type":"ImageObject","inLanguage":"tr","@id":"https:\/\/tajamarble.com\/#\/schema\/logo\/image\/","url":"https:\/\/i0.wp.com\/tajamarble.com\/wp-content\/uploads\/2018\/09\/yeni-logo.png?fit=546%2C365&ssl=1","contentUrl":"https:\/\/i0.wp.com\/tajamarble.com\/wp-content\/uploads\/2018\/09\/yeni-logo.png?fit=546%2C365&ssl=1","width":546,"height":365,"caption":"TAJA MARBLE"},"image":{"@id":"https:\/\/tajamarble.com\/#\/schema\/logo\/image\/"}}]}},"_links":{"self":[{"href":"https:\/\/tajamarble.com\/tr\/wp-json\/wp\/v2\/pages\/18268","targetHints":{"allow":["GET"]}}],"collection":[{"href":"https:\/\/tajamarble.com\/tr\/wp-json\/wp\/v2\/pages"}],"about":[{"href":"https:\/\/tajamarble.com\/tr\/wp-json\/wp\/v2\/types\/page"}],"author":[{"embeddable":true,"href":"https:\/\/tajamarble.com\/tr\/wp-json\/wp\/v2\/users\/2"}],"replies":[{"embeddable":true,"href":"https:\/\/tajamarble.com\/tr\/wp-json\/wp\/v2\/comments?post=18268"}],"version-history":[{"count":1,"href":"https:\/\/tajamarble.com\/tr\/wp-json\/wp\/v2\/pages\/18268\/revisions"}],"predecessor-version":[{"id":18269,"href":"https:\/\/tajamarble.com\/tr\/wp-json\/wp\/v2\/pages\/18268\/revisions\/18269"}],"wp:attachment":[{"href":"https:\/\/tajamarble.com\/tr\/wp-json\/wp\/v2\/media?parent=18268"}],"curies":[{"name":"wp","href":"https:\/\/api.w.org\/{rel}","templated":true}]}}