{"id":7517,"date":"2019-12-02T09:00:31","date_gmt":"2019-12-02T09:00:31","guid":{"rendered":"http:\/\/tajamarble.com\/?page_id=7517"},"modified":"2025-12-17T13:15:34","modified_gmt":"2025-12-17T13:15:34","slug":"about-us-taja","status":"publish","type":"page","link":"https:\/\/tajamarble.com\/tr\/hakkimizda\/","title":{"rendered":"Hakkimizda"},"content":{"rendered":"<div class=\"wpb-content-wrapper\"><p>[vc_row full_width=&#8221;stretch_row&#8221; full_height=&#8221;yes&#8221; columns_placement=&#8221;top&#8221; css=&#8221;.vc_custom_1765964930369{background-image: url(https:\/\/tajamarble.com\/wp-content\/uploads\/2025\/12\/taja-marble-7.png?id=25851) !important;}&#8221;][vc_column][vc_empty_space height=&#8221;190px&#8221;][vc_row_inner content_placement=&#8221;top&#8221;][vc_column_inner][vc_btn title=&#8221;1975\u2019ten Bu Yana&#8221; style=&#8221;outline&#8221; color=&#8221;black&#8221; align=&#8221;left&#8221; i_icon_fontawesome=&#8221;far fa-circle&#8221; css_animation=&#8221;bounceInLeft&#8221; add_icon=&#8221;true&#8221;][vc_custom_heading text=&#8221;Bir Hikayemiz Var \u2013 Sizinle Paylasmak Istiyoruz&#8221; font_container=&#8221;tag:h1|text_align:left&#8221; google_fonts=&#8221;font_family:Adamina%3Aregular|font_style:400%20regular%3A400%3Anormal&#8221;][vc_custom_heading text=&#8221;Tastan Hikayeye \u2014 Zanaat, Tutku ve Zamanla Sekillenen Bir Yolculuk&#8221; font_container=&#8221;tag:h3|text_align:left|color:%23655425&#8243; google_fonts=&#8221;font_family:Adamina%3Aregular|font_style:400%20regular%3A400%3Anormal&#8221;][vc_column_text]<\/p>\n<div class=\"wpb_text_column wpb_content_element \">\n<div class=\"wpb_wrapper\">\n<p><span style=\"color: #000000;\">Firmamiz, yeni renkler ve malzemeler uzerine surekli olarak ileri duzey arastirmalar yapmaktadir. Yillar icinde gelistirdigimiz ve ince ayarini yaptigimiz bilgi birikimi sayesinde, ne kadar ozel olursa olsun musterilerimizin tum taleplerini karsilayabilmekteyiz. Bununla birlikte, mermer, granit, oniks, traverten ve dogal tasin uretimi ve islenmesi konusunda edindigimiz kapsamli deneyimi hizmetlerine sunmaktayiz.<\/span><\/p>\n<\/div>\n<\/div>\n<p>[\/vc_column_text][vc_separator color=&#8221;chino&#8221;][vc_column_text]<\/p>\n<div class=\"wpb_text_column wpb_content_element \">\n<div class=\"wpb_wrapper\">\n<div class=\"wpb_text_column wpb_content_element \">\n<div class=\"wpb_wrapper\">\n<p data-start=\"85\" data-end=\"365\"><span style=\"color: #000000;\">Yeni renkler ve malzemeler uzerine surekli olarak ileri teknoloji odakli calismalar yurutmekteyiz. Yillar icerisinde gelistirdigimiz ve gelismis hale getirdigimiz bilgi birikimimiz sayesinde, musterilerimizin sahip olabilecegi her turlu talebi etkin sekilde yonetebilmekteyiz.<\/span><\/p>\n<p data-start=\"367\" data-end=\"679\"><span style=\"color: #000000;\">Kuresel pazarda bulunan her turlu dogal tas urununu tedarik edebilmekteyiz. Ana ihracat urunlerimiz slab ve tile olup, tum olculer ve renk seceneklerinde sunulmaktadir. Ayrica, cok az firmanin sunabildigi duzeyde denetim ve maksimum kontrol sistemiyle desteklenen ust duzey cut-to-size hizmeti saglamaktayiz.<\/span><\/p>\n<\/div>\n<\/div>\n<\/div>\n<\/div>\n<p>[\/vc_column_text][\/vc_column_inner][\/vc_row_inner][vc_empty_space][vc_row_inner gap=&#8221;15&#8243;][vc_column_inner width=&#8221;1\/4&#8243; css=&#8221;.vc_custom_1765958318900{background-color: #ffffff !important;border-radius: 15px !important;}&#8221;][vc_custom_heading text=&#8221;Dogal Tas Danismanligi&#8221; font_container=&#8221;tag:h5|text_align:center|color:%23655425&#8243; google_fonts=&#8221;font_family:Adamina%3Aregular|font_style:400%20regular%3A400%3Anormal&#8221;][vc_separator color=&#8221;chino&#8221;][vc_single_image image=&#8221;25802&#8243; img_size=&#8221;full&#8221; alignment=&#8221;center&#8221;][vc_column_text]<span style=\"color: #000000;\">Tasarim odakli dogal tas danismanligi ile mimar ve gelistiricilere, konseptten uygulamaya kadar malzeme secimi, teknik yonlendirme, fizibilite analizi ve projeye ozel cozumler sunuyoruz.<\/span>[\/vc_column_text][\/vc_column_inner][vc_column_inner width=&#8221;1\/4&#8243; css=&#8221;.vc_custom_1765958330530{background-color: #ffffff !important;border-radius: 15px !important;}&#8221;][vc_custom_heading text=&#8221;Projeye Ozel Tas Cozumleri&#8221; font_container=&#8221;tag:h5|text_align:center|color:%23655425&#8243; google_fonts=&#8221;font_family:Adamina%3Aregular|font_style:400%20regular%3A400%3Anormal&#8221;][vc_separator color=&#8221;chino&#8221;][vc_single_image image=&#8221;25805&#8243; img_size=&#8221;full&#8221; alignment=&#8221;center&#8221;][vc_column_text]<span style=\"color: #000000;\">Konut ve ticari projeler icin, kontrollu uretim surecleri, hassas iscilik, detaycilik ve kalite anlayisiyla ozel uretim mermer ve kirectasi tas elemanlari sunuyoruz.<\/span>[\/vc_column_text][\/vc_column_inner][vc_column_inner width=&#8221;1\/4&#8243; css=&#8221;.vc_custom_1765958349153{background-color: #ffffff !important;border-radius: 15px !important;}&#8221;][vc_custom_heading text=&#8221;Mimari Tas Cozumleri&#8221; font_container=&#8221;tag:h5|text_align:center|color:%23655425&#8243; google_fonts=&#8221;font_family:Adamina%3Aregular|font_style:400%20regular%3A400%3Anormal&#8221;][vc_separator color=&#8221;chino&#8221;][vc_single_image image=&#8221;25809&#8243; img_size=&#8221;full&#8221; alignment=&#8221;center&#8221;][vc_column_text]<span style=\"color: #000000;\">Cepheler, somineler, merdivenler ve yapisal detaylar icin uretilen mimari tas elemanlari; estetik, dayaniklilik ve teknik hassasiyeti bir araya getirerek mekan kimligini ve performansini yukseltiyor.<\/span>[\/vc_column_text][\/vc_column_inner][vc_column_inner width=&#8221;1\/4&#8243; css=&#8221;.vc_custom_1765958360346{background-color: #ffffff !important;border-radius: 15px !important;}&#8221;][vc_custom_heading text=&#8221;Projeye Ozel Olcu Cozumlari&#8221; font_container=&#8221;tag:h5|text_align:center|color:%23655425&#8243; google_fonts=&#8221;font_family:Adamina%3Aregular|font_style:400%20regular%3A400%3Anormal&#8221;][vc_separator color=&#8221;chino&#8221;][vc_single_image image=&#8221;25810&#8243; img_size=&#8221;full&#8221; alignment=&#8221;center&#8221;][vc_column_text]<span style=\"color: #000000;\">Tasarim niyeti, yapim gereksinimleri ve montaj kosullariyla uyumlu olacak sekilde; olculer, yuzey islemleri ve detaylari kapsayan, birebir teknik spesifikasyonlara gore gelistirilmis olcuye ozel ve bespoke cozumler sunuyoruz.<\/span>[\/vc_column_text][\/vc_column_inner][\/vc_row_inner][vc_empty_space height=&#8221;50px&#8221;][\/vc_column][\/vc_row][vc_row full_width=&#8221;stretch_row&#8221; css=&#8221;.vc_custom_1765964665908{background-image: url(https:\/\/tajamarble.com\/wp-content\/uploads\/2025\/12\/Adsiz-tasarim-6.png?id=25856) !important;}&#8221;][vc_column width=&#8221;1\/4&#8243;]\t\t<div class=\"rigid-counter-shortcode\">\n\t\t\t<div class=\"rigid-counter-content  rigid-counter-h1 rigid-counter-centered\"  style=\"color:#ffffff\"  >\n\t\t\t\t\t\t\t\t\t\t\t\t\t\t\t\t\t<span class=\"rigid-counter\">40<\/span>\n\t\t\t\t\t\t\t\t+\t\t\t<\/div>\n\t\t<\/div>\n\t\t[vc_separator color=&#8221;white&#8221;][vc_custom_heading text=&#8221;Yillik Deneyim&#8221; font_container=&#8221;tag:h4|text_align:center|color:%23ffffff&#8221; google_fonts=&#8221;font_family:Adamina%3Aregular|font_style:400%20regular%3A400%3Anormal&#8221;][vc_column_text]<\/p>\n<p style=\"text-align: center;\"><span style=\"color: #ffffff;\">Uluslararasi dogal tas projeleriyle kazanilan, 40 yillik deneyim, ustalik, tutarlilik ve derin sektor bilgisi uzerine insa edilmistir.<\/span><\/p>\n<p>[\/vc_column_text][\/vc_column][vc_column width=&#8221;1\/4&#8243;]\t\t<div class=\"rigid-counter-shortcode\">\n\t\t\t<div class=\"rigid-counter-content  rigid-counter-h1 rigid-counter-centered\"  style=\"color:#ffffff\"  >\n\t\t\t\t\t\t\t\t\t\t\t\t\t\t\t\t\t<span class=\"rigid-counter\">500<\/span>\n\t\t\t\t\t\t\t\t+\t\t\t<\/div>\n\t\t<\/div>\n\t\t[vc_separator color=&#8221;white&#8221;][vc_custom_heading text=&#8221;Projeler&#8221; font_container=&#8221;tag:h4|text_align:center|color:%23ffffff&#8221; google_fonts=&#8221;font_family:Adamina%3Aregular|font_style:400%20regular%3A400%3Anormal&#8221;][vc_column_text]<\/p>\n<p style=\"text-align: center;\"><span style=\"color: #ffffff;\">Dunya genelinde, hassasiyet, guvenilirlik ve uzun vadeli musteri memnuniyeti odagiyla karmasik konut ve ticari dogal tas projelerini basariyla hayata geciriyoruz.<\/span><\/p>\n<p>[\/vc_column_text][\/vc_column][vc_column width=&#8221;1\/4&#8243;]\t\t<div class=\"rigid-counter-shortcode\">\n\t\t\t<div class=\"rigid-counter-content  rigid-counter-h1 rigid-counter-centered\"  style=\"color:#ffffff\"  >\n\t\t\t\t\t\t\t\t\t\t\t\t\t\t\t\t\t<span class=\"rigid-counter\">38<\/span>\n\t\t\t\t\t\t\t\t+\t\t\t<\/div>\n\t\t<\/div>\n\t\t[vc_separator color=&#8221;white&#8221;][vc_custom_heading text=&#8221;Ihracat Ulkeleri&#8221; font_container=&#8221;tag:h4|text_align:center|color:%23ffffff&#8221; google_fonts=&#8221;font_family:Adamina%3Aregular|font_style:400%20regular%3A400%3Anormal&#8221;][vc_column_text]<\/p>\n<p style=\"text-align: center;\"><span style=\"color: #ffffff;\">Birden fazla ulkeye yuksek kaliteli dogal tas cozumleri ihra\u00e7 ederek, farkli kuresel pazarlarda guven ve uzun soluklu is ortakliklari insa ediyoruz.<\/span><\/p>\n<p>[\/vc_column_text][\/vc_column][vc_column width=&#8221;1\/4&#8243;]\t\t<div class=\"rigid-counter-shortcode\">\n\t\t\t<div class=\"rigid-counter-content  rigid-counter-h1 rigid-counter-centered\"  style=\"color:#ffffff\"  >\n\t\t\t\t\t\t\t\t\t\t\t\t\t\t\t\t\t<span class=\"rigid-counter\">250<\/span>\n\t\t\t\t\t\t\t\t+\t\t\t<\/div>\n\t\t<\/div>\n\t\t[vc_separator color=&#8221;white&#8221;][vc_custom_heading text=&#8221;Urun Cesitleri&#8221; font_container=&#8221;tag:h4|text_align:center|color:%23ffffff&#8221; google_fonts=&#8221;font_family:Adamina%3Aregular|font_style:400%20regular%3A400%3Anormal&#8221;][vc_column_text]<\/p>\n<p style=\"text-align: center;\"><span style=\"color: #ffffff;\">Ozel tasarim ihtiyaclarina uygun olarak gelistirilmis, iki yuz elliden fazla secili dogal tas urunu, varyasyon, yuzey islem ve ozel cozum sunuyoruz.<\/span><\/p>\n<p>[\/vc_column_text][\/vc_column][\/vc_row][vc_row full_width=&#8221;stretch_row&#8221; full_height=&#8221;yes&#8221; columns_placement=&#8221;top&#8221;][vc_column][vc_custom_heading text=&#8221;Tasarim Odakli Bir Tas Yaklasimi&#8221; font_container=&#8221;tag:h1|text_align:left&#8221; google_fonts=&#8221;font_family:Adamina%3Aregular|font_style:400%20regular%3A400%3Anormal&#8221;][vc_custom_heading text=&#8221;Estetik, teknik hassasiyet ve proje uygulamasini dengede tutmak&#8221; font_container=&#8221;tag:h3|text_align:left|color:%23655425&#8243; google_fonts=&#8221;font_family:Adamina%3Aregular|font_style:400%20regular%3A400%3Anormal&#8221;][vc_empty_space height=&#8221;64px&#8221;][vc_row_inner][vc_column_inner width=&#8221;1\/2&#8243;][vc_column_text]<\/p>\n<p data-start=\"79\" data-end=\"293\"><span style=\"color: #000000;\">Dogal tasi yalnizca bir malzeme secimi olarak degil, tasarimin ayrilmaz bir parcasi olarak ele aliyoruz. Her proje, mimari niyetin, mekansal baglamin ve tasarim onceliklerinin net sekilde anlasilmasiyla baslar.<\/span><\/p>\n<p data-start=\"295\" data-end=\"518\"><span style=\"color: #000000;\">Alinan her karar, bu niyeti teknik olarak saglam ve uygulanabilir tas cozumlerine donusturmek amaciyla titizlikle degerlendirilir. Islevsellik, dayaniklilik ve uzun vadeli performans; gorsel etkiyle birlikte ele alinir.<\/span><\/p>\n<p data-start=\"520\" data-end=\"728\"><span style=\"color: #000000;\">Sureclerimiz, tasarim odakli dusunce yapisi ve kataloglarin otesine gecen derin malzeme bilgisiyle sekillenir. Varsayimlar veya genel spesifikasyonlar yerine, dogrudan saha ve uretim deneyimine dayaniriz.<\/span><\/p>\n<p data-start=\"730\" data-end=\"950\"><span style=\"color: #000000;\">Ocak bilgisi, uretim uzmanligi ve gercek proje deneyimini bir araya getirerek, malzeme secimini netlik ve guvenle yonlendiririz. Bu sayede olasi zorluklari onceden ongorur ve bilincli, uygulanabilir cozumler sunariz.<\/span><\/p>\n<p data-start=\"952\" data-end=\"1212\" data-is-last-node=\"\" data-is-only-node=\"\"><span style=\"color: #000000;\">Estetik ile teknik hassasiyeti dengeleyerek, gorundugu kadar guclu performans sergileyen tas cozumleri uretiriz. Proje yasam dongusu boyunca tek muhatap olarak, konseptten teslimata kadar kesintisiz koordinasyon, acik iletisim ve tutarli uygulama saglariz.<\/span><\/p>\n<p>[\/vc_column_text][\/vc_column_inner][vc_column_inner width=&#8221;1\/2&#8243;][vc_empty_space height=&#8221;12px&#8221;][vc_raw_html]JTNDdmlkZW8lMjAlMEElMjAlMjB3aWR0aCUzRCUyMjEwMCUyNSUyMiUyMCUwQSUyMCUyMGhlaWdodCUzRCUyMmF1dG8lMjIlMjAlMEElMjAlMjBjb250cm9scyUyMCUwQSUyMCUyMGF1dG9wbGF5JTIwJTBBJTIwJTIwbXV0ZWQlMjAlMEElMjAlMjBsb29wJTIwJTBBJTIwJTIwcGxheXNpbmxpbmUlMjAlMEElMjAlMjBwcmVsb2FkJTNEJTIybWV0YWRhdGElMjIlMEElM0UlMEElMjAlMjAlM0Nzb3VyY2UlMjBzcmMlM0QlMjJodHRwcyUzQSUyRiUyRnRhamFtYXJibGUuY29tJTJGd3AtY29udGVudCUyRnVwbG9hZHMlMkYyMDI1JTJGMTIlMkZBZHNpei10YXNhcmltLTMubXA0JTIyJTIwdHlwZSUzRCUyMnZpZGVvJTJGbXA0JTIyJTNFJTBBJTIwJTIwVGFyYXklQzQlQjFjJUM0JUIxbiVDNCVCMXolMjB2aWRlbyUyMGV0aWtldGluaSUyMGRlc3Rla2xlbWl5b3IuJTBBJTNDJTJGdmlkZW8lM0U=[\/vc_raw_html][\/vc_column_inner][\/vc_row_inner][\/vc_column][\/vc_row][vc_row full_width=&#8221;stretch_row&#8221; css=&#8221;.vc_custom_1765975469777{background-image: url(https:\/\/tajamarble.com\/wp-content\/uploads\/2025\/12\/taja-marble-10.png?id=25865) !important;}&#8221;][vc_column][vc_empty_space height=&#8221;125px&#8221;][\/vc_column][\/vc_row][vc_row full_width=&#8221;stretch_row_content_no_spaces&#8221; css=&#8221;.vc_custom_1662715946766{background-image: url(https:\/\/tajamarble.com\/wp-content\/uploads\/2022\/08\/1-2.png?id=15393) !important;}&#8221;][vc_column][vc_empty_space][\/vc_column][\/vc_row]<\/p>\n<\/div>","protected":false},"excerpt":{"rendered":"<p>[vc_row full_width=&#8221;stretch_row&#8221; full_height=&#8221;yes&#8221; columns_placement=&#8221;top&#8221; css=&#8221;.vc_custom_1765964930369{background-image: url(https:\/\/tajamarble.com\/wp-content\/uploads\/2025\/12\/taja-marble-7.png?id=25851) !important;}&#8221;][vc_column][vc_empty_space height=&#8221;190px&#8221;][vc_row_inner content_placement=&#8221;top&#8221;][vc_column_inner][vc_btn title=&#8221;1975\u2019ten Bu Yana&#8221; style=&#8221;outline&#8221; color=&#8221;black&#8221; align=&#8221;left&#8221; i_icon_fontawesome=&#8221;far fa-circle&#8221; css_animation=&#8221;bounceInLeft&#8221; add_icon=&#8221;true&#8221;][vc_custom_heading text=&#8221;Bir Hikayemiz Var \u2013 Sizinle Paylasmak Istiyoruz&#8221; font_container=&#8221;tag:h1|text_align:left&#8221; google_fonts=&#8221;font_family:Adamina%3Aregular|font_style:400%20regular%3A400%3Anormal&#8221;][vc_custom_heading text=&#8221;Tastan Hikayeye \u2014 Zanaat, Tutku ve Zamanla Sekillenen Bir Yolculuk&#8221; font_container=&#8221;tag:h3|text_align:left|color:%23655425&#8243; google_fonts=&#8221;font_family:Adamina%3Aregular|font_style:400%20regular%3A400%3Anormal&#8221;][vc_column_text] Firmamiz, yeni renkler ve malzemeler uzerine surekli olarak ileri duzey arastirmalar yapmaktadir. Yillar icinde gelistirdigimiz ve ince ayarini yaptigimiz bilgi birikimi sayesinde, ne kadar ozel olursa olsun musterilerimizin tum taleplerini karsilayabilmekteyiz. Bununla birlikte, mermer, granit, oniks, traverten ve dogal tasin uretimi ve islenmesi konusunda edindigimiz kapsamli deneyimi hizmetlerine sunmaktayiz. [\/vc_column_text][vc_separator color=&#8221;chino&#8221;][vc_column_text] Yeni renkler ve malzemeler uzerine surekli olarak ileri teknoloji odakli calismalar yurutmekteyiz. Yillar icerisinde gelistirdigimiz ve gelismis hale getirdigimiz &#8230;<a class=\"r_more_blog\" href=\"https:\/\/tajamarble.com\/tr\/hakkimizda\/#more-7517\"><i class=\"fa fa-sign-in\"><\/i> read more<\/a><\/p>\n","protected":false},"author":2,"featured_media":0,"parent":0,"menu_order":0,"comment_status":"closed","ping_status":"closed","template":"","meta":{"_sitemap_exclude":false,"_sitemap_priority":"","_sitemap_frequency":"","footnotes":""},"class_list":["post-7517","page","type-page","status-publish","hentry"],"translation":{"provider":"WPGlobus","version":"3.0.2","language":"tr","enabled_languages":["en","tr"],"languages":{"en":{"title":true,"content":true,"excerpt":false},"tr":{"title":true,"content":true,"excerpt":false}}},"yoast_head":"<!-- This site is optimized with the Yoast SEO plugin v27.3 - https:\/\/yoast.com\/product\/yoast-seo-wordpress\/ -->\n<title>Hakkimizda | Taja Marble by Kemaloglu - Turkish Natural Stone Supplier<\/title>\n<meta name=\"description\" content=\"Taja Mermer ailesi olarak s\u00fcrekli kendimizi geli\u015ftiriyor , T\u00fcrkiye ve d\u00fcnya \u00e7ap\u0131ndaki bir \u00e7ok \u00fcr\u00fcn\u00fc siz de\u011ferli m\u00fc\u015fterilerimize en iyi kalite ve servis olana\u011f\u0131 ile ula\u015ft\u0131rmak i\u00e7in var g\u00fcc\u00fcm\u00fczle \u00e7al\u0131\u015f\u0131yoruz.\" \/>\n<meta name=\"robots\" content=\"index, follow, max-snippet:-1, max-image-preview:large, max-video-preview:-1\" \/>\n<link rel=\"canonical\" href=\"https:\/\/tajamarble.com\/about-us-taja\/\" \/>\n<meta property=\"og:locale\" content=\"tr_TR\" \/>\n<meta property=\"og:type\" content=\"article\" \/>\n<meta property=\"og:title\" content=\"Hakkimizda | Taja Marble by Kemaloglu - Turkish Natural Stone Supplier\" \/>\n<meta property=\"og:description\" content=\"Taja Mermer ailesi olarak s\u00fcrekli kendimizi geli\u015ftiriyor , T\u00fcrkiye ve d\u00fcnya \u00e7ap\u0131ndaki bir \u00e7ok \u00fcr\u00fcn\u00fc siz de\u011ferli m\u00fc\u015fterilerimize en iyi kalite ve servis olana\u011f\u0131 ile ula\u015ft\u0131rmak i\u00e7in var g\u00fcc\u00fcm\u00fczle \u00e7al\u0131\u015f\u0131yoruz.\" \/>\n<meta property=\"og:url\" content=\"https:\/\/tajamarble.com\/about-us-taja\/\" \/>\n<meta property=\"og:site_name\" content=\"Taja Marble by Kemaloglu - Turkish Natural Stone Supplier\" \/>\n<meta property=\"article:modified_time\" content=\"2025-12-17T13:15:34+00:00\" \/>\n<meta name=\"twitter:card\" content=\"summary_large_image\" \/>\n<meta name=\"twitter:label1\" content=\"Tahmini okuma s\u00fcresi\" \/>\n\t<meta name=\"twitter:data1\" content=\"4 dakika\" \/>\n<script type=\"application\/ld+json\" class=\"yoast-schema-graph\">{\"@context\":\"https:\\\/\\\/schema.org\",\"@graph\":[{\"@type\":[\"WebPage\",\"AboutPage\"],\"@id\":\"https:\\\/\\\/tajamarble.com\\\/about-us-taja\\\/\",\"url\":\"https:\\\/\\\/tajamarble.com\\\/about-us-taja\\\/\",\"name\":\"Hakkimizda | Taja Marble by Kemaloglu - Turkish Natural Stone Supplier\",\"isPartOf\":{\"@id\":\"https:\\\/\\\/tajamarble.com\\\/#website\"},\"datePublished\":\"2019-12-02T09:00:31+00:00\",\"dateModified\":\"2025-12-17T13:15:34+00:00\",\"description\":\"Taja Mermer ailesi olarak s\u00fcrekli kendimizi geli\u015ftiriyor , T\u00fcrkiye ve d\u00fcnya \u00e7ap\u0131ndaki bir \u00e7ok \u00fcr\u00fcn\u00fc siz de\u011ferli m\u00fc\u015fterilerimize en iyi kalite ve servis olana\u011f\u0131 ile ula\u015ft\u0131rmak i\u00e7in var g\u00fcc\u00fcm\u00fczle \u00e7al\u0131\u015f\u0131yoruz.\",\"breadcrumb\":{\"@id\":\"https:\\\/\\\/tajamarble.com\\\/about-us-taja\\\/#breadcrumb\"},\"inLanguage\":\"tr\",\"potentialAction\":[{\"@type\":\"ReadAction\",\"target\":[\"https:\\\/\\\/tajamarble.com\\\/about-us-taja\\\/\"]}]},{\"@type\":\"BreadcrumbList\",\"@id\":\"https:\\\/\\\/tajamarble.com\\\/about-us-taja\\\/#breadcrumb\",\"itemListElement\":[{\"@type\":\"ListItem\",\"position\":1,\"name\":\"Ana sayfa\",\"item\":\"https:\\\/\\\/tajamarble.com\\\/\"},{\"@type\":\"ListItem\",\"position\":2,\"name\":\"Hakkimizda\"}]},{\"@type\":\"WebSite\",\"@id\":\"https:\\\/\\\/tajamarble.com\\\/#website\",\"url\":\"https:\\\/\\\/tajamarble.com\\\/\",\"name\":\"Taja Marble by Kemaloglu\",\"description\":\"Turkish Natural Stone Supplier\",\"publisher\":{\"@id\":\"https:\\\/\\\/tajamarble.com\\\/#organization\"},\"potentialAction\":[{\"@type\":\"SearchAction\",\"target\":{\"@type\":\"EntryPoint\",\"urlTemplate\":\"https:\\\/\\\/tajamarble.com\\\/?s={search_term_string}\"},\"query-input\":{\"@type\":\"PropertyValueSpecification\",\"valueRequired\":true,\"valueName\":\"search_term_string\"}}],\"inLanguage\":\"tr\"},{\"@type\":\"Organization\",\"@id\":\"https:\\\/\\\/tajamarble.com\\\/#organization\",\"name\":\"TAJA MARBLE\",\"url\":\"https:\\\/\\\/tajamarble.com\\\/\",\"logo\":{\"@type\":\"ImageObject\",\"inLanguage\":\"tr\",\"@id\":\"https:\\\/\\\/tajamarble.com\\\/#\\\/schema\\\/logo\\\/image\\\/\",\"url\":\"https:\\\/\\\/i0.wp.com\\\/tajamarble.com\\\/wp-content\\\/uploads\\\/2018\\\/09\\\/yeni-logo.png?fit=546%2C365&ssl=1\",\"contentUrl\":\"https:\\\/\\\/i0.wp.com\\\/tajamarble.com\\\/wp-content\\\/uploads\\\/2018\\\/09\\\/yeni-logo.png?fit=546%2C365&ssl=1\",\"width\":546,\"height\":365,\"caption\":\"TAJA MARBLE\"},\"image\":{\"@id\":\"https:\\\/\\\/tajamarble.com\\\/#\\\/schema\\\/logo\\\/image\\\/\"}}]}<\/script>\n<!-- \/ Yoast SEO plugin. -->","yoast_head_json":{"title":"Hakkimizda | Taja Marble by Kemaloglu - Turkish Natural Stone Supplier","description":"Taja Mermer ailesi olarak s\u00fcrekli kendimizi geli\u015ftiriyor , T\u00fcrkiye ve d\u00fcnya \u00e7ap\u0131ndaki bir \u00e7ok \u00fcr\u00fcn\u00fc siz de\u011ferli m\u00fc\u015fterilerimize en iyi kalite ve servis olana\u011f\u0131 ile ula\u015ft\u0131rmak i\u00e7in var g\u00fcc\u00fcm\u00fczle \u00e7al\u0131\u015f\u0131yoruz.","robots":{"index":"index","follow":"follow","max-snippet":"max-snippet:-1","max-image-preview":"max-image-preview:large","max-video-preview":"max-video-preview:-1"},"canonical":"https:\/\/tajamarble.com\/about-us-taja\/","og_locale":"tr_TR","og_type":"article","og_title":"Hakkimizda | Taja Marble by Kemaloglu - Turkish Natural Stone Supplier","og_description":"Taja Mermer ailesi olarak s\u00fcrekli kendimizi geli\u015ftiriyor , T\u00fcrkiye ve d\u00fcnya \u00e7ap\u0131ndaki bir \u00e7ok \u00fcr\u00fcn\u00fc siz de\u011ferli m\u00fc\u015fterilerimize en iyi kalite ve servis olana\u011f\u0131 ile ula\u015ft\u0131rmak i\u00e7in var g\u00fcc\u00fcm\u00fczle \u00e7al\u0131\u015f\u0131yoruz.","og_url":"https:\/\/tajamarble.com\/about-us-taja\/","og_site_name":"Taja Marble by Kemaloglu - Turkish Natural Stone Supplier","article_modified_time":"2025-12-17T13:15:34+00:00","twitter_card":"summary_large_image","twitter_misc":{"Tahmini okuma s\u00fcresi":"4 dakika"},"schema":{"@context":"https:\/\/schema.org","@graph":[{"@type":["WebPage","AboutPage"],"@id":"https:\/\/tajamarble.com\/about-us-taja\/","url":"https:\/\/tajamarble.com\/about-us-taja\/","name":"Hakkimizda | Taja Marble by Kemaloglu - Turkish Natural Stone Supplier","isPartOf":{"@id":"https:\/\/tajamarble.com\/#website"},"datePublished":"2019-12-02T09:00:31+00:00","dateModified":"2025-12-17T13:15:34+00:00","description":"Taja Mermer ailesi olarak s\u00fcrekli kendimizi geli\u015ftiriyor , T\u00fcrkiye ve d\u00fcnya \u00e7ap\u0131ndaki bir \u00e7ok \u00fcr\u00fcn\u00fc siz de\u011ferli m\u00fc\u015fterilerimize en iyi kalite ve servis olana\u011f\u0131 ile ula\u015ft\u0131rmak i\u00e7in var g\u00fcc\u00fcm\u00fczle \u00e7al\u0131\u015f\u0131yoruz.","breadcrumb":{"@id":"https:\/\/tajamarble.com\/about-us-taja\/#breadcrumb"},"inLanguage":"tr","potentialAction":[{"@type":"ReadAction","target":["https:\/\/tajamarble.com\/about-us-taja\/"]}]},{"@type":"BreadcrumbList","@id":"https:\/\/tajamarble.com\/about-us-taja\/#breadcrumb","itemListElement":[{"@type":"ListItem","position":1,"name":"Ana sayfa","item":"https:\/\/tajamarble.com\/"},{"@type":"ListItem","position":2,"name":"Hakkimizda"}]},{"@type":"WebSite","@id":"https:\/\/tajamarble.com\/#website","url":"https:\/\/tajamarble.com\/","name":"Taja Marble by Kemaloglu","description":"Turkish Natural Stone Supplier","publisher":{"@id":"https:\/\/tajamarble.com\/#organization"},"potentialAction":[{"@type":"SearchAction","target":{"@type":"EntryPoint","urlTemplate":"https:\/\/tajamarble.com\/?s={search_term_string}"},"query-input":{"@type":"PropertyValueSpecification","valueRequired":true,"valueName":"search_term_string"}}],"inLanguage":"tr"},{"@type":"Organization","@id":"https:\/\/tajamarble.com\/#organization","name":"TAJA MARBLE","url":"https:\/\/tajamarble.com\/","logo":{"@type":"ImageObject","inLanguage":"tr","@id":"https:\/\/tajamarble.com\/#\/schema\/logo\/image\/","url":"https:\/\/i0.wp.com\/tajamarble.com\/wp-content\/uploads\/2018\/09\/yeni-logo.png?fit=546%2C365&ssl=1","contentUrl":"https:\/\/i0.wp.com\/tajamarble.com\/wp-content\/uploads\/2018\/09\/yeni-logo.png?fit=546%2C365&ssl=1","width":546,"height":365,"caption":"TAJA MARBLE"},"image":{"@id":"https:\/\/tajamarble.com\/#\/schema\/logo\/image\/"}}]}},"_links":{"self":[{"href":"https:\/\/tajamarble.com\/tr\/wp-json\/wp\/v2\/pages\/7517","targetHints":{"allow":["GET"]}}],"collection":[{"href":"https:\/\/tajamarble.com\/tr\/wp-json\/wp\/v2\/pages"}],"about":[{"href":"https:\/\/tajamarble.com\/tr\/wp-json\/wp\/v2\/types\/page"}],"author":[{"embeddable":true,"href":"https:\/\/tajamarble.com\/tr\/wp-json\/wp\/v2\/users\/2"}],"replies":[{"embeddable":true,"href":"https:\/\/tajamarble.com\/tr\/wp-json\/wp\/v2\/comments?post=7517"}],"version-history":[{"count":69,"href":"https:\/\/tajamarble.com\/tr\/wp-json\/wp\/v2\/pages\/7517\/revisions"}],"predecessor-version":[{"id":25871,"href":"https:\/\/tajamarble.com\/tr\/wp-json\/wp\/v2\/pages\/7517\/revisions\/25871"}],"wp:attachment":[{"href":"https:\/\/tajamarble.com\/tr\/wp-json\/wp\/v2\/media?parent=7517"}],"curies":[{"name":"wp","href":"https:\/\/api.w.org\/{rel}","templated":true}]}}