{"id":7739,"date":"2019-12-05T09:25:28","date_gmt":"2019-12-05T09:25:28","guid":{"rendered":"http:\/\/tajamarble.com\/?page_id=7739"},"modified":"2024-10-11T09:52:45","modified_gmt":"2024-10-11T09:52:45","slug":"contact-taja","status":"publish","type":"page","link":"https:\/\/tajamarble.com\/tr\/bize-ulasin\/","title":{"rendered":"Contact Taja"},"content":{"rendered":"<div class=\"wpb-content-wrapper\"><p>[vc_row full_width=&#8221;stretch_row_content_no_spaces&#8221; css=&#8221;.vc_custom_1663239395018{background-image: url(https:\/\/tajamarble.com\/wp-content\/uploads\/2022\/09\/contactback.jpg?id=16187) !important;}&#8221;][vc_column][vc_empty_space height=&#8221;232px&#8221;][vc_column_text]<\/p>\n<blockquote>\n<h2 class=\"vc_custom_heading\" style=\"text-align: center;\">Let\u2019s do Something Amazing<span class=\"rigid-spec-dot\">.<\/span><\/h2>\n<\/blockquote>\n<p>[\/vc_column_text][\/vc_column][\/vc_row][vc_row full_width=&#8221;stretch_row_content&#8221; css=&#8221;.vc_custom_1663239611331{background-image: url(https:\/\/tajamarble.com\/wp-content\/uploads\/2022\/09\/back5-scaled.jpg?id=15939) !important;}&#8221;][vc_column width=&#8221;1\/3&#8243;][\/vc_column][vc_column width=&#8221;1\/3&#8243;][vc_empty_space height=&#8221;50px&#8221;][vc_text_separator title=&#8221;Primary Contact&#8221;]\t\t\t<div class=\"wpb_content_element\">\n\t\t\t\t<div class=\"rigid-iconbox\">\n\t\t\t\t\t<div class=\"icon_wrapper\">\n\t\t\t\t\t\t<span class=\"icon_inner\">\n\t\t\t\t\t\t\t\t\t\t\t\t\t\t\t<i class=\"fa fa-bookmark\"><\/i>\n\t\t\t\t\t\t\t\t\t\t\t\t\t<\/span>\n\t\t\t\t\t<\/div>\n\t\t\t\t\t<div class=\"iconbox_content\">\n\t\t\t\t\t\t\t\t\t\t\t\t\t\t\t\t\t\t<div class=\"iconbox_text_content\">\n\t\t\t\t\t\t\tCamikebir Mah. Atat\u00fcrk Cad. \u00c7\u0131nar Plaza<br \/>\nNo:7 Kat:2 Daire:211 \u2013 Zip ( 35460 )<\/p>\n<p>Seferihisar \u2013 \u0130zmir \/ Turkey<\/p>\n<p>Phone : +90 850 304 40 42<\/p>\n<p>Email : info@tajamarble.com\t\t\t\t\t\t<\/div>\n\t\t\t\t\t<\/div>\n\t\t\t\t<\/div>\n\t\t\t<\/div>\n\t\t\t[\/vc_column][vc_column width=&#8221;1\/3&#8243;][\/vc_column][\/vc_row][vc_row][vc_column][vc_separator border_width=&#8221;3&#8243;][\/vc_column][\/vc_row][vc_column][\/vc_column][vc_row full_width=&#8221;stretch_row_content&#8221;][vc_column width=&#8221;1\/2&#8243;][vc_custom_heading text=&#8221;Contact Form&#8221; font_container=&#8221;tag:h3|text_align:center&#8221; google_fonts=&#8221;font_family:Raleway%3A100%2C200%2C300%2Cregular%2C500%2C600%2C700%2C800%2C900|font_style:400%20regular%3A400%3Anormal&#8221;][vc_empty_space][\/vc_column][vc_column width=&#8221;1\/2&#8243;][vc_custom_heading text=&#8221;Get Directions&#8221; font_container=&#8221;tag:h3|text_align:center&#8221; google_fonts=&#8221;font_family:Raleway%3A100%2C200%2C300%2Cregular%2C500%2C600%2C700%2C800%2C900|font_style:400%20regular%3A400%3Anormal&#8221;][vc_empty_space][\/vc_column][\/vc_row][vc_row][vc_column][vc_separator border_width=&#8221;3&#8243;][\/vc_column][\/vc_row][vc_row full_width=&#8221;stretch_row_content&#8221;][vc_column width=&#8221;1\/2&#8243; css=&#8221;.vc_custom_1663239796318{background-image: url(https:\/\/tajamarble.com\/wp-content\/uploads\/2022\/09\/back6-scaled.jpg?id=15934) !important;}&#8221;]\t\t\t<div id=\"holder_rigid_contactform69e79c89a294b\" class=\"rigid-contacts-holder rigid-contacts-shortcode\" >\n\t\t\t\t\t\t\t\t<form action=\"https:\/\/tajamarble.com\/wp-admin\/admin-ajax.php\" method=\"post\" class=\"contact-form\">\n\t\t\t<div class=\"content rigid_name\"> <span>Your Name:<\/span>\n\t\t\t<input type=\"text\" value=\"\" name=\"rigid_name\" \/>\n\t\t\t\t\t<\/div>\n\n\t\t\t\t<div class=\"content rigid_email\"> <span>E-Mail Address:<\/span>\n\t\t\t<input type=\"text\" value=\"\" name=\"rigid_email\" \/>\n\t\t\t\t\t<\/div>\n\t\t\t\t\t\t<div class=\"content rigid_subject\"> <span>Subject:<\/span>\n\t\t\t<input type=\"text\" value=\"\" name=\"rigid_subject\" \/>\n\t\t\t\t\t<\/div>\n\t\t<div class=\"content rigid_enquiry\"> <span>Message Text:<\/span>\n\t\t<textarea style=\"width: 99%;\" rows=\"10\" cols=\"40\" name=\"rigid_enquiry\"><\/textarea>\n\t\t\t<\/div>\n\t\t\t\t\t<div class=\"content rigid_form_test\">\n\t\t\tProve you&#039;re a human: <span class=constant>1<\/span> + <span class=random>0<\/span> = ? <input type=\"text\" value=\"\" name=\"rigid_captcha_answer\" \/>\n\t\t<\/div>\n\t\t\t\t\t<div class=\"buttons\">\n\t\t<input type=\"hidden\" name=\"rigid_contact_submitted\" value=\"0\">\n\t\t<input type=\"hidden\" name=\"shortcode_params_for_tpl\" value=\"{&quot;rigid_title&quot;:&quot;&quot;,&quot;rigid_contact_mail_to&quot;:&quot;info@tajamarble.com&quot;,&quot;rigid_simple_captcha&quot;:&quot;1&quot;,&quot;rigid_contact_form_fields&quot;:&quot;name,email,subject&quot;}\">\n\t\t<div class=\"left\"><input class=\"button button-orange\" value=\"Send message\" type=\"submit\"><\/div>\n\t<\/div>\n<\/form>\n\t\t\t<\/div>\n\t\t\t[\/vc_column][vc_column width=&#8221;1\/2&#8243;]\t\t\t\t<div class=\"rigid-google-maps rigid-map-shortcode\">\n\t\t\t\t\t<div id=\"map_canvas69e79c89a358d\" class=\"map_canvas\" style=\"width:100%; height:610px\"><\/div>\n\t\t\t\t\t<div class=\"directions_holder\">\n\t\t\t\t\t\t<h4><i class=\"fa fa-map-marker\"><\/i> Get Directions<\/h4>\n\t\t\t\t\t\t<p>Fill in your address or zipcode to calculate the route<\/p>\n\t\t\t\t\t\t<form action=\"\" align=\"right\" onSubmit=\"calcRoute('routeStart69e79c89a358e', '38.195477', '26.838665', 'map_canvas69e79c89a358d');\n\t\t\t\t\t\t\t\t\t\t\treturn false;\">\n\t\t\t\t\t\t\t<input type=\"text\" id=\"routeStart69e79c89a358e\" value=\"\" placeholder=\"Address or postcode\" style=\"margin-top:3px\"><br \/><br \/>\n\t\t\t\t\t\t\t<input type=\"submit\" value=\"Calculate route\" class=\"button\" onclick=\"calcRoute('routeStart69e79c89a358e', '38.195477', '26.838665', 'map_canvas69e79c89a358d');\n\t\t\t\t\t\t\t\t\t\t\t\treturn false;\" \/>\n\t\t\t\t\t\t<\/form>\n\t\t\t\t\t<\/div>\n\t\t\t\t<\/div>\n\n\t\t\t\t[\/vc_column][\/vc_row][vc_row][vc_column][vc_empty_space height=&#8221;70px&#8221;][\/vc_column][\/vc_row][vc_row full_width=&#8221;stretch_row_content_no_spaces&#8221; css=&#8221;.vc_custom_1663239499082{background-image: url(https:\/\/tajamarble.com\/wp-content\/uploads\/2022\/08\/1-2.png?id=15393) !important;}&#8221;][vc_column][vc_empty_space][\/vc_column][\/vc_row]<\/p>\n<\/div>","protected":false},"excerpt":{"rendered":"<p>[vc_row full_width=&#8221;stretch_row_content_no_spaces&#8221; css=&#8221;.vc_custom_1663239395018{background-image: url(https:\/\/tajamarble.com\/wp-content\/uploads\/2022\/09\/contactback.jpg?id=16187) !important;}&#8221;][vc_column][vc_empty_space height=&#8221;232px&#8221;][vc_column_text] Let\u2019s do Something Amazing. [\/vc_column_text][\/vc_column][\/vc_row][vc_row full_width=&#8221;stretch_row_content&#8221; css=&#8221;.vc_custom_1663239611331{background-image: url(https:\/\/tajamarble.com\/wp-content\/uploads\/2022\/09\/back5-scaled.jpg?id=15939) !important;}&#8221;][vc_column width=&#8221;1\/3&#8243;][\/vc_column][vc_column width=&#8221;1\/3&#8243;][vc_empty_space height=&#8221;50px&#8221;][vc_text_separator title=&#8221;Primary Contact&#8221;][\/vc_column][vc_column width=&#8221;1\/3&#8243;][\/vc_column][\/vc_row][vc_row][vc_column][vc_separator border_width=&#8221;3&#8243;][\/vc_column][\/vc_row][vc_column][\/vc_column][vc_row full_width=&#8221;stretch_row_content&#8221;][vc_column width=&#8221;1\/2&#8243;][vc_custom_heading text=&#8221;Contact Form&#8221; font_container=&#8221;tag:h3|text_align:center&#8221; google_fonts=&#8221;font_family:Raleway%3A100%2C200%2C300%2Cregular%2C500%2C600%2C700%2C800%2C900|font_style:400%20regular%3A400%3Anormal&#8221;][vc_empty_space][\/vc_column][vc_column width=&#8221;1\/2&#8243;][vc_custom_heading text=&#8221;Get Directions&#8221; font_container=&#8221;tag:h3|text_align:center&#8221; google_fonts=&#8221;font_family:Raleway%3A100%2C200%2C300%2Cregular%2C500%2C600%2C700%2C800%2C900|font_style:400%20regular%3A400%3Anormal&#8221;][vc_empty_space][\/vc_column][\/vc_row][vc_row][vc_column][vc_separator border_width=&#8221;3&#8243;][\/vc_column][\/vc_row][vc_row full_width=&#8221;stretch_row_content&#8221;][vc_column width=&#8221;1\/2&#8243; css=&#8221;.vc_custom_1663239796318{background-image: url(https:\/\/tajamarble.com\/wp-content\/uploads\/2022\/09\/back6-scaled.jpg?id=15934) !important;}&#8221;][\/vc_column][vc_column width=&#8221;1\/2&#8243;][\/vc_column][\/vc_row][vc_row][vc_column][vc_empty_space height=&#8221;70px&#8221;][\/vc_column][\/vc_row][vc_row full_width=&#8221;stretch_row_content_no_spaces&#8221; css=&#8221;.vc_custom_1663239499082{background-image: url(https:\/\/tajamarble.com\/wp-content\/uploads\/2022\/08\/1-2.png?id=15393) !important;}&#8221;][vc_column][vc_empty_space][\/vc_column][\/vc_row]<\/p>\n","protected":false},"author":2,"featured_media":0,"parent":0,"menu_order":0,"comment_status":"closed","ping_status":"closed","template":"","meta":{"_sitemap_exclude":false,"_sitemap_priority":"","_sitemap_frequency":"","footnotes":""},"class_list":["post-7739","page","type-page","status-publish","hentry"],"translation":{"provider":"WPGlobus","version":"3.0.2","language":"tr","enabled_languages":["en","tr"],"languages":{"en":{"title":true,"content":true,"excerpt":false},"tr":{"title":false,"content":false,"excerpt":false}}},"yoast_head":"<!-- This site is optimized with the Yoast SEO plugin v27.3 - https:\/\/yoast.com\/product\/yoast-seo-wordpress\/ -->\n<title>Contact Taja | Taja Marble by Kemaloglu - Turkish Natural Stone Supplier<\/title>\n<meta name=\"description\" content=\"Her t\u00fcrl\u00fc Mermer ve Do\u011fal Ta\u015f projenizde bizlere dan\u0131\u015fabilir, \u00fcr\u00fcnlerimiz hakk\u0131nda detayl\u0131 bilgi isteyebilirsiniz.\" \/>\n<meta name=\"robots\" content=\"index, follow, max-snippet:-1, max-image-preview:large, max-video-preview:-1\" \/>\n<link rel=\"canonical\" href=\"https:\/\/tajamarble.com\/contact-taja\/\" \/>\n<meta property=\"og:locale\" content=\"tr_TR\" \/>\n<meta property=\"og:type\" content=\"article\" \/>\n<meta property=\"og:title\" content=\"Contact Taja | Taja Marble by Kemaloglu - Turkish Natural Stone Supplier\" \/>\n<meta property=\"og:description\" content=\"Her t\u00fcrl\u00fc Mermer ve Do\u011fal Ta\u015f projenizde bizlere dan\u0131\u015fabilir, \u00fcr\u00fcnlerimiz hakk\u0131nda detayl\u0131 bilgi isteyebilirsiniz.\" \/>\n<meta property=\"og:url\" content=\"https:\/\/tajamarble.com\/contact-taja\/\" \/>\n<meta property=\"og:site_name\" content=\"Taja Marble by Kemaloglu - Turkish Natural Stone Supplier\" \/>\n<meta property=\"article:modified_time\" content=\"2024-10-11T09:52:45+00:00\" \/>\n<meta name=\"twitter:card\" content=\"summary_large_image\" \/>\n<meta name=\"twitter:label1\" content=\"Tahmini okuma s\u00fcresi\" \/>\n\t<meta name=\"twitter:data1\" content=\"1 dakika\" \/>\n<script type=\"application\/ld+json\" class=\"yoast-schema-graph\">{\"@context\":\"https:\\\/\\\/schema.org\",\"@graph\":[{\"@type\":\"WebPage\",\"@id\":\"https:\\\/\\\/tajamarble.com\\\/contact-taja\\\/\",\"url\":\"https:\\\/\\\/tajamarble.com\\\/contact-taja\\\/\",\"name\":\"Contact Taja | Taja Marble by Kemaloglu - Turkish Natural Stone Supplier\",\"isPartOf\":{\"@id\":\"https:\\\/\\\/tajamarble.com\\\/#website\"},\"datePublished\":\"2019-12-05T09:25:28+00:00\",\"dateModified\":\"2024-10-11T09:52:45+00:00\",\"description\":\"You can consult us on all kinds of Marble and Natural Stone projects and ask for detailed information about our products.\",\"breadcrumb\":{\"@id\":\"https:\\\/\\\/tajamarble.com\\\/contact-taja\\\/#breadcrumb\"},\"inLanguage\":\"tr\",\"potentialAction\":[{\"@type\":\"ReadAction\",\"target\":[\"https:\\\/\\\/tajamarble.com\\\/contact-taja\\\/\"]}]},{\"@type\":\"BreadcrumbList\",\"@id\":\"https:\\\/\\\/tajamarble.com\\\/contact-taja\\\/#breadcrumb\",\"itemListElement\":[{\"@type\":\"ListItem\",\"position\":1,\"name\":\"Ana sayfa\",\"item\":\"https:\\\/\\\/tajamarble.com\\\/\"},{\"@type\":\"ListItem\",\"position\":2,\"name\":\"Contact Taja\"}]},{\"@type\":\"WebSite\",\"@id\":\"https:\\\/\\\/tajamarble.com\\\/#website\",\"url\":\"https:\\\/\\\/tajamarble.com\\\/\",\"name\":\"Taja Marble by Kemaloglu\",\"description\":\"Turkish Natural Stone Supplier\",\"publisher\":{\"@id\":\"https:\\\/\\\/tajamarble.com\\\/#organization\"},\"potentialAction\":[{\"@type\":\"SearchAction\",\"target\":{\"@type\":\"EntryPoint\",\"urlTemplate\":\"https:\\\/\\\/tajamarble.com\\\/?s={search_term_string}\"},\"query-input\":{\"@type\":\"PropertyValueSpecification\",\"valueRequired\":true,\"valueName\":\"search_term_string\"}}],\"inLanguage\":\"tr\"},{\"@type\":\"Organization\",\"@id\":\"https:\\\/\\\/tajamarble.com\\\/#organization\",\"name\":\"TAJA MARBLE\",\"url\":\"https:\\\/\\\/tajamarble.com\\\/\",\"logo\":{\"@type\":\"ImageObject\",\"inLanguage\":\"tr\",\"@id\":\"https:\\\/\\\/tajamarble.com\\\/#\\\/schema\\\/logo\\\/image\\\/\",\"url\":\"https:\\\/\\\/i0.wp.com\\\/tajamarble.com\\\/wp-content\\\/uploads\\\/2018\\\/09\\\/yeni-logo.png?fit=546%2C365&ssl=1\",\"contentUrl\":\"https:\\\/\\\/i0.wp.com\\\/tajamarble.com\\\/wp-content\\\/uploads\\\/2018\\\/09\\\/yeni-logo.png?fit=546%2C365&ssl=1\",\"width\":546,\"height\":365,\"caption\":\"TAJA MARBLE\"},\"image\":{\"@id\":\"https:\\\/\\\/tajamarble.com\\\/#\\\/schema\\\/logo\\\/image\\\/\"}}]}<\/script>\n<!-- \/ Yoast SEO plugin. -->","yoast_head_json":{"title":"Contact Taja | Taja Marble by Kemaloglu - Turkish Natural Stone Supplier","description":"Her t\u00fcrl\u00fc Mermer ve Do\u011fal Ta\u015f projenizde bizlere dan\u0131\u015fabilir, \u00fcr\u00fcnlerimiz hakk\u0131nda detayl\u0131 bilgi isteyebilirsiniz.","robots":{"index":"index","follow":"follow","max-snippet":"max-snippet:-1","max-image-preview":"max-image-preview:large","max-video-preview":"max-video-preview:-1"},"canonical":"https:\/\/tajamarble.com\/contact-taja\/","og_locale":"tr_TR","og_type":"article","og_title":"Contact Taja | Taja Marble by Kemaloglu - Turkish Natural Stone Supplier","og_description":"Her t\u00fcrl\u00fc Mermer ve Do\u011fal Ta\u015f projenizde bizlere dan\u0131\u015fabilir, \u00fcr\u00fcnlerimiz hakk\u0131nda detayl\u0131 bilgi isteyebilirsiniz.","og_url":"https:\/\/tajamarble.com\/contact-taja\/","og_site_name":"Taja Marble by Kemaloglu - Turkish Natural Stone Supplier","article_modified_time":"2024-10-11T09:52:45+00:00","twitter_card":"summary_large_image","twitter_misc":{"Tahmini okuma s\u00fcresi":"1 dakika"},"schema":{"@context":"https:\/\/schema.org","@graph":[{"@type":"WebPage","@id":"https:\/\/tajamarble.com\/contact-taja\/","url":"https:\/\/tajamarble.com\/contact-taja\/","name":"Contact Taja | Taja Marble by Kemaloglu - Turkish Natural Stone Supplier","isPartOf":{"@id":"https:\/\/tajamarble.com\/#website"},"datePublished":"2019-12-05T09:25:28+00:00","dateModified":"2024-10-11T09:52:45+00:00","description":"You can consult us on all kinds of Marble and Natural Stone projects and ask for detailed information about our products.","breadcrumb":{"@id":"https:\/\/tajamarble.com\/contact-taja\/#breadcrumb"},"inLanguage":"tr","potentialAction":[{"@type":"ReadAction","target":["https:\/\/tajamarble.com\/contact-taja\/"]}]},{"@type":"BreadcrumbList","@id":"https:\/\/tajamarble.com\/contact-taja\/#breadcrumb","itemListElement":[{"@type":"ListItem","position":1,"name":"Ana sayfa","item":"https:\/\/tajamarble.com\/"},{"@type":"ListItem","position":2,"name":"Contact Taja"}]},{"@type":"WebSite","@id":"https:\/\/tajamarble.com\/#website","url":"https:\/\/tajamarble.com\/","name":"Taja Marble by Kemaloglu","description":"Turkish Natural Stone Supplier","publisher":{"@id":"https:\/\/tajamarble.com\/#organization"},"potentialAction":[{"@type":"SearchAction","target":{"@type":"EntryPoint","urlTemplate":"https:\/\/tajamarble.com\/?s={search_term_string}"},"query-input":{"@type":"PropertyValueSpecification","valueRequired":true,"valueName":"search_term_string"}}],"inLanguage":"tr"},{"@type":"Organization","@id":"https:\/\/tajamarble.com\/#organization","name":"TAJA MARBLE","url":"https:\/\/tajamarble.com\/","logo":{"@type":"ImageObject","inLanguage":"tr","@id":"https:\/\/tajamarble.com\/#\/schema\/logo\/image\/","url":"https:\/\/i0.wp.com\/tajamarble.com\/wp-content\/uploads\/2018\/09\/yeni-logo.png?fit=546%2C365&ssl=1","contentUrl":"https:\/\/i0.wp.com\/tajamarble.com\/wp-content\/uploads\/2018\/09\/yeni-logo.png?fit=546%2C365&ssl=1","width":546,"height":365,"caption":"TAJA MARBLE"},"image":{"@id":"https:\/\/tajamarble.com\/#\/schema\/logo\/image\/"}}]}},"_links":{"self":[{"href":"https:\/\/tajamarble.com\/tr\/wp-json\/wp\/v2\/pages\/7739","targetHints":{"allow":["GET"]}}],"collection":[{"href":"https:\/\/tajamarble.com\/tr\/wp-json\/wp\/v2\/pages"}],"about":[{"href":"https:\/\/tajamarble.com\/tr\/wp-json\/wp\/v2\/types\/page"}],"author":[{"embeddable":true,"href":"https:\/\/tajamarble.com\/tr\/wp-json\/wp\/v2\/users\/2"}],"replies":[{"embeddable":true,"href":"https:\/\/tajamarble.com\/tr\/wp-json\/wp\/v2\/comments?post=7739"}],"version-history":[{"count":71,"href":"https:\/\/tajamarble.com\/tr\/wp-json\/wp\/v2\/pages\/7739\/revisions"}],"predecessor-version":[{"id":19734,"href":"https:\/\/tajamarble.com\/tr\/wp-json\/wp\/v2\/pages\/7739\/revisions\/19734"}],"wp:attachment":[{"href":"https:\/\/tajamarble.com\/tr\/wp-json\/wp\/v2\/media?parent=7739"}],"curies":[{"name":"wp","href":"https:\/\/api.w.org\/{rel}","templated":true}]}}