{"id":8718,"date":"2019-12-15T12:33:30","date_gmt":"2019-12-15T12:33:30","guid":{"rendered":"http:\/\/tajamarble.com\/?page_id=8718"},"modified":"2024-11-01T08:14:41","modified_gmt":"2024-11-01T08:14:41","slug":"terms-of-supply","status":"publish","type":"page","link":"https:\/\/tajamarble.com\/tr\/genel-tedarik-sartlari\/","title":{"rendered":"Terms of Supply"},"content":{"rendered":"<div class=\"wpb-content-wrapper\"><p>[vc_row][vc_column][vc_empty_space height=&#8221;50px&#8221;][\/vc_column][\/vc_row][vc_row][vc_column][vc_text_separator title=&#8221;Terms of Supply&#8221;][\/vc_column][\/vc_row][vc_row][vc_column][vc_column_text]<strong>General Terms of Supply<\/strong><\/p>\n<p><strong>Taja Marble \u2013 Kemal Can Canki Ic ve D\u0131\u015f Ticaret<\/strong><br \/>\nHeadquarters: Camikebir Mah. Atat\u00fcrk Mah. No:7 K:2 D:211, Seferihisar \u2013 \u0130zmir, Turkey<\/p>\n<h3>Purchase Orders<\/h3>\n<p>Purchase orders represent an &#8220;irrevocable proposal to buy&#8221; and are valid for 30 days. No purchase order shall be binding on TAJA MARBLE unless accepted in writing.<\/p>\n<p>Delivery of the ordered goods shall constitute written acceptance of the purchase order. Acceptance of a continuous flow of orders does not imply acceptance of all future orders nor guarantee future supplies.<\/p>\n<p>We do not accept terms and conditions of purchase that conflict with our own terms of supply and payment.<\/p>\n<h3>Delivery<\/h3>\n<p>The delivery date refers to the consignment date of goods to the carrier and is not binding on the seller. The seller assumes no liability for any delays in delivery or for any resulting damage or inconvenience to the buyer. Force majeure events (e.g., power outages, severe weather, strikes, lockouts) may authorize us to cancel or suspend supplies. Reductions by the seller in the order quantity or delays caused by inefficiencies or force majeure shall not entitle the buyer to cancel the contract.<\/p>\n<h3>Shipment<\/h3>\n<p>The goods are shipped at the buyer\u2019s risk and expense, even in cases where free delivery terms apply. The seller assumes no liability for damages, losses, or delays during transit; claims related to these issues should be directed to the carrier. Packaging costs will be billed at cost, excluding returns. The specified loading period must be observed, as failure to comply may result in the seller considering the buyer in default and reselling the goods to third parties. The seller accepts no liability for delays in transportation that exceed the agreed loading date.<\/p>\n<p>If the buyer refuses the goods or is unable to receive them, the seller reserves the right to enforce or terminate the contract and seek further damages.<\/p>\n<h3>Retention of Title<\/h3>\n<p>Goods remain the sole property of the seller until fully paid within the agreed period, even if transformed, combined, or deposited with third parties. Any resale to third parties is also subject to this retention of title clause. Any claims by the buyer against third parties arising from the sale of these goods shall automatically transfer to the seller as a guarantee for full payment. The buyer shall not transfer ownership of the goods as security for any obligations. Any third-party claims regarding these goods must be immediately reported to the seller.<\/p>\n<h3>Complaints<\/h3>\n<p>The buyer must inspect products before shipment. Our company is not responsible for errors or defects that arise after delivery to the destination. Returns are not accepted for any reason.<\/p>\n<p>Filing a complaint does not entitle the buyer to reject the supply, partially or fully, or to unilaterally reduce the price or modify payment terms. The seller accepts no liability for documented damage reported after shipment. Returns or replacements are not accepted, especially for custom-made goods, unless specifically agreed upon.<\/p>\n<h3>Samples<\/h3>\n<p>Marble, porphyry, and granite are natural products and therefore may vary in appearance. We strive to match supplies to samples as closely as possible; however, samples are for general reference only and are not binding.<\/p>\n<h3>Prices<\/h3>\n<p>All prices are ex-works and exclude VAT. Billed prices are those current at the billing date. Expenses incurred by the seller for shipment-related costs (e.g., freight, carriage) are to be refunded by the buyer. For free-of-carriage sales, the buyer shall pay carriage charges directly to the carrier upon delivery, which will be considered an advance on the bill.<\/p>\n<h3>Payments<\/h3>\n<p>Payments must be made prior to shipment by bank transfer, without discount, to the head office of Taja Marble \u2013 Kemal Can Canki \u0130\u00e7 ve D\u0131\u015f Ticaret in Seferihisar, \u0130zmir, unless otherwise agreed. In the case of cheque payments, the buyer assumes responsibility for any bank fees or interest.<\/p>\n<p>Our agents or collaborators are not authorized to accept payments or provide receipts in our name without specific written authorization, verified by telephone or fax.<\/p>\n<h3>Place of Discharge of Obligations<\/h3>\n<p>Both parties discharge their obligations at the seller\u2019s premises in \u0130zmir. The seller\u2019s obligation to deliver goods is fulfilled by handing them over to a carrier.<\/p>\n<h3>Jurisdiction<\/h3>\n<p>All disputes relating to this contract shall be resolved by the Court of Seferihisar, \u0130zmir, even in cases involving cheques, bills of exchange, drafts, or credit lines. This clause benefits the seller, who may choose to bring actions before any other competent court if desired.<\/p>\n<h3>Approval of General Terms and Conditions<\/h3>\n<p>By placing an order with Taja Marble, you fully and unconditionally accept these terms and conditions.<\/p>\n<h3>Approval of Specific Terms and Conditions (Pursuant to Turkish Commercial Code)<\/h3>\n<p>By submitting a purchase order, the buyer specifically approves the following terms and conditions:<\/p>\n<ul>\n<li>Delivery<\/li>\n<li>Shipment<\/li>\n<li>Retention of Title<\/li>\n<li>Complaints<\/li>\n<li>Payments<\/li>\n<li>Jurisdiction<\/li>\n<\/ul>\n<p>In written acceptance of the terms and conditions indicated above.[\/vc_column_text][\/vc_column][\/vc_row][vc_row][vc_column][vc_empty_space height=&#8221;50px&#8221;][\/vc_column][\/vc_row]<\/p>\n<\/div>","protected":false},"excerpt":{"rendered":"<p>[vc_row][vc_column][vc_empty_space height=&#8221;50px&#8221;][\/vc_column][\/vc_row][vc_row][vc_column][vc_text_separator title=&#8221;Terms of Supply&#8221;][\/vc_column][\/vc_row][vc_row][vc_column][vc_column_text]General Terms of Supply Taja Marble \u2013 Kemal Can Canki Ic ve D\u0131\u015f Ticaret Headquarters: Camikebir Mah. Atat\u00fcrk Mah. No:7 K:2 D:211, Seferihisar \u2013 \u0130zmir, Turkey Purchase Orders Purchase orders represent an &#8220;irrevocable proposal to buy&#8221; and are valid for 30 days. No purchase order shall be binding on TAJA MARBLE unless accepted in writing. Delivery of the ordered goods shall constitute written acceptance of the purchase order. Acceptance of a continuous flow of orders does not imply acceptance of all future orders nor guarantee future supplies. We do not accept terms and conditions of purchase that conflict with our own terms of supply and payment. &#8230;<a class=\"r_more_blog\" href=\"https:\/\/tajamarble.com\/tr\/genel-tedarik-sartlari\/#more-8718\"><i class=\"fa fa-sign-in\"><\/i> read more<\/a><\/p>\n","protected":false},"author":2,"featured_media":0,"parent":0,"menu_order":0,"comment_status":"closed","ping_status":"closed","template":"","meta":{"_sitemap_exclude":false,"_sitemap_priority":"","_sitemap_frequency":"","footnotes":""},"class_list":["post-8718","page","type-page","status-publish","hentry"],"translation":{"provider":"WPGlobus","version":"3.0.2","language":"tr","enabled_languages":["en","tr"],"languages":{"en":{"title":true,"content":true,"excerpt":false},"tr":{"title":false,"content":false,"excerpt":false}}},"yoast_head":"<!-- This site is optimized with the Yoast SEO plugin v27.3 - https:\/\/yoast.com\/product\/yoast-seo-wordpress\/ -->\n<title>Terms of Supply | Taja Marble by Kemaloglu - Turkish Natural Stone Supplier<\/title>\n<meta name=\"description\" content=\"Sat\u0131n alma sipari\u015fleriSat\u0131n alma sipari\u015fleri, &quot;sat\u0131n almak i\u00e7in geri al\u0131namaz bir teklifi&quot; temsil eder ve 30 g\u00fcnl\u00fck bir ge\u00e7erlili\u011fe sahiptir.\" \/>\n<meta name=\"robots\" content=\"index, follow, max-snippet:-1, max-image-preview:large, max-video-preview:-1\" \/>\n<link rel=\"canonical\" href=\"https:\/\/tajamarble.com\/terms-of-supply\/\" \/>\n<meta property=\"og:locale\" content=\"tr_TR\" \/>\n<meta property=\"og:type\" content=\"article\" \/>\n<meta property=\"og:title\" content=\"Terms of Supply | Taja Marble by Kemaloglu - Turkish Natural Stone Supplier\" \/>\n<meta property=\"og:description\" content=\"Sat\u0131n alma sipari\u015fleriSat\u0131n alma sipari\u015fleri, &quot;sat\u0131n almak i\u00e7in geri al\u0131namaz bir teklifi&quot; temsil eder ve 30 g\u00fcnl\u00fck bir ge\u00e7erlili\u011fe sahiptir.\" \/>\n<meta property=\"og:url\" content=\"https:\/\/tajamarble.com\/terms-of-supply\/\" \/>\n<meta property=\"og:site_name\" content=\"Taja Marble by Kemaloglu - Turkish Natural Stone Supplier\" \/>\n<meta property=\"article:modified_time\" content=\"2024-11-01T08:14:41+00:00\" \/>\n<meta name=\"twitter:card\" content=\"summary_large_image\" \/>\n<meta name=\"twitter:label1\" content=\"Tahmini okuma s\u00fcresi\" \/>\n\t<meta name=\"twitter:data1\" content=\"5 dakika\" \/>\n<script type=\"application\/ld+json\" class=\"yoast-schema-graph\">{\"@context\":\"https:\\\/\\\/schema.org\",\"@graph\":[{\"@type\":\"WebPage\",\"@id\":\"https:\\\/\\\/tajamarble.com\\\/terms-of-supply\\\/\",\"url\":\"https:\\\/\\\/tajamarble.com\\\/terms-of-supply\\\/\",\"name\":\"Terms of Supply | Taja Marble by Kemaloglu - Turkish Natural Stone Supplier\",\"isPartOf\":{\"@id\":\"https:\\\/\\\/tajamarble.com\\\/#website\"},\"datePublished\":\"2019-12-15T12:33:30+00:00\",\"dateModified\":\"2024-11-01T08:14:41+00:00\",\"description\":\"Purchase orders represent an \u2018irrevocable proposal to buy\u2019 and have a validity of 30 days. No purchase order shall be binding on\",\"breadcrumb\":{\"@id\":\"https:\\\/\\\/tajamarble.com\\\/terms-of-supply\\\/#breadcrumb\"},\"inLanguage\":\"tr\",\"potentialAction\":[{\"@type\":\"ReadAction\",\"target\":[\"https:\\\/\\\/tajamarble.com\\\/terms-of-supply\\\/\"]}]},{\"@type\":\"BreadcrumbList\",\"@id\":\"https:\\\/\\\/tajamarble.com\\\/terms-of-supply\\\/#breadcrumb\",\"itemListElement\":[{\"@type\":\"ListItem\",\"position\":1,\"name\":\"Ana sayfa\",\"item\":\"https:\\\/\\\/tajamarble.com\\\/\"},{\"@type\":\"ListItem\",\"position\":2,\"name\":\"Terms of Supply\"}]},{\"@type\":\"WebSite\",\"@id\":\"https:\\\/\\\/tajamarble.com\\\/#website\",\"url\":\"https:\\\/\\\/tajamarble.com\\\/\",\"name\":\"Taja Marble by Kemaloglu\",\"description\":\"Turkish Natural Stone Supplier\",\"publisher\":{\"@id\":\"https:\\\/\\\/tajamarble.com\\\/#organization\"},\"potentialAction\":[{\"@type\":\"SearchAction\",\"target\":{\"@type\":\"EntryPoint\",\"urlTemplate\":\"https:\\\/\\\/tajamarble.com\\\/?s={search_term_string}\"},\"query-input\":{\"@type\":\"PropertyValueSpecification\",\"valueRequired\":true,\"valueName\":\"search_term_string\"}}],\"inLanguage\":\"tr\"},{\"@type\":\"Organization\",\"@id\":\"https:\\\/\\\/tajamarble.com\\\/#organization\",\"name\":\"TAJA MARBLE\",\"url\":\"https:\\\/\\\/tajamarble.com\\\/\",\"logo\":{\"@type\":\"ImageObject\",\"inLanguage\":\"tr\",\"@id\":\"https:\\\/\\\/tajamarble.com\\\/#\\\/schema\\\/logo\\\/image\\\/\",\"url\":\"https:\\\/\\\/i0.wp.com\\\/tajamarble.com\\\/wp-content\\\/uploads\\\/2018\\\/09\\\/yeni-logo.png?fit=546%2C365&ssl=1\",\"contentUrl\":\"https:\\\/\\\/i0.wp.com\\\/tajamarble.com\\\/wp-content\\\/uploads\\\/2018\\\/09\\\/yeni-logo.png?fit=546%2C365&ssl=1\",\"width\":546,\"height\":365,\"caption\":\"TAJA MARBLE\"},\"image\":{\"@id\":\"https:\\\/\\\/tajamarble.com\\\/#\\\/schema\\\/logo\\\/image\\\/\"}}]}<\/script>\n<!-- \/ Yoast SEO plugin. -->","yoast_head_json":{"title":"Terms of Supply | Taja Marble by Kemaloglu - Turkish Natural Stone Supplier","description":"Sat\u0131n alma sipari\u015fleriSat\u0131n alma sipari\u015fleri, \"sat\u0131n almak i\u00e7in geri al\u0131namaz bir teklifi\" temsil eder ve 30 g\u00fcnl\u00fck bir ge\u00e7erlili\u011fe sahiptir.","robots":{"index":"index","follow":"follow","max-snippet":"max-snippet:-1","max-image-preview":"max-image-preview:large","max-video-preview":"max-video-preview:-1"},"canonical":"https:\/\/tajamarble.com\/terms-of-supply\/","og_locale":"tr_TR","og_type":"article","og_title":"Terms of Supply | Taja Marble by Kemaloglu - Turkish Natural Stone Supplier","og_description":"Sat\u0131n alma sipari\u015fleriSat\u0131n alma sipari\u015fleri, \"sat\u0131n almak i\u00e7in geri al\u0131namaz bir teklifi\" temsil eder ve 30 g\u00fcnl\u00fck bir ge\u00e7erlili\u011fe sahiptir.","og_url":"https:\/\/tajamarble.com\/terms-of-supply\/","og_site_name":"Taja Marble by Kemaloglu - Turkish Natural Stone Supplier","article_modified_time":"2024-11-01T08:14:41+00:00","twitter_card":"summary_large_image","twitter_misc":{"Tahmini okuma s\u00fcresi":"5 dakika"},"schema":{"@context":"https:\/\/schema.org","@graph":[{"@type":"WebPage","@id":"https:\/\/tajamarble.com\/terms-of-supply\/","url":"https:\/\/tajamarble.com\/terms-of-supply\/","name":"Terms of Supply | Taja Marble by Kemaloglu - Turkish Natural Stone Supplier","isPartOf":{"@id":"https:\/\/tajamarble.com\/#website"},"datePublished":"2019-12-15T12:33:30+00:00","dateModified":"2024-11-01T08:14:41+00:00","description":"Purchase orders represent an \u2018irrevocable proposal to buy\u2019 and have a validity of 30 days. No purchase order shall be binding on","breadcrumb":{"@id":"https:\/\/tajamarble.com\/terms-of-supply\/#breadcrumb"},"inLanguage":"tr","potentialAction":[{"@type":"ReadAction","target":["https:\/\/tajamarble.com\/terms-of-supply\/"]}]},{"@type":"BreadcrumbList","@id":"https:\/\/tajamarble.com\/terms-of-supply\/#breadcrumb","itemListElement":[{"@type":"ListItem","position":1,"name":"Ana sayfa","item":"https:\/\/tajamarble.com\/"},{"@type":"ListItem","position":2,"name":"Terms of Supply"}]},{"@type":"WebSite","@id":"https:\/\/tajamarble.com\/#website","url":"https:\/\/tajamarble.com\/","name":"Taja Marble by Kemaloglu","description":"Turkish Natural Stone Supplier","publisher":{"@id":"https:\/\/tajamarble.com\/#organization"},"potentialAction":[{"@type":"SearchAction","target":{"@type":"EntryPoint","urlTemplate":"https:\/\/tajamarble.com\/?s={search_term_string}"},"query-input":{"@type":"PropertyValueSpecification","valueRequired":true,"valueName":"search_term_string"}}],"inLanguage":"tr"},{"@type":"Organization","@id":"https:\/\/tajamarble.com\/#organization","name":"TAJA MARBLE","url":"https:\/\/tajamarble.com\/","logo":{"@type":"ImageObject","inLanguage":"tr","@id":"https:\/\/tajamarble.com\/#\/schema\/logo\/image\/","url":"https:\/\/i0.wp.com\/tajamarble.com\/wp-content\/uploads\/2018\/09\/yeni-logo.png?fit=546%2C365&ssl=1","contentUrl":"https:\/\/i0.wp.com\/tajamarble.com\/wp-content\/uploads\/2018\/09\/yeni-logo.png?fit=546%2C365&ssl=1","width":546,"height":365,"caption":"TAJA MARBLE"},"image":{"@id":"https:\/\/tajamarble.com\/#\/schema\/logo\/image\/"}}]}},"_links":{"self":[{"href":"https:\/\/tajamarble.com\/tr\/wp-json\/wp\/v2\/pages\/8718","targetHints":{"allow":["GET"]}}],"collection":[{"href":"https:\/\/tajamarble.com\/tr\/wp-json\/wp\/v2\/pages"}],"about":[{"href":"https:\/\/tajamarble.com\/tr\/wp-json\/wp\/v2\/types\/page"}],"author":[{"embeddable":true,"href":"https:\/\/tajamarble.com\/tr\/wp-json\/wp\/v2\/users\/2"}],"replies":[{"embeddable":true,"href":"https:\/\/tajamarble.com\/tr\/wp-json\/wp\/v2\/comments?post=8718"}],"version-history":[{"count":9,"href":"https:\/\/tajamarble.com\/tr\/wp-json\/wp\/v2\/pages\/8718\/revisions"}],"predecessor-version":[{"id":21104,"href":"https:\/\/tajamarble.com\/tr\/wp-json\/wp\/v2\/pages\/8718\/revisions\/21104"}],"wp:attachment":[{"href":"https:\/\/tajamarble.com\/tr\/wp-json\/wp\/v2\/media?parent=8718"}],"curies":[{"name":"wp","href":"https:\/\/api.w.org\/{rel}","templated":true}]}}