{"id":8721,"date":"2019-12-15T18:49:52","date_gmt":"2019-12-15T18:49:52","guid":{"rendered":"http:\/\/tajamarble.com\/?page_id=8721"},"modified":"2024-11-01T08:19:52","modified_gmt":"2024-11-01T08:19:52","slug":"gdpr-cookie-policy","status":"publish","type":"page","link":"https:\/\/tajamarble.com\/tr\/cerez-politikasi\/","title":{"rendered":"GDPR Cookie Policy"},"content":{"rendered":"<div class=\"wpb-content-wrapper\"><p>[vc_row][vc_column][vc_empty_space height=&#8221;50px&#8221;][\/vc_column][\/vc_row][vc_row][vc_column][vc_text_separator title=&#8221;GDPR Cookie Policy&#8221;][\/vc_column][\/vc_row][vc_row][vc_column][vc_column_text]<strong>Cookie Policy<\/strong><\/p>\n<p>To enhance your browsing experience, we use cookies, small data files stored on your device. These allow us to remember your preferences and tailor our website to suit your needs. By continuing to use our site, you agree to our use of cookies as described below.<\/p>\n<p><strong>What Are Cookies?<\/strong><\/p>\n<p>Cookies are small text files saved on your device when you visit our website. They enable the site to remember your preferences\u2014such as language and font size\u2014across visits, so you don&#8217;t need to re-enter them each time.<\/p>\n<p><strong>How We Use Cookies ?<\/strong><\/p>\n<p>Preferences: Store display options like contrast and font size.<br \/>\nSecurity: Protect your data and prevent unauthorized access.<br \/>\nProcesses: Ensure smooth navigation and functionality.<br \/>\nAdvertising: Personalize ads based on your interests.<br \/>\nSession State &amp; Analytics: Track usage patterns to improve our services.<br \/>\nThese cookies do not identify you personally. You can delete or block cookies, but some website features may not work as intended.<\/p>\n<p><strong>Managing Cookies<\/strong><\/p>\n<p>Most browsers allow you to adjust your cookie settings:<\/p>\n<ul>\n<li>Internet Explorer<br \/>\nFirefox<br \/>\nSafari<br \/>\nChrome<br \/>\nBlocking cookies may limit your experience.<\/li>\n<\/ul>\n<p>For detailed information, visit our Privacy Policy page.[\/vc_column_text][\/vc_column][\/vc_row][vc_row][vc_column][vc_empty_space height=&#8221;50px&#8221;][\/vc_column][\/vc_row]<\/p>\n<\/div>","protected":false},"excerpt":{"rendered":"<p>[vc_row][vc_column][vc_empty_space height=&#8221;50px&#8221;][\/vc_column][\/vc_row][vc_row][vc_column][vc_text_separator title=&#8221;GDPR Cookie Policy&#8221;][\/vc_column][\/vc_row][vc_row][vc_column][vc_column_text]Cookie Policy To enhance your browsing experience, we use cookies, small data files stored on your device. These allow us to remember your preferences and tailor our website to suit your needs. By continuing to use our site, you agree to our use of cookies as described below. What Are Cookies? Cookies are small text files saved on your device when you visit our website. They enable the site to remember your preferences\u2014such as language and font size\u2014across visits, so you don&#8217;t need to re-enter them each time. How We Use Cookies ? Preferences: Store display options like contrast and font size. Security: Protect your data &#8230;<a class=\"r_more_blog\" href=\"https:\/\/tajamarble.com\/tr\/cerez-politikasi\/#more-8721\"><i class=\"fa fa-sign-in\"><\/i> read more<\/a><\/p>\n","protected":false},"author":2,"featured_media":0,"parent":0,"menu_order":0,"comment_status":"closed","ping_status":"closed","template":"","meta":{"_sitemap_exclude":false,"_sitemap_priority":"","_sitemap_frequency":"","footnotes":""},"class_list":["post-8721","page","type-page","status-publish","hentry"],"translation":{"provider":"WPGlobus","version":"3.0.2","language":"tr","enabled_languages":["en","tr"],"languages":{"en":{"title":true,"content":true,"excerpt":false},"tr":{"title":false,"content":false,"excerpt":false}}},"yoast_head":"<!-- This site is optimized with the Yoast SEO plugin v27.3 - https:\/\/yoast.com\/product\/yoast-seo-wordpress\/ -->\n<title>GDPR Cookie Policy | Taja Marble by Kemaloglu - Turkish Natural Stone Supplier<\/title>\n<meta name=\"description\" content=\"Bu sitenin d\u00fczg\u00fcn \u00e7al\u0131\u015fmas\u0131n\u0131 sa\u011flamak i\u00e7in bazen cihaz\u0131n\u0131za \u00e7erez ad\u0131 verilen k\u00fc\u00e7\u00fck veri dosyalar\u0131 yerle\u015ftiririz. \u00c7o\u011fu b\u00fcy\u00fck web sitesi de\" \/>\n<meta name=\"robots\" content=\"index, follow, max-snippet:-1, max-image-preview:large, max-video-preview:-1\" \/>\n<link rel=\"canonical\" href=\"https:\/\/tajamarble.com\/gdpr-cookie-policy\/\" \/>\n<meta property=\"og:locale\" content=\"tr_TR\" \/>\n<meta property=\"og:type\" content=\"article\" \/>\n<meta property=\"og:title\" content=\"GDPR Cookie Policy | Taja Marble by Kemaloglu - Turkish Natural Stone Supplier\" \/>\n<meta property=\"og:description\" content=\"Bu sitenin d\u00fczg\u00fcn \u00e7al\u0131\u015fmas\u0131n\u0131 sa\u011flamak i\u00e7in bazen cihaz\u0131n\u0131za \u00e7erez ad\u0131 verilen k\u00fc\u00e7\u00fck veri dosyalar\u0131 yerle\u015ftiririz. \u00c7o\u011fu b\u00fcy\u00fck web sitesi de\" \/>\n<meta property=\"og:url\" content=\"https:\/\/tajamarble.com\/gdpr-cookie-policy\/\" \/>\n<meta property=\"og:site_name\" content=\"Taja Marble by Kemaloglu - Turkish Natural Stone Supplier\" \/>\n<meta property=\"article:modified_time\" content=\"2024-11-01T08:19:52+00:00\" \/>\n<meta name=\"twitter:card\" content=\"summary_large_image\" \/>\n<meta name=\"twitter:label1\" content=\"Tahmini okuma s\u00fcresi\" \/>\n\t<meta name=\"twitter:data1\" content=\"2 dakika\" \/>\n<script type=\"application\/ld+json\" class=\"yoast-schema-graph\">{\"@context\":\"https:\\\/\\\/schema.org\",\"@graph\":[{\"@type\":\"WebPage\",\"@id\":\"https:\\\/\\\/tajamarble.com\\\/gdpr-cookie-policy\\\/\",\"url\":\"https:\\\/\\\/tajamarble.com\\\/gdpr-cookie-policy\\\/\",\"name\":\"GDPR Cookie Policy | Taja Marble by Kemaloglu - Turkish Natural Stone Supplier\",\"isPartOf\":{\"@id\":\"https:\\\/\\\/tajamarble.com\\\/#website\"},\"datePublished\":\"2019-12-15T18:49:52+00:00\",\"dateModified\":\"2024-11-01T08:19:52+00:00\",\"description\":\"To make this site work properly, we sometimes place small data files called cookies on your device. Most big websites do this too.\",\"breadcrumb\":{\"@id\":\"https:\\\/\\\/tajamarble.com\\\/gdpr-cookie-policy\\\/#breadcrumb\"},\"inLanguage\":\"tr\",\"potentialAction\":[{\"@type\":\"ReadAction\",\"target\":[\"https:\\\/\\\/tajamarble.com\\\/gdpr-cookie-policy\\\/\"]}]},{\"@type\":\"BreadcrumbList\",\"@id\":\"https:\\\/\\\/tajamarble.com\\\/gdpr-cookie-policy\\\/#breadcrumb\",\"itemListElement\":[{\"@type\":\"ListItem\",\"position\":1,\"name\":\"Ana sayfa\",\"item\":\"https:\\\/\\\/tajamarble.com\\\/\"},{\"@type\":\"ListItem\",\"position\":2,\"name\":\"GDPR Cookie Policy\"}]},{\"@type\":\"WebSite\",\"@id\":\"https:\\\/\\\/tajamarble.com\\\/#website\",\"url\":\"https:\\\/\\\/tajamarble.com\\\/\",\"name\":\"Taja Marble by Kemaloglu\",\"description\":\"Turkish Natural Stone Supplier\",\"publisher\":{\"@id\":\"https:\\\/\\\/tajamarble.com\\\/#organization\"},\"potentialAction\":[{\"@type\":\"SearchAction\",\"target\":{\"@type\":\"EntryPoint\",\"urlTemplate\":\"https:\\\/\\\/tajamarble.com\\\/?s={search_term_string}\"},\"query-input\":{\"@type\":\"PropertyValueSpecification\",\"valueRequired\":true,\"valueName\":\"search_term_string\"}}],\"inLanguage\":\"tr\"},{\"@type\":\"Organization\",\"@id\":\"https:\\\/\\\/tajamarble.com\\\/#organization\",\"name\":\"TAJA MARBLE\",\"url\":\"https:\\\/\\\/tajamarble.com\\\/\",\"logo\":{\"@type\":\"ImageObject\",\"inLanguage\":\"tr\",\"@id\":\"https:\\\/\\\/tajamarble.com\\\/#\\\/schema\\\/logo\\\/image\\\/\",\"url\":\"https:\\\/\\\/i0.wp.com\\\/tajamarble.com\\\/wp-content\\\/uploads\\\/2018\\\/09\\\/yeni-logo.png?fit=546%2C365&ssl=1\",\"contentUrl\":\"https:\\\/\\\/i0.wp.com\\\/tajamarble.com\\\/wp-content\\\/uploads\\\/2018\\\/09\\\/yeni-logo.png?fit=546%2C365&ssl=1\",\"width\":546,\"height\":365,\"caption\":\"TAJA MARBLE\"},\"image\":{\"@id\":\"https:\\\/\\\/tajamarble.com\\\/#\\\/schema\\\/logo\\\/image\\\/\"}}]}<\/script>\n<!-- \/ Yoast SEO plugin. -->","yoast_head_json":{"title":"GDPR Cookie Policy | Taja Marble by Kemaloglu - Turkish Natural Stone Supplier","description":"Bu sitenin d\u00fczg\u00fcn \u00e7al\u0131\u015fmas\u0131n\u0131 sa\u011flamak i\u00e7in bazen cihaz\u0131n\u0131za \u00e7erez ad\u0131 verilen k\u00fc\u00e7\u00fck veri dosyalar\u0131 yerle\u015ftiririz. \u00c7o\u011fu b\u00fcy\u00fck web sitesi de","robots":{"index":"index","follow":"follow","max-snippet":"max-snippet:-1","max-image-preview":"max-image-preview:large","max-video-preview":"max-video-preview:-1"},"canonical":"https:\/\/tajamarble.com\/gdpr-cookie-policy\/","og_locale":"tr_TR","og_type":"article","og_title":"GDPR Cookie Policy | Taja Marble by Kemaloglu - Turkish Natural Stone Supplier","og_description":"Bu sitenin d\u00fczg\u00fcn \u00e7al\u0131\u015fmas\u0131n\u0131 sa\u011flamak i\u00e7in bazen cihaz\u0131n\u0131za \u00e7erez ad\u0131 verilen k\u00fc\u00e7\u00fck veri dosyalar\u0131 yerle\u015ftiririz. \u00c7o\u011fu b\u00fcy\u00fck web sitesi de","og_url":"https:\/\/tajamarble.com\/gdpr-cookie-policy\/","og_site_name":"Taja Marble by Kemaloglu - Turkish Natural Stone Supplier","article_modified_time":"2024-11-01T08:19:52+00:00","twitter_card":"summary_large_image","twitter_misc":{"Tahmini okuma s\u00fcresi":"2 dakika"},"schema":{"@context":"https:\/\/schema.org","@graph":[{"@type":"WebPage","@id":"https:\/\/tajamarble.com\/gdpr-cookie-policy\/","url":"https:\/\/tajamarble.com\/gdpr-cookie-policy\/","name":"GDPR Cookie Policy | Taja Marble by Kemaloglu - Turkish Natural Stone Supplier","isPartOf":{"@id":"https:\/\/tajamarble.com\/#website"},"datePublished":"2019-12-15T18:49:52+00:00","dateModified":"2024-11-01T08:19:52+00:00","description":"To make this site work properly, we sometimes place small data files called cookies on your device. Most big websites do this too.","breadcrumb":{"@id":"https:\/\/tajamarble.com\/gdpr-cookie-policy\/#breadcrumb"},"inLanguage":"tr","potentialAction":[{"@type":"ReadAction","target":["https:\/\/tajamarble.com\/gdpr-cookie-policy\/"]}]},{"@type":"BreadcrumbList","@id":"https:\/\/tajamarble.com\/gdpr-cookie-policy\/#breadcrumb","itemListElement":[{"@type":"ListItem","position":1,"name":"Ana sayfa","item":"https:\/\/tajamarble.com\/"},{"@type":"ListItem","position":2,"name":"GDPR Cookie Policy"}]},{"@type":"WebSite","@id":"https:\/\/tajamarble.com\/#website","url":"https:\/\/tajamarble.com\/","name":"Taja Marble by Kemaloglu","description":"Turkish Natural Stone Supplier","publisher":{"@id":"https:\/\/tajamarble.com\/#organization"},"potentialAction":[{"@type":"SearchAction","target":{"@type":"EntryPoint","urlTemplate":"https:\/\/tajamarble.com\/?s={search_term_string}"},"query-input":{"@type":"PropertyValueSpecification","valueRequired":true,"valueName":"search_term_string"}}],"inLanguage":"tr"},{"@type":"Organization","@id":"https:\/\/tajamarble.com\/#organization","name":"TAJA MARBLE","url":"https:\/\/tajamarble.com\/","logo":{"@type":"ImageObject","inLanguage":"tr","@id":"https:\/\/tajamarble.com\/#\/schema\/logo\/image\/","url":"https:\/\/i0.wp.com\/tajamarble.com\/wp-content\/uploads\/2018\/09\/yeni-logo.png?fit=546%2C365&ssl=1","contentUrl":"https:\/\/i0.wp.com\/tajamarble.com\/wp-content\/uploads\/2018\/09\/yeni-logo.png?fit=546%2C365&ssl=1","width":546,"height":365,"caption":"TAJA MARBLE"},"image":{"@id":"https:\/\/tajamarble.com\/#\/schema\/logo\/image\/"}}]}},"_links":{"self":[{"href":"https:\/\/tajamarble.com\/tr\/wp-json\/wp\/v2\/pages\/8721","targetHints":{"allow":["GET"]}}],"collection":[{"href":"https:\/\/tajamarble.com\/tr\/wp-json\/wp\/v2\/pages"}],"about":[{"href":"https:\/\/tajamarble.com\/tr\/wp-json\/wp\/v2\/types\/page"}],"author":[{"embeddable":true,"href":"https:\/\/tajamarble.com\/tr\/wp-json\/wp\/v2\/users\/2"}],"replies":[{"embeddable":true,"href":"https:\/\/tajamarble.com\/tr\/wp-json\/wp\/v2\/comments?post=8721"}],"version-history":[{"count":10,"href":"https:\/\/tajamarble.com\/tr\/wp-json\/wp\/v2\/pages\/8721\/revisions"}],"predecessor-version":[{"id":21107,"href":"https:\/\/tajamarble.com\/tr\/wp-json\/wp\/v2\/pages\/8721\/revisions\/21107"}],"wp:attachment":[{"href":"https:\/\/tajamarble.com\/tr\/wp-json\/wp\/v2\/media?parent=8721"}],"curies":[{"name":"wp","href":"https:\/\/api.w.org\/{rel}","templated":true}]}}