{"id":8723,"date":"2019-12-15T19:15:18","date_gmt":"2019-12-15T19:15:18","guid":{"rendered":"http:\/\/tajamarble.com\/?page_id=8723"},"modified":"2024-10-11T09:54:27","modified_gmt":"2024-10-11T09:54:27","slug":"imprint-taja-marble","status":"publish","type":"page","link":"https:\/\/tajamarble.com\/tr\/firma-bilgileri\/","title":{"rendered":"Imprint Taja Marble"},"content":{"rendered":"<div class=\"wpb-content-wrapper\"><p>[vc_row][vc_column][vc_empty_space height=&#8221;50px&#8221;][\/vc_column][\/vc_row][vc_row][vc_column][vc_text_separator title=&#8221;Imprint Taja Marble&#8221;][\/vc_column][\/vc_row][vc_row][vc_column][vc_column_text]<\/p>\n<h3>Taja Marble &#8211; Kemal Can Canki \u0130\u00e7 ve D\u0131\u015f Ticaret<\/h3>\n<p>Camikebir Mah. Atat\u00fcrk Cad.<br \/>\nNo:7 Kat:2 Daire:211 35460<br \/>\nSeferihisar &#8211; \u0130zmir \/ Turkey<br \/>\nTel.: +90 850 304 40 42<br \/>\nFax: +90 850 304 40 42<br \/>\nE-mail: info@tajamarble.com<\/p>\n<p>Tax Number : 201 034 92 69<br \/>\nMersis No.: 238 571 110 64 00020<br \/>\nTrade Register No.: 191313<br \/>\nChamber Registration No.: 1775311<\/p>\n<h4>Copyright<\/h4>\n<p>The information provided on the website has been carefully checked and is updated regularly. There can be no assurance can be given that the information provided on this website is complete, correct or up to date as well. Taja Marble assumes no responsibility for the content of any third party comments and the content of third party sites that are accessible via links from the site. For the content of linked pages is the provider of the particular site. All contributions that you find on this website are copyrighted. All information available on the website provided without guarantee of correctness. For damages is taken on any case of liability that applies to all web sites referred to by means of a link.<\/p>\n<h4>Managing director<\/h4>\n<p>Kemal Can Canki<\/p>\n<h4>Responsible for content and press<\/h4>\n<p>Taja Marble &#8211; Kemal Can Canki \u0130\u00e7 ve D\u0131\u015f Ticaret[\/vc_column_text][\/vc_column][\/vc_row][vc_row][vc_column][vc_empty_space height=&#8221;50px&#8221;][\/vc_column][\/vc_row]<\/p>\n<\/div>","protected":false},"excerpt":{"rendered":"<p>[vc_row][vc_column][vc_empty_space height=&#8221;50px&#8221;][\/vc_column][\/vc_row][vc_row][vc_column][vc_text_separator title=&#8221;Imprint Taja Marble&#8221;][\/vc_column][\/vc_row][vc_row][vc_column][vc_column_text] Taja Marble &#8211; Kemal Can Canki \u0130\u00e7 ve D\u0131\u015f Ticaret Camikebir Mah. Atat\u00fcrk Cad. No:7 Kat:2 Daire:211 35460 Seferihisar &#8211; \u0130zmir \/ Turkey Tel.: +90 850 304 40 42 Fax: +90 850 304 40 42 E-mail: info@tajamarble.com Tax Number : 201 034 92 69 Mersis No.: 238 571 110 64 00020 Trade Register No.: 191313 Chamber Registration No.: 1775311 Copyright The information provided on the website has been carefully checked and is updated regularly. There can be no assurance can be given that the information provided on this website is complete, correct or up to date as well. Taja Marble assumes no responsibility for the &#8230;<a class=\"r_more_blog\" href=\"https:\/\/tajamarble.com\/tr\/firma-bilgileri\/#more-8723\"><i class=\"fa fa-sign-in\"><\/i> read more<\/a><\/p>\n","protected":false},"author":2,"featured_media":0,"parent":0,"menu_order":0,"comment_status":"closed","ping_status":"closed","template":"","meta":{"_sitemap_exclude":false,"_sitemap_priority":"","_sitemap_frequency":"","footnotes":""},"class_list":["post-8723","page","type-page","status-publish","hentry"],"translation":{"provider":"WPGlobus","version":"3.0.2","language":"tr","enabled_languages":["en","tr"],"languages":{"en":{"title":true,"content":true,"excerpt":false},"tr":{"title":false,"content":false,"excerpt":false}}},"yoast_head":"<!-- This site is optimized with the Yoast SEO plugin v27.3 - https:\/\/yoast.com\/product\/yoast-seo-wordpress\/ -->\n<title>Imprint Taja Marble | Taja Marble by Kemaloglu - Turkish Natural Stone Supplier<\/title>\n<meta name=\"description\" content=\"Web sitesinde verilen bilgiler dikkatlice kontrol edilmi\u015f ve d\u00fczenli olarak g\u00fcncellenmektedir. Bu web sitesinde verilen bilgilerin eksiksiz,\" \/>\n<meta name=\"robots\" content=\"index, follow, max-snippet:-1, max-image-preview:large, max-video-preview:-1\" \/>\n<link rel=\"canonical\" href=\"https:\/\/tajamarble.com\/imprint-taja-marble\/\" \/>\n<meta property=\"og:locale\" content=\"tr_TR\" \/>\n<meta property=\"og:type\" content=\"article\" \/>\n<meta property=\"og:title\" content=\"Imprint Taja Marble | Taja Marble by Kemaloglu - Turkish Natural Stone Supplier\" \/>\n<meta property=\"og:description\" content=\"Web sitesinde verilen bilgiler dikkatlice kontrol edilmi\u015f ve d\u00fczenli olarak g\u00fcncellenmektedir. Bu web sitesinde verilen bilgilerin eksiksiz,\" \/>\n<meta property=\"og:url\" content=\"https:\/\/tajamarble.com\/imprint-taja-marble\/\" \/>\n<meta property=\"og:site_name\" content=\"Taja Marble by Kemaloglu - Turkish Natural Stone Supplier\" \/>\n<meta property=\"article:modified_time\" content=\"2024-10-11T09:54:27+00:00\" \/>\n<meta name=\"twitter:card\" content=\"summary_large_image\" \/>\n<meta name=\"twitter:label1\" content=\"Tahmini okuma s\u00fcresi\" \/>\n\t<meta name=\"twitter:data1\" content=\"2 dakika\" \/>\n<script type=\"application\/ld+json\" class=\"yoast-schema-graph\">{\"@context\":\"https:\\\/\\\/schema.org\",\"@graph\":[{\"@type\":\"WebPage\",\"@id\":\"https:\\\/\\\/tajamarble.com\\\/imprint-taja-marble\\\/\",\"url\":\"https:\\\/\\\/tajamarble.com\\\/imprint-taja-marble\\\/\",\"name\":\"Imprint Taja Marble | Taja Marble by Kemaloglu - Turkish Natural Stone Supplier\",\"isPartOf\":{\"@id\":\"https:\\\/\\\/tajamarble.com\\\/#website\"},\"datePublished\":\"2019-12-15T19:15:18+00:00\",\"dateModified\":\"2024-10-11T09:54:27+00:00\",\"description\":\"The information provided on the website has been carefully checked and is updated regularly. There can be no assurance can be given that th\",\"breadcrumb\":{\"@id\":\"https:\\\/\\\/tajamarble.com\\\/imprint-taja-marble\\\/#breadcrumb\"},\"inLanguage\":\"tr\",\"potentialAction\":[{\"@type\":\"ReadAction\",\"target\":[\"https:\\\/\\\/tajamarble.com\\\/imprint-taja-marble\\\/\"]}]},{\"@type\":\"BreadcrumbList\",\"@id\":\"https:\\\/\\\/tajamarble.com\\\/imprint-taja-marble\\\/#breadcrumb\",\"itemListElement\":[{\"@type\":\"ListItem\",\"position\":1,\"name\":\"Ana sayfa\",\"item\":\"https:\\\/\\\/tajamarble.com\\\/\"},{\"@type\":\"ListItem\",\"position\":2,\"name\":\"Imprint Taja Marble\"}]},{\"@type\":\"WebSite\",\"@id\":\"https:\\\/\\\/tajamarble.com\\\/#website\",\"url\":\"https:\\\/\\\/tajamarble.com\\\/\",\"name\":\"Taja Marble by Kemaloglu\",\"description\":\"Turkish Natural Stone Supplier\",\"publisher\":{\"@id\":\"https:\\\/\\\/tajamarble.com\\\/#organization\"},\"potentialAction\":[{\"@type\":\"SearchAction\",\"target\":{\"@type\":\"EntryPoint\",\"urlTemplate\":\"https:\\\/\\\/tajamarble.com\\\/?s={search_term_string}\"},\"query-input\":{\"@type\":\"PropertyValueSpecification\",\"valueRequired\":true,\"valueName\":\"search_term_string\"}}],\"inLanguage\":\"tr\"},{\"@type\":\"Organization\",\"@id\":\"https:\\\/\\\/tajamarble.com\\\/#organization\",\"name\":\"TAJA MARBLE\",\"url\":\"https:\\\/\\\/tajamarble.com\\\/\",\"logo\":{\"@type\":\"ImageObject\",\"inLanguage\":\"tr\",\"@id\":\"https:\\\/\\\/tajamarble.com\\\/#\\\/schema\\\/logo\\\/image\\\/\",\"url\":\"https:\\\/\\\/i0.wp.com\\\/tajamarble.com\\\/wp-content\\\/uploads\\\/2018\\\/09\\\/yeni-logo.png?fit=546%2C365&ssl=1\",\"contentUrl\":\"https:\\\/\\\/i0.wp.com\\\/tajamarble.com\\\/wp-content\\\/uploads\\\/2018\\\/09\\\/yeni-logo.png?fit=546%2C365&ssl=1\",\"width\":546,\"height\":365,\"caption\":\"TAJA MARBLE\"},\"image\":{\"@id\":\"https:\\\/\\\/tajamarble.com\\\/#\\\/schema\\\/logo\\\/image\\\/\"}}]}<\/script>\n<!-- \/ Yoast SEO plugin. -->","yoast_head_json":{"title":"Imprint Taja Marble | Taja Marble by Kemaloglu - Turkish Natural Stone Supplier","description":"Web sitesinde verilen bilgiler dikkatlice kontrol edilmi\u015f ve d\u00fczenli olarak g\u00fcncellenmektedir. Bu web sitesinde verilen bilgilerin eksiksiz,","robots":{"index":"index","follow":"follow","max-snippet":"max-snippet:-1","max-image-preview":"max-image-preview:large","max-video-preview":"max-video-preview:-1"},"canonical":"https:\/\/tajamarble.com\/imprint-taja-marble\/","og_locale":"tr_TR","og_type":"article","og_title":"Imprint Taja Marble | Taja Marble by Kemaloglu - Turkish Natural Stone Supplier","og_description":"Web sitesinde verilen bilgiler dikkatlice kontrol edilmi\u015f ve d\u00fczenli olarak g\u00fcncellenmektedir. Bu web sitesinde verilen bilgilerin eksiksiz,","og_url":"https:\/\/tajamarble.com\/imprint-taja-marble\/","og_site_name":"Taja Marble by Kemaloglu - Turkish Natural Stone Supplier","article_modified_time":"2024-10-11T09:54:27+00:00","twitter_card":"summary_large_image","twitter_misc":{"Tahmini okuma s\u00fcresi":"2 dakika"},"schema":{"@context":"https:\/\/schema.org","@graph":[{"@type":"WebPage","@id":"https:\/\/tajamarble.com\/imprint-taja-marble\/","url":"https:\/\/tajamarble.com\/imprint-taja-marble\/","name":"Imprint Taja Marble | Taja Marble by Kemaloglu - Turkish Natural Stone Supplier","isPartOf":{"@id":"https:\/\/tajamarble.com\/#website"},"datePublished":"2019-12-15T19:15:18+00:00","dateModified":"2024-10-11T09:54:27+00:00","description":"The information provided on the website has been carefully checked and is updated regularly. There can be no assurance can be given that th","breadcrumb":{"@id":"https:\/\/tajamarble.com\/imprint-taja-marble\/#breadcrumb"},"inLanguage":"tr","potentialAction":[{"@type":"ReadAction","target":["https:\/\/tajamarble.com\/imprint-taja-marble\/"]}]},{"@type":"BreadcrumbList","@id":"https:\/\/tajamarble.com\/imprint-taja-marble\/#breadcrumb","itemListElement":[{"@type":"ListItem","position":1,"name":"Ana sayfa","item":"https:\/\/tajamarble.com\/"},{"@type":"ListItem","position":2,"name":"Imprint Taja Marble"}]},{"@type":"WebSite","@id":"https:\/\/tajamarble.com\/#website","url":"https:\/\/tajamarble.com\/","name":"Taja Marble by Kemaloglu","description":"Turkish Natural Stone Supplier","publisher":{"@id":"https:\/\/tajamarble.com\/#organization"},"potentialAction":[{"@type":"SearchAction","target":{"@type":"EntryPoint","urlTemplate":"https:\/\/tajamarble.com\/?s={search_term_string}"},"query-input":{"@type":"PropertyValueSpecification","valueRequired":true,"valueName":"search_term_string"}}],"inLanguage":"tr"},{"@type":"Organization","@id":"https:\/\/tajamarble.com\/#organization","name":"TAJA MARBLE","url":"https:\/\/tajamarble.com\/","logo":{"@type":"ImageObject","inLanguage":"tr","@id":"https:\/\/tajamarble.com\/#\/schema\/logo\/image\/","url":"https:\/\/i0.wp.com\/tajamarble.com\/wp-content\/uploads\/2018\/09\/yeni-logo.png?fit=546%2C365&ssl=1","contentUrl":"https:\/\/i0.wp.com\/tajamarble.com\/wp-content\/uploads\/2018\/09\/yeni-logo.png?fit=546%2C365&ssl=1","width":546,"height":365,"caption":"TAJA MARBLE"},"image":{"@id":"https:\/\/tajamarble.com\/#\/schema\/logo\/image\/"}}]}},"_links":{"self":[{"href":"https:\/\/tajamarble.com\/tr\/wp-json\/wp\/v2\/pages\/8723","targetHints":{"allow":["GET"]}}],"collection":[{"href":"https:\/\/tajamarble.com\/tr\/wp-json\/wp\/v2\/pages"}],"about":[{"href":"https:\/\/tajamarble.com\/tr\/wp-json\/wp\/v2\/types\/page"}],"author":[{"embeddable":true,"href":"https:\/\/tajamarble.com\/tr\/wp-json\/wp\/v2\/users\/2"}],"replies":[{"embeddable":true,"href":"https:\/\/tajamarble.com\/tr\/wp-json\/wp\/v2\/comments?post=8723"}],"version-history":[{"count":9,"href":"https:\/\/tajamarble.com\/tr\/wp-json\/wp\/v2\/pages\/8723\/revisions"}],"predecessor-version":[{"id":19747,"href":"https:\/\/tajamarble.com\/tr\/wp-json\/wp\/v2\/pages\/8723\/revisions\/19747"}],"wp:attachment":[{"href":"https:\/\/tajamarble.com\/tr\/wp-json\/wp\/v2\/media?parent=8723"}],"curies":[{"name":"wp","href":"https:\/\/api.w.org\/{rel}","templated":true}]}}